{"id":3592,"date":"2025-11-21T09:57:58","date_gmt":"2025-11-21T01:57:58","guid":{"rendered":"https:\/\/minghanggroup.com\/?post_type=product&#038;p=3592"},"modified":"2026-01-20T14:03:49","modified_gmt":"2026-01-20T06:03:49","slug":"empty-brown-swing-top-bottles-wholesale","status":"publish","type":"product","link":"https:\/\/minghanggroup.com\/it\/prodotto\/empty-brown-swing-top-bottles-wholesale\/","title":{"rendered":"Bottiglie vuote marroni con tappo a vite da 485 ml all&#039;ingrosso"},"content":{"rendered":"<p>Le bottiglie marroni con tappo a vite realizzate in vetro marrone scuro hanno una forma sottile e allungata e un tappo a scatto in metallo, il che le rende la scelta migliore per conservare birra artigianale, birra fatta in casa o qualsiasi altro tipo di bevanda speciale.<\/p>\n<h2>Caratteristiche del prodotto<\/h2>\n<ul>\n<li><strong>Materiale del vetro marrone:<\/strong> Una delle funzioni pi\u00f9 importanti del vetro marrone \u00e8 quella di proteggere completamente il prodotto contenuto (come birra o salse) dagli effetti dannosi della luce e, allo stesso tempo, di conferire al prodotto un aspetto antico.<\/li>\n<li><strong>Forma della bottiglia allungata:<\/strong> Il design sottile e accattivante lo rende molto comodo da trasportare e riporre, la scelta perfetta per la preparazione casalinga della birra e la conservazione delle bevande.<\/li>\n<li><strong>Design di tenuta a scatto:<\/strong> Dotato di un tappo a scatto in metallo rosso e bianco, offre un&#039;ottima tenuta, mantiene il contenuto fresco a lungo ed \u00e8 molto semplice da usare a mano.<\/li>\n<\/ul>\n<h2 style=\"text-align: left;\">Specifiche chiave<\/h2>\n<table class=\"aligncenter\" style=\"border-collapse: collapse; width: 426.02pt;\" border=\"0\" width=\"568\" cellspacing=\"0\" cellpadding=\"0\">\n<tbody>\n<tr style=\"height: 13.50pt;\">\n<td style=\"height: 13.50pt; width: 105.75pt;\" width=\"141\" height=\"18\">Caratteristica<\/td>\n<td style=\"width: 320.25pt;\" width=\"427\">Dettagli<\/td>\n<\/tr>\n<tr style=\"height: 13.50pt;\">\n<td style=\"height: 13.50pt;\" height=\"18\">Capacit\u00e0<\/td>\n<td>485 ml (16,4 once)<\/td>\n<\/tr>\n<tr style=\"height: 13.50pt;\">\n<td style=\"height: 13.50pt;\" height=\"18\">Dimensioni<\/td>\n<td>7,75 cm di diametro \u00d7 22,3 cm di altezza<\/td>\n<\/tr>\n<tr style=\"height: 13.50pt;\">\n<td style=\"height: 13.50pt;\" height=\"18\">Materiale<\/td>\n<td>Vetro sodico-calcico ambrato (marrone)<\/td>\n<\/tr>\n<tr style=\"height: 13.50pt;\">\n<td style=\"height: 13.50pt;\" height=\"18\">Adatto per<\/td>\n<td>Bottiglie con tappo a vite all&#039;ingrosso, bottiglie di vetro con tappo a scatto<\/td>\n<\/tr>\n<\/tbody>\n<\/table>\n<h2>Storia di successo: una soluzione per un birrificio artigianale<\/h2>\n<p>Un birrificio artigianale desiderava una bottiglia che li aiutasse a evitare che la loro birra IPA emanasse cattivo odore quando esposta in negozio. La bottiglia marrone da 485 ml con tappo a vite della nostra azienda \u00e8 stata la scelta finale. L&#039;elemento di protezione UV \u00e8 stato subito apprezzato dai clienti, tanto che non ci sono state lamentele riguardo all&#039;odore. L&#039;ermeticit\u00e0 ottenuta ha prolungato la durata di conservazione del prodotto del 25%. Inoltre, l&#039;aspetto unico e pregiato del prodotto ha portato a un aumento del 12% degli acquisti non programmati. Pertanto, il birrificio ha effettuato un ordine aggiuntivo di oltre 500.000 bottiglie per riempire l&#039;intera linea di prodotti principali, sfruttando questo sostanziale effetto positivo.<\/p>\n<h2>Decora le bottiglie con tappo a vite per rappresentare il tuo marchio<\/h2>\n<ul>\n<li><strong>Colori personalizzati:<\/strong> La tonalit\u00e0 del vetro marrone pu\u00f2 essere personalizzata, dall&#039;ambra chiaro al marrone scuro.<\/li>\n<li><strong>Logo del marchio tramite incisione ad acido:<\/strong> Personalizza il tuo marchio con un logo satinato elegante e permanente sul vetro, molto trendy e che conferisce un tocco di esclusivit\u00e0.<\/li>\n<li><strong>Serigrafia su ceramica:<\/strong> Crea loghi resistenti, codificati a colori, che resistono al lavaggio e all&#039;uso continuo, ideali per creare design vivaci.<\/li>\n<li><strong>Opzioni colore sughero:<\/strong> Disponibili in una variet\u00e0 di colori (ad esempio, nero o marrone chiaro) per tappi in ceramica che pubblicizzano delicatamente il tuo marchio.<\/li>\n<\/ul>\n<p>Se hai bisogno di bottiglie con tappo a vite all&#039;ingrosso, non esitare a contattarci per questa bottiglia con tappo a vite da 485 ml per ottenere il miglior prezzo.<\/p>","protected":false},"excerpt":{"rendered":"<p>Bottiglie resistenti con tappo a vite all&#039;ingrosso, bottiglie marroni con tappo a vite ideali per bevande, salse e prodotti fermentati. Approfitta di offerte esclusive all&#039;ingrosso sugli ordini all&#039;ingrosso.<\/p>","protected":false},"featured_media":3597,"template":"","meta":{"postBodyCss":"","postBodyMargin":[],"postBodyPadding":[],"postBodyBackground":{"backgroundType":"classic","gradient":""}},"product_brand":[],"product_cat":[15,16,56],"product_tag":[79,72,78],"class_list":{"0":"post-3592","1":"product","2":"type-product","3":"status-publish","4":"has-post-thumbnail","6":"product_cat-glass-containers","7":"product_cat-glass-bottles","8":"product_cat-flip-top-bottles","9":"product_tag-beer-bottles","10":"product_tag-juice-bottles","11":"product_tag-water-bottles","13":"first","14":"instock","15":"shipping-taxable","16":"product-type-simple"},"jetpack_sharing_enabled":true,"_links":{"self":[{"href":"https:\/\/minghanggroup.com\/it\/wp-json\/wp\/v2\/product\/3592","targetHints":{"allow":["GET"]}}],"collection":[{"href":"https:\/\/minghanggroup.com\/it\/wp-json\/wp\/v2\/product"}],"about":[{"href":"https:\/\/minghanggroup.com\/it\/wp-json\/wp\/v2\/types\/product"}],"wp:featuredmedia":[{"embeddable":true,"href":"https:\/\/minghanggroup.com\/it\/wp-json\/wp\/v2\/media\/3597"}],"wp:attachment":[{"href":"https:\/\/minghanggroup.com\/it\/wp-json\/wp\/v2\/media?parent=3592"}],"wp:term":[{"taxonomy":"product_brand","embeddable":true,"href":"https:\/\/minghanggroup.com\/it\/wp-json\/wp\/v2\/product_brand?post=3592"},{"taxonomy":"product_cat","embeddable":true,"href":"https:\/\/minghanggroup.com\/it\/wp-json\/wp\/v2\/product_cat?post=3592"},{"taxonomy":"product_tag","embeddable":true,"href":"https:\/\/minghanggroup.com\/it\/wp-json\/wp\/v2\/product_tag?post=3592"}],"curies":[{"name":"wp","href":"https:\/\/api.w.org\/{rel}","templated":true}]}}