{"id":3581,"date":"2025-11-20T16:42:54","date_gmt":"2025-11-20T08:42:54","guid":{"rendered":"https:\/\/minghanggroup.com\/?post_type=product&#038;p=3581"},"modified":"2026-01-20T14:04:03","modified_gmt":"2026-01-20T06:04:03","slug":"bulk-vertical-stripes-empty-fermentation-bottles","status":"publish","type":"product","link":"https:\/\/minghanggroup.com\/it\/prodotto\/bulk-vertical-stripes-empty-fermentation-bottles\/","title":{"rendered":"Bottiglie di fermentazione vuote a strisce verticali da 16 oz e 32 oz"},"content":{"rendered":"<p>Queste bottiglie per la fermentazione sono realizzate in vetro trasparente con un elegante motivo a righe verticali e hanno tappi arancioni fissati con bottoni automatici in metallo. Inoltre, sono disponibili in due diverse dimensioni.<\/p>\n<h2>Caratteristiche del prodotto<\/h2>\n<ul>\n<li><strong>Disegno a strisce verticali:<\/strong> Il design a strisce verticali non solo abbellisce il marchio del prodotto e ne aumenta la riconoscibilit\u00e0, ma ne aumenta anche la presa.<\/li>\n<li><strong>Design di tenuta a scatto:<\/strong> Il tappo arancione a scatto della bottiglia \u00e8 fissato con bottoni automatici in metallo che garantiscono la migliore tenuta, mantenendo cos\u00ec in modo efficiente la freschezza del liquido all&#039;interno; inoltre, la bottiglia \u00e8 facile da aprire e chiudere.<\/li>\n<li><strong>Disponibili due misure:<\/strong> Sono disponibili due misure per soddisfare diverse esigenze di stoccaggio e contenere diversi tipi di liquidi, come succhi e bevande.<\/li>\n<\/ul>\n<h2 style=\"text-align: left;\">Specifiche chiave<\/h2>\n<table class=\"aligncenter\" style=\"border-collapse: collapse; width: 528.77pt;\" border=\"0\" width=\"705\" cellspacing=\"0\" cellpadding=\"0\">\n<tbody>\n<tr style=\"height: 13.50pt;\">\n<td style=\"height: 13.50pt; width: 168.00pt;\" width=\"224\" height=\"18\">Caratteristica<\/td>\n<td style=\"width: 360.75pt;\" width=\"481\">Dettagli<\/td>\n<\/tr>\n<tr style=\"height: 13.50pt;\">\n<td style=\"height: 13.50pt;\" height=\"18\">Capacit\u00e0 e dimensioni<\/td>\n<td>500 ml (16 oz) 7 cm \u00d7 26,6 cm\/1000 ml (34 oz) 8,5 cm \u00d7 31,5 cm<\/td>\n<\/tr>\n<tr style=\"height: 13.50pt;\">\n<td style=\"height: 13.50pt;\" height=\"18\">Tipo di vetro<\/td>\n<td>Vetro sodico-calcico trasparente con struttura a coste verticali<\/td>\n<\/tr>\n<tr style=\"height: 13.50pt;\">\n<td style=\"height: 13.50pt;\" height=\"18\">Ideale per<\/td>\n<td>Bottiglie di fermentazione, bottiglie con tappo a vite<\/td>\n<\/tr>\n<\/tbody>\n<\/table>\n<h2>Storia di successo: espansione di un&#039;azienda di kombucha<\/h2>\n<p>In brevissimo tempo, un produttore di kombucha &#034;natura del mese&#034; ha avuto un disperato bisogno di bottiglie di fermentazione affidabili, cos\u00ec ha deciso di utilizzare le nostre bottiglie con tappo a vite da 1000 ml sia per la fermentazione primaria che per quella secondaria. L&#039;aspetto pi\u00f9 significativo, senza dubbio, \u00e8 la sua chiusura ermetica resistente alla pressione, che riduce del 20% il deterioramento del lotto causato da rotture della chiusura ermetica, garantendo cos\u00ec la sicurezza del prodotto sigillato. Il design a strisce verticali riduce del 15% gli incidenti sulla linea di produzione perch\u00e9 \u00e8 pi\u00f9 facile da impugnare per i dipendenti. Il cliente \u00e8 estremamente soddisfatto del prodotto e ha recentemente effettuato un ordine aggiuntivo di 300.000 bottiglie per supportarne il lancio nei suoi principali canali di vendita al dettaglio.<\/p>\n<h2>Creazione della tua bottiglia di fermentazione personalizzata<\/h2>\n<ul>\n<li><strong>Colore del vetro:<\/strong> Se intendi fermentare prodotti sensibili alla luce (birra o vino) e vuoi proteggerli dai raggi UV, opta per il vetro ambrato.<\/li>\n<li><strong>Marcatura con incisione acida:<\/strong> Crea un&#039;impressione di tendenza, durevole e di alta qualit\u00e0 incidendo il vetro con un&#039;area satinata antiscivolo permanente.<\/li>\n<li><strong>Impronta del collo:<\/strong> Incidere sul collo piccoli numeri di lotto o indicazioni di capacit\u00e0 per conferirgli uno stile professionale e pratico.<\/li>\n<li><strong>Finitura opaca:<\/strong> Applicando una finitura opaca su tutto il vetro si ottiene una consistenza morbida e distintiva, diversa dal resto.<\/li>\n<\/ul>","protected":false},"excerpt":{"rendered":"<p>Bottiglie per la fermentazione di alta qualit\u00e0, con design in vetro a righe verticali e chiusura a scatto sicura. Disponibili ora con spedizione rapida in tutto il mondo.<\/p>","protected":false},"featured_media":3584,"template":"","meta":{"postBodyCss":"","postBodyMargin":[],"postBodyPadding":[],"postBodyBackground":{"backgroundType":"classic","gradient":""}},"product_brand":[],"product_cat":[15,16,56],"product_tag":[72,78],"class_list":{"0":"post-3581","1":"product","2":"type-product","3":"status-publish","4":"has-post-thumbnail","6":"product_cat-glass-containers","7":"product_cat-glass-bottles","8":"product_cat-flip-top-bottles","9":"product_tag-juice-bottles","10":"product_tag-water-bottles","12":"first","13":"instock","14":"shipping-taxable","15":"product-type-simple"},"jetpack_sharing_enabled":true,"_links":{"self":[{"href":"https:\/\/minghanggroup.com\/it\/wp-json\/wp\/v2\/product\/3581","targetHints":{"allow":["GET"]}}],"collection":[{"href":"https:\/\/minghanggroup.com\/it\/wp-json\/wp\/v2\/product"}],"about":[{"href":"https:\/\/minghanggroup.com\/it\/wp-json\/wp\/v2\/types\/product"}],"wp:featuredmedia":[{"embeddable":true,"href":"https:\/\/minghanggroup.com\/it\/wp-json\/wp\/v2\/media\/3584"}],"wp:attachment":[{"href":"https:\/\/minghanggroup.com\/it\/wp-json\/wp\/v2\/media?parent=3581"}],"wp:term":[{"taxonomy":"product_brand","embeddable":true,"href":"https:\/\/minghanggroup.com\/it\/wp-json\/wp\/v2\/product_brand?post=3581"},{"taxonomy":"product_cat","embeddable":true,"href":"https:\/\/minghanggroup.com\/it\/wp-json\/wp\/v2\/product_cat?post=3581"},{"taxonomy":"product_tag","embeddable":true,"href":"https:\/\/minghanggroup.com\/it\/wp-json\/wp\/v2\/product_tag?post=3581"}],"curies":[{"name":"wp","href":"https:\/\/api.w.org\/{rel}","templated":true}]}}