{"id":3575,"date":"2025-11-20T16:53:06","date_gmt":"2025-11-20T08:53:06","guid":{"rendered":"https:\/\/minghanggroup.com\/?post_type=product&#038;p=3575"},"modified":"2025-11-20T16:53:06","modified_gmt":"2025-11-20T08:53:06","slug":"wide-mouth-storage-jar-for-pickles-bulk","status":"publish","type":"product","link":"https:\/\/minghanggroup.com\/it\/prodotto\/wide-mouth-storage-jar-for-pickles-bulk\/","title":{"rendered":"Barattolo per sottaceti sfusi a bocca larga da 80 ml a 200 ml"},"content":{"rendered":"<p>Non continuare a sprecare soldi in confezioni noiose che riducono il valore del tuo marchio. I nostri contenitori per alimenti eleganti e funzionali sono realizzati con barattoli di vetro a doppia apertura di alta qualit\u00e0 per sottaceti, che non solo mantengono freschi i tuoi cetrioli sottaceto, ma migliorano anche la tua conservazione. Non sono semplici barattoli; sono la nuova arma segreta del tuo marchio per il packaging alimentare.<\/p>\n<h2>Caratteristiche del prodotto<\/h2>\n<ol>\n<li><strong>Design classico a doppio orecchio:<\/strong>Il nostro tipico design a doppia orecchie \u00e8 caratterizzato dalla maneggevolezza pi\u00f9 normale del barattolo e da un aspetto classico, che contribuir\u00e0 a rendere il tuo marchio pi\u00f9 attraente.<\/li>\n<li><strong>Chiarezza cristallina:<\/strong>Il vetro trasparente \u00e8 il contenitore ideale per le verdure sottaceto, poich\u00e9 il loro colore vivace \u00e8 immediatamente visibile dall&#039;esterno.<\/li>\n<li><strong>Coperchio metallico sicuro:<\/strong>Il coperchio in metallo rosso brillante con chiusura ermetica mantiene i sottaceti appena preparati freschi e gustosi, cos\u00ec puoi inscatolare e mettere sottaceto senza preoccupazioni.<\/li>\n<\/ol>\n<h2>Specifiche chiave<\/h2>\n<table style=\"border-collapse: collapse; width: 80%; margin-left: auto; margin-right: auto;\" border=\"0\" width=\"216\" cellspacing=\"0\" cellpadding=\"0\">\n<tbody>\n<tr style=\"height: 13.50pt;\">\n<td style=\"height: 13.5pt; width: 54pt; text-align: center;\" width=\"72\" height=\"18\">Capacit\u00e0 (ml)<\/td>\n<td style=\"width: 54pt; text-align: center;\" width=\"72\">Dimensioni (cm)<\/td>\n<td style=\"width: 54pt; text-align: center;\" width=\"72\">Forma<\/td>\n<\/tr>\n<tr style=\"height: 13.50pt;\">\n<td style=\"height: 13.5pt; text-align: center;\" align=\"right\" height=\"18\">80<\/td>\n<td style=\"text-align: center;\">6,9 x 4,4<\/td>\n<td class=\"et2\" style=\"text-align: center;\" rowspan=\"4\">Girare<\/td>\n<\/tr>\n<tr style=\"height: 13.50pt;\">\n<td style=\"height: 13.5pt; text-align: center;\" align=\"right\" height=\"18\">100<\/td>\n<td style=\"text-align: center;\">7,6 x 4,6<\/td>\n<\/tr>\n<tr style=\"height: 13.50pt;\">\n<td style=\"height: 13.5pt; text-align: center;\" align=\"right\" height=\"18\">150<\/td>\n<td style=\"text-align: center;\">8,0 x 5,4<\/td>\n<\/tr>\n<tr style=\"height: 13.50pt;\">\n<td style=\"height: 13.5pt; text-align: center;\" align=\"right\" height=\"18\">200<\/td>\n<td style=\"text-align: center;\">8,9 x 5,5<\/td>\n<\/tr>\n<\/tbody>\n<\/table>\n<h2>Caso di successo<\/h2>\n<p>Un famoso marchio alimentare in Argentina confezionava i suoi prodotti in plastica piuttosto semplice e priva di sigilli adeguati, da qui il basso tasso di riacquisto. Si sono rivolti a noi per aiutarli a creare questo barattolo di vetro spesso per sottaceti. Il barattolo trasparente \u00e8 un ottimo modo per mettere in mostra il prodotto, ovvero peperoncini e fagiolini. Lo stesso tappo a vite rosso resistente al calore e il marchio impresso rendono il prodotto ancora pi\u00f9 attraente sullo scaffale.<\/p>\n<p>Dopo 3 mesi dal lancio, le vendite dei loro prodotti sottaceto sono cresciute del 28%.<\/p>\n<h2>I tuoi suggerimenti per la personalizzazione<\/h2>\n<p>Nel caso in cui questo barattolo per sottaceti sia un elemento che desideri valorizzare ulteriormente, puoi concentrarti sulla capacit\u00e0, sullo spessore della bottiglia e sulla trasparenza del barattolo. A seconda del colore del prodotto, puoi scegliere una versione in vetro brillante o una versione in vetro pi\u00f9 sobrio, e per valorizzare il materiale, puoi utilizzare un tappo in metallo personalizzato o galvanizzato. Inoltre, puoi far risaltare di pi\u00f9 il barattolo in vetro per sottaceti sullo scaffale aggiungendo speciali motivi in \u200b\u200brilievo sulla spalla o sul fondo della bottiglia. Inoltre, etichette colorate, guarnizioni antideflagranti o confezioni combinate possono essere personalizzate per un aspetto generale pi\u00f9 coerente, ad esempio per i canali di e-commerce o di confezioni regalo.<\/p>","protected":false},"excerpt":{"rendered":"<p>Il barattolo per sottaceti \u00e8 realizzato in vetro spesso per uso alimentare. Questo barattolo in vetro per sottaceti supporta ordini all&#039;ingrosso, forniture dirette dalla fabbrica e coperchi e marchi personalizzabili.<\/p>","protected":false},"featured_media":3576,"template":"","meta":{"postBodyCss":"","postBodyMargin":[],"postBodyPadding":[],"postBodyBackground":{"backgroundType":"classic","gradient":""}},"product_brand":[],"product_cat":[15,17,55],"product_tag":[],"class_list":{"0":"post-3575","1":"product","2":"type-product","3":"status-publish","4":"has-post-thumbnail","6":"product_cat-glass-containers","7":"product_cat-glass-jars","8":"product_cat-pickle-jars","10":"first","11":"instock","12":"shipping-taxable","13":"product-type-simple"},"jetpack_sharing_enabled":true,"_links":{"self":[{"href":"https:\/\/minghanggroup.com\/it\/wp-json\/wp\/v2\/product\/3575","targetHints":{"allow":["GET"]}}],"collection":[{"href":"https:\/\/minghanggroup.com\/it\/wp-json\/wp\/v2\/product"}],"about":[{"href":"https:\/\/minghanggroup.com\/it\/wp-json\/wp\/v2\/types\/product"}],"wp:featuredmedia":[{"embeddable":true,"href":"https:\/\/minghanggroup.com\/it\/wp-json\/wp\/v2\/media\/3576"}],"wp:attachment":[{"href":"https:\/\/minghanggroup.com\/it\/wp-json\/wp\/v2\/media?parent=3575"}],"wp:term":[{"taxonomy":"product_brand","embeddable":true,"href":"https:\/\/minghanggroup.com\/it\/wp-json\/wp\/v2\/product_brand?post=3575"},{"taxonomy":"product_cat","embeddable":true,"href":"https:\/\/minghanggroup.com\/it\/wp-json\/wp\/v2\/product_cat?post=3575"},{"taxonomy":"product_tag","embeddable":true,"href":"https:\/\/minghanggroup.com\/it\/wp-json\/wp\/v2\/product_tag?post=3575"}],"curies":[{"name":"wp","href":"https:\/\/api.w.org\/{rel}","templated":true}]}}