{"id":3566,"date":"2025-11-20T14:44:56","date_gmt":"2025-11-20T06:44:56","guid":{"rendered":"https:\/\/minghanggroup.com\/?post_type=product&#038;p=3566"},"modified":"2026-01-20T14:04:52","modified_gmt":"2026-01-20T06:04:52","slug":"wholesale-glass-flip-top-water-bottles-with-handle","status":"publish","type":"product","link":"https:\/\/minghanggroup.com\/it\/prodotto\/wholesale-glass-flip-top-water-bottles-with-handle\/","title":{"rendered":"Bottiglie d&#039;acqua in vetro con tappo a scatto all&#039;ingrosso con manico da 250 ml, 350 ml e 500 ml"},"content":{"rendered":"<p>Queste bottiglie d&#039;acqua con tappo a scatto sono realizzate in vetro trasparente e hanno una pratica maniglia per il trasporto a mano. Il coperchio \u00e8 fissato con una chiusura metallica. Queste bottiglie con tappo a scatto possono essere ideali per contenere bevande gassate, acqua aromatizzata alla frutta o per l&#039;idratazione regolare del corpo.<\/p>\n<h2>Caratteristiche del prodotto<\/h2>\n<ul>\n<li><strong>Materiale in vetro trasparente:<\/strong> La bottiglia \u00e8 realizzata in vetro trasparente, il che rende pi\u00f9 facile vedere visivamente il colore, la quantit\u00e0 di liquido e se \u00e8 frizzante o meno.<\/li>\n<li><strong>Idea di gestione:<\/strong> La bottiglia \u00e8 dotata di una maniglia che ne facilita la presa e ne rende pi\u00f9 comodo il trasporto. Inoltre, \u00e8 stata ampliata la superficie del prodotto, solitamente utilizzata per scopi di marketing.<\/li>\n<li><strong>Gamma delle tre dimensioni:<\/strong> Grazie alle dimensioni piccole, medie e grandi, \u00e8 possibile soddisfare diverse esigenze di conservazione, ad esempio di acqua frizzante, bevande e altri liquidi.<\/li>\n<\/ul>\n<h2 style=\"text-align: left;\">Specifiche chiave<\/h2>\n<table class=\"aligncenter\" style=\"border-collapse: collapse; width: 724.52pt;\" border=\"0\" width=\"966\" cellspacing=\"0\" cellpadding=\"0\">\n<tbody>\n<tr style=\"height: 13.50pt;\">\n<td style=\"height: 13.50pt; width: 142.50pt;\" width=\"190\" height=\"18\">Caratteristica<\/td>\n<td style=\"width: 582.00pt;\" width=\"776\">Dettagli<\/td>\n<\/tr>\n<tr style=\"height: 13.50pt;\">\n<td style=\"height: 13.50pt;\" height=\"18\">Capacit\u00e0 e dimensioni<\/td>\n<td>250 ml (8,5 oz) 6,7 \u00d7 17,2 cm\/350 ml (12 oz) 7,6 \u00d7 20 cm\/500 ml (17 oz) 8,7 \u00d7 21,8 cm<\/td>\n<\/tr>\n<tr style=\"height: 13.50pt;\">\n<td style=\"height: 13.50pt;\" height=\"18\">Materiale<\/td>\n<td>Vetro sodico-calcico trasparente con maniglia laterale stampata<\/td>\n<\/tr>\n<tr style=\"height: 13.50pt;\">\n<td style=\"height: 13.50pt;\" height=\"18\">Ideale per<\/td>\n<td>Bottiglia di vetro con tappo a scatto, bottiglie d&#039;acqua con tappo a scatto<\/td>\n<\/tr>\n<\/tbody>\n<\/table>\n<h2>Storia di successo<\/h2>\n<p>Un marchio di aceto essenziale e integratori alimentari, per il quale la confezione doveva essere non solo pratica ma anche accattivante come regalo, ha scelto le nostre bottiglie d&#039;acqua con tappo a vite da 350 ml e manico. Il design del manico \u00e8 un importante punto di forza di questa bottiglia, che consente di creare un&#039;elegante confezione regalo senza bisogno di una busta aggiuntiva. I test di controllo qualit\u00e0 hanno dimostrato che, dopo sei mesi di conservazione, i sigilli hanno mantenuto il 96% dell&#039;integrit\u00e0 del prodotto. Grazie alle dimensioni compatte, il volume degli acquisti per unit\u00e0 \u00e8 aumentato del 30%. Inoltre, hanno riscontrato una tendenza al ribasso del 20% nei reclami dei clienti relativi a perdite durante la spedizione. Essendo molto soddisfatti delle prestazioni del prodotto, hanno recentemente effettuato un altro ordine di 200.000 bottiglie.<\/p>\n<h2>Suggerimenti per la manipolazione delle bottiglie di vetro con tappo a scatto<\/h2>\n<ul>\n<li><strong>Colore della maniglia:<\/strong> Adatta il colore dell&#039;impugnatura in metallo rivestita in plastica in base alle tue esigenze di branding.<\/li>\n<li><strong>Pellicola oscurante per vetri:<\/strong> Se il contenuto \u00e8 sensibile alla luce o se il tuo prodotto ha bisogno di un aspetto unico, potresti optare per un vetro ambrato o blu cobalto.<\/li>\n<li><strong>Logo stampato:<\/strong> Posiziona il tuo logo sul fondo o sulla spalla della bottiglia.<\/li>\n<li><strong>Pannello etichetta:<\/strong> Un pannello per etichette piatte \u00e8 gi\u00e0 inserito nello stampo della bottiglia per un&#039;applicazione semplice e ordinata dell&#039;etichetta.<\/li>\n<\/ul>","protected":false},"excerpt":{"rendered":"<p>Queste bottiglie in vetro con tappo a scatto sono dotate di chiusure metalliche di sicurezza e sono disponibili in tre misure. Ideali per l&#039;acqua con tappo a scatto, con spedizione rapida per ordini all&#039;ingrosso.<\/p>","protected":false},"featured_media":3567,"template":"","meta":{"postBodyCss":"","postBodyMargin":[],"postBodyPadding":[],"postBodyBackground":{"backgroundType":"classic","gradient":""}},"product_brand":[],"product_cat":[15,16,56],"product_tag":[72,78],"class_list":{"0":"post-3566","1":"product","2":"type-product","3":"status-publish","4":"has-post-thumbnail","6":"product_cat-glass-containers","7":"product_cat-glass-bottles","8":"product_cat-flip-top-bottles","9":"product_tag-juice-bottles","10":"product_tag-water-bottles","12":"first","13":"instock","14":"shipping-taxable","15":"product-type-simple"},"jetpack_sharing_enabled":true,"_links":{"self":[{"href":"https:\/\/minghanggroup.com\/it\/wp-json\/wp\/v2\/product\/3566","targetHints":{"allow":["GET"]}}],"collection":[{"href":"https:\/\/minghanggroup.com\/it\/wp-json\/wp\/v2\/product"}],"about":[{"href":"https:\/\/minghanggroup.com\/it\/wp-json\/wp\/v2\/types\/product"}],"wp:featuredmedia":[{"embeddable":true,"href":"https:\/\/minghanggroup.com\/it\/wp-json\/wp\/v2\/media\/3567"}],"wp:attachment":[{"href":"https:\/\/minghanggroup.com\/it\/wp-json\/wp\/v2\/media?parent=3566"}],"wp:term":[{"taxonomy":"product_brand","embeddable":true,"href":"https:\/\/minghanggroup.com\/it\/wp-json\/wp\/v2\/product_brand?post=3566"},{"taxonomy":"product_cat","embeddable":true,"href":"https:\/\/minghanggroup.com\/it\/wp-json\/wp\/v2\/product_cat?post=3566"},{"taxonomy":"product_tag","embeddable":true,"href":"https:\/\/minghanggroup.com\/it\/wp-json\/wp\/v2\/product_tag?post=3566"}],"curies":[{"name":"wp","href":"https:\/\/api.w.org\/{rel}","templated":true}]}}