{"id":3561,"date":"2025-11-20T13:24:42","date_gmt":"2025-11-20T05:24:42","guid":{"rendered":"https:\/\/minghanggroup.com\/?post_type=product&#038;p=3561"},"modified":"2026-01-20T14:04:43","modified_gmt":"2026-01-20T06:04:43","slug":"custom-32-oz-swing-top-bottle-with-handle","status":"publish","type":"product","link":"https:\/\/minghanggroup.com\/it\/prodotto\/custom-32-oz-swing-top-bottle-with-handle\/","title":{"rendered":"Bottiglia di vetro personalizzata da 16 oz e 32 oz con tappo a vite e manico"},"content":{"rendered":"<p>Si tratta di bottiglie in vetro trasparente con tappo a vite e clip metalliche per tenere fermo il tappo. Non solo hanno un aspetto moderno e alla moda, ma garantiscono anche una chiusura salda e il vetro trasparente permette di vedere il contenuto senza alcun dubbio.<\/p>\n<h2>Caratteristiche del prodotto<\/h2>\n<ul>\n<li><strong>Materiale in vetro trasparente:<\/strong> Grazie al vetro trasparente \u00e8 molto semplice vedere il colore e la quantit\u00e0 del contenuto, il che \u00e8 utile anche per scopi di identificazione e ispezione.<\/li>\n<li><strong>Meccanismo di tenuta facile da usare:<\/strong> Grazie alle clip metalliche, queste bottiglie garantiscono una buona tenuta, mantenendo cos\u00ec efficacemente la freschezza del contenuto e consentendo di svolgere l&#039;operazione senza alcuna difficolt\u00e0.<\/li>\n<li><strong>Opzioni colore cappuccio:<\/strong> Per i tappi sono disponibili due opzioni di colore, ovvero nero e verde, cos\u00ec gli utenti possono decidere in base alle proprie preferenze o scopi, il che sar\u00e0 utile anche per l&#039;aggiornamento della gamma di prodotti.<\/li>\n<\/ul>\n<h2 style=\"text-align: left;\">Specifiche chiave<\/h2>\n<table class=\"aligncenter\" style=\"border-collapse: collapse; width: 392.27pt;\" border=\"0\" width=\"523\" cellspacing=\"0\" cellpadding=\"0\">\n<tbody>\n<tr style=\"height: 13.50pt;\">\n<td style=\"height: 13.50pt; width: 87.75pt;\" width=\"117\" height=\"18\">Caratteristica<\/td>\n<td style=\"width: 304.50pt;\" width=\"406\">Dettagli<\/td>\n<\/tr>\n<tr style=\"height: 13.50pt;\">\n<td style=\"height: 13.50pt;\" height=\"18\">Dimensioni<\/td>\n<td>500 ml (16 oz) 8 cm \u00d7 23 cm \/ 1000 ml (32 oz) 10 cm \u00d7 29 cm<\/td>\n<\/tr>\n<tr style=\"height: 13.50pt;\">\n<td style=\"height: 13.50pt;\" height=\"18\">Tipo di vetro<\/td>\n<td>Vetro sodico-calcico trasparente<\/td>\n<\/tr>\n<tr style=\"height: 13.50pt;\">\n<td style=\"height: 13.50pt;\" height=\"18\">Ideale per<\/td>\n<td>Produzione di birra, kombucha, soda, vinificazione<\/td>\n<\/tr>\n<\/tbody>\n<\/table>\n<h2>Storia di successo di Craft Soda<\/h2>\n<p>Una startup di bibite artigianali naturali aveva bisogno di una confezione che non solo mantenesse la forte frizzantezza, ma che rendesse anche il prodotto accattivante sullo scaffale. Hanno scelto le nostre bottiglie da 32 once con tappo a vite e manico. I risultati sono stati estremamente positivi: i test di stabilit\u00e0 hanno rivelato un livello di frizzantezza del 97% dopo 120 giorni, ben al di sopra degli standard del settore. L&#039;innovativo design del manico ha portato a un aumento del 40% dei tassi di conversione delle vendite rispetto al packaging precedente. Inoltre, hanno affermato che il tasso di rottura durante la spedizione \u00e8 stato ridotto del 25% grazie all&#039;impiego di bottiglie in vetro resistente. Il successo \u00e8 stato cos\u00ec enorme che di recente hanno effettuato un altro ordine di 350.000 bottiglie per facilitare la loro espansione a livello nazionale.<\/p>\n<h2>Personalizza le tue bottiglie con tappo a vite<\/h2>\n<ul>\n<li><strong>Colore del berretto:<\/strong> Scegli un tappo in metallo, come nero, oro o argento, che si abbini bene alla combinazione di colori del tuo marchio.<\/li>\n<li><strong>Colore della bottiglia:<\/strong> Utilizza bottiglie di vetro ambrato o verde, che sono pi\u00f9 adatte alla birra perch\u00e9 bloccano la luce, che pu\u00f2 farle perdere sapore e freschezza.<\/li>\n<li><strong>Decalcomania in ceramica (ACL):<\/strong> Rendi il tuo prodotto simile a uno stile Grolsch vintage con l&#039;etichetta in ceramica, un metodo estremamente resistente che consiste nel cuocerla direttamente sulla bottiglia di vetro.<\/li>\n<\/ul>\n<p>Siete pronti a ordinare all&#039;ingrosso bottiglie con tappo a vite? Contattateci per conoscere i prezzi all&#039;ingrosso delle bottiglie con tappo a vite da 16 e 32 once e per conoscere le opzioni di personalizzazione.<\/p>","protected":false},"excerpt":{"rendered":"<p>Le nostre bottiglie con tappo a vite da 16 oz e 32 oz sono dotate di corpo in vetro trasparente, maniglia e chiusura in metallo, offrendo una soluzione di bottiglia con tappo a vite di alta qualit\u00e0 con spedizione rapida.<\/p>","protected":false},"featured_media":3563,"template":"","meta":{"postBodyCss":"","postBodyMargin":[],"postBodyPadding":[],"postBodyBackground":{"backgroundType":"classic","gradient":""}},"product_brand":[],"product_cat":[15,16,56],"product_tag":[72],"class_list":{"0":"post-3561","1":"product","2":"type-product","3":"status-publish","4":"has-post-thumbnail","6":"product_cat-glass-containers","7":"product_cat-glass-bottles","8":"product_cat-flip-top-bottles","9":"product_tag-juice-bottles","11":"first","12":"instock","13":"shipping-taxable","14":"product-type-simple"},"jetpack_sharing_enabled":true,"_links":{"self":[{"href":"https:\/\/minghanggroup.com\/it\/wp-json\/wp\/v2\/product\/3561","targetHints":{"allow":["GET"]}}],"collection":[{"href":"https:\/\/minghanggroup.com\/it\/wp-json\/wp\/v2\/product"}],"about":[{"href":"https:\/\/minghanggroup.com\/it\/wp-json\/wp\/v2\/types\/product"}],"wp:featuredmedia":[{"embeddable":true,"href":"https:\/\/minghanggroup.com\/it\/wp-json\/wp\/v2\/media\/3563"}],"wp:attachment":[{"href":"https:\/\/minghanggroup.com\/it\/wp-json\/wp\/v2\/media?parent=3561"}],"wp:term":[{"taxonomy":"product_brand","embeddable":true,"href":"https:\/\/minghanggroup.com\/it\/wp-json\/wp\/v2\/product_brand?post=3561"},{"taxonomy":"product_cat","embeddable":true,"href":"https:\/\/minghanggroup.com\/it\/wp-json\/wp\/v2\/product_cat?post=3561"},{"taxonomy":"product_tag","embeddable":true,"href":"https:\/\/minghanggroup.com\/it\/wp-json\/wp\/v2\/product_tag?post=3561"}],"curies":[{"name":"wp","href":"https:\/\/api.w.org\/{rel}","templated":true}]}}