{"id":3556,"date":"2025-11-20T13:05:58","date_gmt":"2025-11-20T05:05:58","guid":{"rendered":"https:\/\/minghanggroup.com\/?post_type=product&#038;p=3556"},"modified":"2026-01-20T14:04:11","modified_gmt":"2026-01-20T06:04:11","slug":"bulk-empty-clear-glass-bottle-with-flip-tops","status":"publish","type":"product","link":"https:\/\/minghanggroup.com\/it\/prodotto\/bulk-empty-clear-glass-bottle-with-flip-tops\/","title":{"rendered":"Bottiglia vuota in vetro trasparente da 465 ml con tappo a scatto"},"content":{"rendered":"<p>Il flacone in vetro trasparente \u00e8 dotato di tappo flip-top, corpo incassato e tappo a scatto in metallo. Oltre a un&#039;ottima tenuta, presenta le caratteristiche accattivanti di una confezione alla moda.<\/p>\n<h2>Caratteristiche del prodotto<\/h2>\n<ul>\n<li><strong>Materiale del vetro trasparente:<\/strong> Il corpo in vetro trasparente consente di vedere facilmente il colore del liquido e il volume residuo, facilitando cos\u00ec sia l&#039;identificazione che l&#039;ispezione.<\/li>\n<li><strong>Design del corpo incassato:<\/strong> Il design incassato non solo abbellisce il prodotto e lo rende pi\u00f9 visibile, ma ne migliora anche la presa.<\/li>\n<li><strong>Design di tenuta a scatto:<\/strong> Dotato di tappo a scatto in metallo, garantisce un&#039;ottima tenuta e una facile apertura e chiusura.<\/li>\n<\/ul>\n<h2 style=\"text-align: left;\">Specifiche chiave<\/h2>\n<table class=\"aligncenter\" style=\"border-collapse: collapse; width: 370.52pt;\" border=\"0\" width=\"494\" cellspacing=\"0\" cellpadding=\"0\">\n<tbody>\n<tr style=\"height: 13.50pt;\">\n<td style=\"height: 13.50pt; width: 105.75pt;\" width=\"141\" height=\"18\">Specifica<\/td>\n<td style=\"width: 264.75pt;\" width=\"353\">Dettaglio<\/td>\n<\/tr>\n<tr style=\"height: 13.50pt;\">\n<td style=\"height: 13.50pt;\" height=\"18\">Capacit\u00e0<\/td>\n<td>465 ml<\/td>\n<\/tr>\n<tr style=\"height: 13.50pt;\">\n<td style=\"height: 13.50pt;\" height=\"18\">Dimensioni<\/td>\n<td>22,3 centimetri \u00d7 7,75 centimetri<\/td>\n<\/tr>\n<tr style=\"height: 13.50pt;\">\n<td style=\"height: 13.50pt;\" height=\"18\">Tipo di vetro<\/td>\n<td>Vetro sodico-calcico trasparente ad alta trasparenza<\/td>\n<\/tr>\n<tr style=\"height: 13.50pt;\">\n<td style=\"height: 13.50pt;\" height=\"18\">Ideale per<\/td>\n<td>Bottiglie con tappo a scatto, bottiglie con tappo a scatto<\/td>\n<\/tr>\n<\/tbody>\n<\/table>\n<h2>Storia di successo<\/h2>\n<p>Era un piccolo birrificio che produceva principalmente birre in stile belga e voleva confezionare la propria birra in modo da dimostrare il suo marchio come prodotto di alta gamma. Hanno pensato di optare per queste bottiglie da 465 ml con tappo flip-top. Dopo 120 giorni, il tappo flip-top \u00e8 ancora molto efficace e solo il 2% della carbonatazione \u00e8 andato perso. Il personale sulla linea di imbottigliamento \u00e8 riuscito a ridurre il numero di incidenti del 25% grazie all&#039;utilizzo del design del corpo incassato. Inoltre, hanno scoperto che il diverso aspetto delle bottiglie aveva portato a un aumento del 15% delle vendite al dettaglio rispetto alle bottiglie tradizionali. Il successo del lancio li ha spinti a effettuare un altro ordine di 300.000 bottiglie per agevolare l&#039;espansione del loro nuovo mercato.<\/p>\n<h2>Suggerimenti per la personalizzazione<\/h2>\n<ul>\n<li><strong>Colore dell&#039;anello di tenuta:<\/strong> Oltre al solito rosso, sono disponibili anche altri colori per l&#039;anello di tenuta in silicone.<\/li>\n<li><strong>Colore del vetro:<\/strong> Per i prodotti sensibili alla luce, come la birra, \u00e8 disponibile il vetro color ambra o verde.<\/li>\n<li><strong>Serigrafia:<\/strong> La grafica a colori, di lunga durata, \u00e8 stampata direttamente sulla superficie in vetro.<\/li>\n<li><strong>Effetto satinato:<\/strong> \u00c8 possibile ottenere un effetto opaco o satinato su tutto il vetro o su una parte di esso.<\/li>\n<\/ul>","protected":false},"excerpt":{"rendered":"<p>Mantieni fresche le tue bevande con questa elegante bottiglia in vetro trasparente, dotata di tappo a scatto e chiusura metallica di sicurezza. Pronta per spedizioni rapide e ordini all&#039;ingrosso.<\/p>","protected":false},"featured_media":3559,"template":"","meta":{"postBodyCss":"","postBodyMargin":[],"postBodyPadding":[],"postBodyBackground":{"backgroundType":"classic","gradient":""}},"product_brand":[],"product_cat":[15,16,56],"product_tag":[72,78],"class_list":{"0":"post-3556","1":"product","2":"type-product","3":"status-publish","4":"has-post-thumbnail","6":"product_cat-glass-containers","7":"product_cat-glass-bottles","8":"product_cat-flip-top-bottles","9":"product_tag-juice-bottles","10":"product_tag-water-bottles","12":"first","13":"instock","14":"shipping-taxable","15":"product-type-simple"},"jetpack_sharing_enabled":true,"_links":{"self":[{"href":"https:\/\/minghanggroup.com\/it\/wp-json\/wp\/v2\/product\/3556","targetHints":{"allow":["GET"]}}],"collection":[{"href":"https:\/\/minghanggroup.com\/it\/wp-json\/wp\/v2\/product"}],"about":[{"href":"https:\/\/minghanggroup.com\/it\/wp-json\/wp\/v2\/types\/product"}],"wp:featuredmedia":[{"embeddable":true,"href":"https:\/\/minghanggroup.com\/it\/wp-json\/wp\/v2\/media\/3559"}],"wp:attachment":[{"href":"https:\/\/minghanggroup.com\/it\/wp-json\/wp\/v2\/media?parent=3556"}],"wp:term":[{"taxonomy":"product_brand","embeddable":true,"href":"https:\/\/minghanggroup.com\/it\/wp-json\/wp\/v2\/product_brand?post=3556"},{"taxonomy":"product_cat","embeddable":true,"href":"https:\/\/minghanggroup.com\/it\/wp-json\/wp\/v2\/product_cat?post=3556"},{"taxonomy":"product_tag","embeddable":true,"href":"https:\/\/minghanggroup.com\/it\/wp-json\/wp\/v2\/product_tag?post=3556"}],"curies":[{"name":"wp","href":"https:\/\/api.w.org\/{rel}","templated":true}]}}