{"id":3482,"date":"2025-11-19T16:38:15","date_gmt":"2025-11-19T08:38:15","guid":{"rendered":"https:\/\/minghanggroup.com\/?post_type=product&#038;p=3482"},"modified":"2026-01-20T14:05:10","modified_gmt":"2026-01-20T06:05:10","slug":"wholesale-empty-clear-32-oz-flip-top-bottles","status":"publish","type":"product","link":"https:\/\/minghanggroup.com\/it\/prodotto\/wholesale-empty-clear-32-oz-flip-top-bottles\/","title":{"rendered":"Bottiglie vuote trasparenti da 32 once con tappo a scatto all&#039;ingrosso"},"content":{"rendered":"<p>Il design della bottiglia con tappo flip-top \u00e8 realizzato in vetro trasparente con un design raffinato e lineare. Pu\u00f2 contenere 32 once (circa 950 ml) ed \u00e8 dotata di un tappo a scatto in metallo, rendendo la bottiglia una perfetta combinazione di stile minimalista e funzionalit\u00e0.<\/p>\n<h2>Caratteristiche del prodotto<\/h2>\n<ul>\n<li><strong>Materiale trasparente in vetro:<\/strong> La bottiglia di vetro realizzata in materiale trasparente mette in bella mostra il liquido al suo interno, mentre il tappo a scatto mantiene il prodotto fresco.<\/li>\n<li><strong>Design di tenuta a scatto:<\/strong> Grazie al tappo metallico a scatto, la chiusura \u00e8 molto buona e quindi la freschezza della bevanda all&#039;interno viene mantenuta perfettamente.<\/li>\n<li><strong>Rispettoso dell&#039;ambiente:<\/strong> Il riutilizzo del vetro spesso, che \u00e8 anche resistente al calore e facile da pulire, \u00e8 sicuramente una buona idea.<\/li>\n<\/ul>\n<h2 style=\"text-align: left;\">Specifiche chiave<\/h2>\n<table class=\"aligncenter\" style=\"border-collapse: collapse; width: 375.02pt;\" border=\"0\" width=\"500\" cellspacing=\"0\" cellpadding=\"0\">\n<tbody>\n<tr style=\"height: 13.50pt;\">\n<td style=\"height: 13.50pt; width: 93.75pt;\" width=\"125\" height=\"18\">Specifica<\/td>\n<td style=\"width: 281.25pt;\" width=\"375\">Dettaglio<\/td>\n<\/tr>\n<tr style=\"height: 13.50pt;\">\n<td style=\"height: 13.50pt;\" height=\"18\">Capacit\u00e0<\/td>\n<td>1000 ml (32 once)<\/td>\n<\/tr>\n<tr style=\"height: 13.50pt;\">\n<td style=\"height: 13.50pt;\" height=\"18\">Dimensioni<\/td>\n<td>29,6 centimetri \u00d7 8,7 centimetri<\/td>\n<\/tr>\n<tr style=\"height: 13.50pt;\">\n<td style=\"height: 13.50pt;\" height=\"18\">Tipo di vetro<\/td>\n<td>Vetro sodico-calcico trasparente ad alta trasparenza<\/td>\n<\/tr>\n<tr style=\"height: 13.50pt;\">\n<td style=\"height: 13.50pt;\" height=\"18\">Ideale per<\/td>\n<td>Bottiglie con tappo a vite, contenitori in vetro<\/td>\n<\/tr>\n<\/tbody>\n<\/table>\n<h2>Aggiornamento del packaging dell&#039;azienda Kombucha: una storia di successo<\/h2>\n<p>Il packaging di un marchio di kombucha in rapida crescita, che necessitava di essere aggiornato con l&#039;espansione della linea di prodotti ai rivenditori in tutto il paese, \u00e8 stata la prima preoccupazione dell&#039;azienda. Hanno scelto le nostre bottiglie flip-top da 32 once per il lancio della loro linea di prodotti. Gli acquisti da parte dei consumatori sono aumentati del 38% grazie all&#039;attraente presentazione della bottiglia in vetro trasparente, e il periodo di utilizzo \u00e8 stato esteso del 42% grazie alla chiusura ermetica flip-top. L&#039;azienda ha effettuato un successivo ordine di 550.000 bottiglie per stimolare la propria crescita dopo aver valutato questi risultati.<\/p>\n<h2>Idee di personalizzazione per Flip-Top<\/h2>\n<ul>\n<li><strong>Logo in rilievo sulla bottiglia:<\/strong> Per migliorare l&#039;immagine del marchio, si potrebbe aggiungere un piccolo logo in rilievo sulla spalla della bottiglia.<\/li>\n<li><strong>Spazio promozionale del marchio Neckband:<\/strong> L&#039;area sotto l&#039;atterraggio del collo pu\u00f2 essere utilizzata per la promozione del marchio.<\/li>\n<li><strong>Design personalizzato del fondo della bottiglia:<\/strong> Progetta un fondo per bottiglia che non sia solo unico nell&#039;aspetto, ma anche pi\u00f9 stabile e pi\u00f9 adatto ad aumentare la notoriet\u00e0 del marchio.<\/li>\n<li><strong>Texture antiscivolo:<\/strong> Testurizzare per migliorare la presa su una superficie liscia in vetro.<\/li>\n<\/ul>","protected":false},"excerpt":{"rendered":"<p>Resistenti, eleganti e sicure: le nostre bottiglie da 32 once con tappo a vite offrono una conservazione affidabile. Scegli questa bottiglia con tappo a vite trasparente con prezzi direttamente dal produttore.<\/p>","protected":false},"featured_media":3491,"template":"","meta":{"postBodyCss":"","postBodyMargin":[],"postBodyPadding":[],"postBodyBackground":{"backgroundType":"classic","gradient":""}},"product_brand":[],"product_cat":[15,16,56],"product_tag":[72,78],"class_list":{"0":"post-3482","1":"product","2":"type-product","3":"status-publish","4":"has-post-thumbnail","6":"product_cat-glass-containers","7":"product_cat-glass-bottles","8":"product_cat-flip-top-bottles","9":"product_tag-juice-bottles","10":"product_tag-water-bottles","12":"first","13":"instock","14":"shipping-taxable","15":"product-type-simple"},"jetpack_sharing_enabled":true,"_links":{"self":[{"href":"https:\/\/minghanggroup.com\/it\/wp-json\/wp\/v2\/product\/3482","targetHints":{"allow":["GET"]}}],"collection":[{"href":"https:\/\/minghanggroup.com\/it\/wp-json\/wp\/v2\/product"}],"about":[{"href":"https:\/\/minghanggroup.com\/it\/wp-json\/wp\/v2\/types\/product"}],"wp:featuredmedia":[{"embeddable":true,"href":"https:\/\/minghanggroup.com\/it\/wp-json\/wp\/v2\/media\/3491"}],"wp:attachment":[{"href":"https:\/\/minghanggroup.com\/it\/wp-json\/wp\/v2\/media?parent=3482"}],"wp:term":[{"taxonomy":"product_brand","embeddable":true,"href":"https:\/\/minghanggroup.com\/it\/wp-json\/wp\/v2\/product_brand?post=3482"},{"taxonomy":"product_cat","embeddable":true,"href":"https:\/\/minghanggroup.com\/it\/wp-json\/wp\/v2\/product_cat?post=3482"},{"taxonomy":"product_tag","embeddable":true,"href":"https:\/\/minghanggroup.com\/it\/wp-json\/wp\/v2\/product_tag?post=3482"}],"curies":[{"name":"wp","href":"https:\/\/api.w.org\/{rel}","templated":true}]}}