{"id":3431,"date":"2025-11-19T17:03:33","date_gmt":"2025-11-19T09:03:33","guid":{"rendered":"https:\/\/minghanggroup.com\/?post_type=product&#038;p=3431"},"modified":"2026-01-20T14:00:34","modified_gmt":"2026-01-20T06:00:34","slug":"bulk-airtight-clear-glass-jar-for-pickle-with-clamp-lid","status":"publish","type":"product","link":"https:\/\/minghanggroup.com\/it\/prodotto\/bulk-airtight-clear-glass-jar-for-pickle-with-clamp-lid\/","title":{"rendered":"Barattolo di vetro trasparente ermetico per sottaceti con coperchio a morsetto da 100 once"},"content":{"rendered":"<p>Basta sprecare soldi in contenitori fragili che rovinano la freschezza delle tue verdure sottaceto. Realizziamo barattoli di vetro di alta qualit\u00e0 per sottaceti che trasformano la tua conservazione degli alimenti in una soluzione elegante e funzionale, mantenendo al contempo il sapore dei tuoi sottaceti. Non sono semplici barattoli: sono la nuova arma segreta del tuo brand per il packaging alimentare.<\/p>\n<h2>Caratteristiche del prodotto<\/h2>\n<ol>\n<li><strong>Chiarezza cristallina:<\/strong>Grazie al vetro trasparente puoi vedere subito i colori vivaci delle verdure sottaceto: non dovrai pi\u00f9 indovinare quando \u00e8 il momento di riempire nuovamente i barattoli di vetro per la marinatura.<\/li>\n<li><strong>Grande capacit\u00e0:<\/strong>Una capacit\u00e0 di 3000 ml \u00e8 sufficiente per tutte le esigenze di conservazione in salamoia e in scatola, che si tratti di grandi quantitativi di prodotti per la famiglia o di ordini all&#039;ingrosso. Ideale per la conservazione di sottaceti, cetrioli e altre verdure.<\/li>\n<li><strong>Sigillo di serraggio sicuro:<\/strong>Il coperchio in metallo con chiusura ermetica mantiene il sapore e la freschezza necessari per la conservazione in salamoia e in scatola. La finitura a filettatura continua in questo caso garantisce la migliore compatibilit\u00e0 con le vostre esigenze di conservazione degli alimenti.<\/li>\n<\/ol>\n<h2>Specifiche chiave<\/h2>\n<table style=\"border-collapse: collapse; width: 80%; margin-left: auto; margin-right: auto;\" border=\"0\" width=\"144\" cellspacing=\"0\" cellpadding=\"0\">\n<tbody>\n<tr style=\"height: 13.50pt;\">\n<td style=\"height: 13.5pt; width: 54pt; text-align: center;\" width=\"72\" height=\"18\">Caratteristica<\/td>\n<td style=\"width: 54pt; text-align: center;\" width=\"72\">Dettagli<\/td>\n<\/tr>\n<tr style=\"height: 13.50pt;\">\n<td style=\"height: 13.5pt; text-align: center;\" height=\"18\">Capacit\u00e0<\/td>\n<td style=\"text-align: center;\">3000 ml (personalizzabile)<\/td>\n<\/tr>\n<tr style=\"height: 13.50pt;\">\n<td style=\"height: 13.5pt; text-align: center;\" height=\"18\">Materiale<\/td>\n<td style=\"text-align: center;\">Costruzione in vetro superiore<\/td>\n<\/tr>\n<tr style=\"height: 13.50pt;\">\n<td style=\"height: 13.5pt; text-align: center;\" height=\"18\">Tipo di coperchio<\/td>\n<td style=\"text-align: center;\">Coperchi ermetici con morsetto<\/td>\n<\/tr>\n<tr style=\"height: 13.50pt;\">\n<td style=\"height: 13.5pt; text-align: center;\" height=\"18\">Opzioni di forma<\/td>\n<td style=\"text-align: center;\">Rotondo, Quadrato, Personalizzato<\/td>\n<\/tr>\n<tr style=\"height: 13.50pt;\">\n<td style=\"height: 13.5pt; text-align: center;\" height=\"18\">Trattamenti superficiali<\/td>\n<td style=\"text-align: center;\">Stampa a caldo, Opaco, Incisione, Satinatura, Decalcomania, Spruzzatura, Lucidatura, Galvanotecnica<\/td>\n<\/tr>\n<\/tbody>\n<\/table>\n<h2>Caso di successo<\/h2>\n<p>Un produttore canadese di alimenti fermentati di medie dimensioni ha ampliato la sua linea di prodotti con i nostri barattoli per sottaceti. Sono stati personalizzati con pareti pi\u00f9 robuste, coperchi metallici sottovuoto e il logo del marchio \u00e8 stato impresso sulle spalle. Dopo il passaggio a questi barattoli, i loro prodotti risaltano di pi\u00f9 nelle vetrine refrigerate, i reclami per perdite sono diminuiti a zero e i loro distributori hanno consentito l&#039;introduzione di due nuovi SKU grazie all&#039;aggiornamento del packaging.<\/p>\n<h2>I tuoi suggerimenti per la personalizzazione<\/h2>\n<p>Se stai personalizzando questo barattolo di vetro per sottaceti in base alle esigenze del tuo marchio, allora alcuni accorgimenti aggiuntivi come (a) un vetro pi\u00f9 spesso pu\u00f2 essere scelto per una maggiore stabilit\u00e0 in salamoia a lungo termine, (b) la chiusura metallica standard pu\u00f2 essere sostituita con una finitura in acciaio inossidabile antiruggine, o (c) un logo in rilievo pu\u00f2 essere aggiunto per rafforzare l&#039;identit\u00e0 a scaffale, il che pu\u00f2 sicuramente migliorare il branding e la funzionalit\u00e0 del prodotto. \u00c8 inoltre possibile selezionare diverse capacit\u00e0, dai piccoli barattoli da degustazione ai barattoli in vetro di grande formato per sottaceti, e puoi anche scegliere guarnizioni in silicone in colori personalizzati per abbinarli alla palette del tuo marchio, conferendo cos\u00ec al prodotto finale un aspetto pi\u00f9 pregiato e visivamente unificato.<\/p>","protected":false},"excerpt":{"rendered":"<p>Robusto barattolo di vetro per sottaceti, questi barattoli di vetro per sottaceti sono ideali per ordini all&#039;ingrosso e per la fornitura diretta in fabbrica per i marchi alimentari che cercano un imballaggio affidabile.<\/p>","protected":false},"featured_media":3432,"template":"","meta":{"postBodyCss":"","postBodyMargin":[],"postBodyPadding":[],"postBodyBackground":{"backgroundType":"classic","gradient":""}},"product_brand":[],"product_cat":[15,17,59],"product_tag":[69],"class_list":{"0":"post-3431","1":"product","2":"type-product","3":"status-publish","4":"has-post-thumbnail","6":"product_cat-glass-containers","7":"product_cat-glass-jars","8":"product_cat-glass-storage-jars","9":"product_tag-storage-jars","11":"first","12":"instock","13":"shipping-taxable","14":"product-type-simple"},"jetpack_sharing_enabled":true,"_links":{"self":[{"href":"https:\/\/minghanggroup.com\/it\/wp-json\/wp\/v2\/product\/3431","targetHints":{"allow":["GET"]}}],"collection":[{"href":"https:\/\/minghanggroup.com\/it\/wp-json\/wp\/v2\/product"}],"about":[{"href":"https:\/\/minghanggroup.com\/it\/wp-json\/wp\/v2\/types\/product"}],"wp:featuredmedia":[{"embeddable":true,"href":"https:\/\/minghanggroup.com\/it\/wp-json\/wp\/v2\/media\/3432"}],"wp:attachment":[{"href":"https:\/\/minghanggroup.com\/it\/wp-json\/wp\/v2\/media?parent=3431"}],"wp:term":[{"taxonomy":"product_brand","embeddable":true,"href":"https:\/\/minghanggroup.com\/it\/wp-json\/wp\/v2\/product_brand?post=3431"},{"taxonomy":"product_cat","embeddable":true,"href":"https:\/\/minghanggroup.com\/it\/wp-json\/wp\/v2\/product_cat?post=3431"},{"taxonomy":"product_tag","embeddable":true,"href":"https:\/\/minghanggroup.com\/it\/wp-json\/wp\/v2\/product_tag?post=3431"}],"curies":[{"name":"wp","href":"https:\/\/api.w.org\/{rel}","templated":true}]}}