{"id":3334,"date":"2025-11-18T15:44:37","date_gmt":"2025-11-18T07:44:37","guid":{"rendered":"https:\/\/minghanggroup.com\/?post_type=product&#038;p=3334"},"modified":"2026-01-20T13:59:25","modified_gmt":"2026-01-20T05:59:25","slug":"customizable-pickling-jar-bulk","status":"publish","type":"product","link":"https:\/\/minghanggroup.com\/it\/prodotto\/customizable-pickling-jar-bulk\/","title":{"rendered":"Barattolo di vetro per sottaceti personalizzabile sfuso 220 ml 250 ml 280 ml"},"content":{"rendered":"<p>Smettila di spendere soldi in confezioni noiose che fanno sembrare il tuo marchio scadente. Produciamo barattoli per sottaceti di alta qualit\u00e0 che non solo trasformano la tua conservazione degli alimenti in un modo pratico e alla moda, ma mantengono anche fresche le tue verdure sottaceto. Non sono solo barattoli per sottaceti: \u200b\u200bsono la nuova arma segreta del tuo marchio nel packaging alimentare.<\/p>\n<h2>Caratteristiche del prodotto<\/h2>\n<p><strong>Collo di bottiglia arrotondato<\/strong><\/p>\n<p>La lucidatura \u00e8 stata eseguita alla perfezione, il manico \u00e8 liscio e privo di sbavature, affilato e pulito e la sensazione \u00e8 confortevole.<\/p>\n<p><strong>Fondo ispessito<\/strong><\/p>\n<p>Il fondo \u00e8 rivestito con un motivo testurizzato antiscivolo, quindi \u00e8 resistente all&#039;usura, durevole e meno soggetto a cadute.<\/p>\n<p><strong>Design a bocca larga<\/strong><\/p>\n<p>Basta avvolgere i cetrioli interi, l&#039;aneto o qualsiasi altro ingrediente sottaceto con le mani. Ottimo da usare con i barattoli di vetro a bocca larga per sottaceti.<\/p>\n<h2>Specifiche chiave<\/h2>\n<table style=\"border-collapse: collapse; width: 80%; margin-left: auto; margin-right: auto;\" border=\"0\" width=\"216\" cellspacing=\"0\" cellpadding=\"0\">\n<tbody>\n<tr style=\"height: 13.50pt;\">\n<td style=\"height: 13.5pt; width: 54pt; text-align: center;\" width=\"72\" height=\"18\">Capacit\u00e0 (ml)<\/td>\n<td style=\"width: 54pt; text-align: center;\" width=\"72\">Dimensioni (cm)<\/td>\n<td style=\"width: 54pt; text-align: center;\" width=\"72\">Opzioni personalizzate<\/td>\n<\/tr>\n<tr style=\"height: 13.50pt;\">\n<td style=\"height: 13.5pt; text-align: center;\" align=\"right\" height=\"18\">220<\/td>\n<td style=\"text-align: center;\">6,2 x 11,3<\/td>\n<td class=\"et2\" style=\"text-align: center;\" rowspan=\"3\">Coperchi, colore, etichetta, logo<\/td>\n<\/tr>\n<tr style=\"height: 13.50pt;\">\n<td style=\"height: 13.5pt; text-align: center;\" align=\"right\" height=\"18\">250<\/td>\n<td style=\"text-align: center;\">6,5 x 12,7<\/td>\n<\/tr>\n<tr style=\"height: 13.50pt;\">\n<td style=\"height: 13.5pt; text-align: center;\" align=\"right\" height=\"18\">280<\/td>\n<td style=\"text-align: center;\">6,5 x 13,5<\/td>\n<\/tr>\n<\/tbody>\n<\/table>\n<h2>Caso di successo<\/h2>\n<p>Heritage Valley Foods sta sfruttando al meglio i nostri barattoli in vetro per sottaceti; il vetro robusto e trasparente e i coperchi rossi con chiusura ermetica non solo ravvivano le verdure sottaceto, ma conferiscono loro anche un aspetto pi\u00f9 fresco e alla moda, rendendo il prodotto molto attraente per i consumatori a prima vista. La texture in rilievo unica e i lati regolari dei barattoli per sottaceti aiutano il marchio a distinguersi facilmente dagli altri marchi sugli scaffali dei negozi al dettaglio. Il fatturato \u00e8 aumentato del 32% nell&#039;arco di un solo trimestre.<\/p>\n<h2>Suggerimenti per la personalizzazione del barattolo per sottaceti<\/h2>\n<p>\u00c8 possibile personalizzare il proprio contenitore tramite serigrafia, smalto cotto o etichette resistenti alle alte temperature, in modo che il logo o il design diventino parte integrante del contenitore; i coperchi dei barattoli di verdure sottaceto possono essere in vernice metallizzata, opachi, galvanizzati o con tappi in plastica colorati personalizzati, e pu\u00f2 essere installato un anello antifurto o una guarnizione di tenuta per migliorare la chiusura; inoltre, siamo in grado di offrire soluzioni di imballaggio complete come scatole per le feste, etichette a manicotto, pellicole sigillanti, ecc., per soddisfare le esigenze dei canali online e dei negozi di alimentari.<\/p>","protected":false},"excerpt":{"rendered":"<p>Offriamo barattoli per sottaceti per gli acquirenti. Vendiamo direttamente in fabbrica e questi barattoli per sottaceti possono essere personalizzati con coperchi, dimensioni e marchio.<\/p>","protected":false},"featured_media":3335,"template":"","meta":{"postBodyCss":"","postBodyMargin":[],"postBodyPadding":[],"postBodyBackground":{"backgroundType":"classic","gradient":""}},"product_brand":[],"product_cat":[15,17,55],"product_tag":[65,71],"class_list":{"0":"post-3334","1":"product","2":"type-product","3":"status-publish","4":"has-post-thumbnail","6":"product_cat-glass-containers","7":"product_cat-glass-jars","8":"product_cat-pickle-jars","9":"product_tag-glass-jam-jars","10":"product_tag-honey-jars","12":"first","13":"instock","14":"shipping-taxable","15":"product-type-simple"},"jetpack_sharing_enabled":true,"_links":{"self":[{"href":"https:\/\/minghanggroup.com\/it\/wp-json\/wp\/v2\/product\/3334","targetHints":{"allow":["GET"]}}],"collection":[{"href":"https:\/\/minghanggroup.com\/it\/wp-json\/wp\/v2\/product"}],"about":[{"href":"https:\/\/minghanggroup.com\/it\/wp-json\/wp\/v2\/types\/product"}],"wp:featuredmedia":[{"embeddable":true,"href":"https:\/\/minghanggroup.com\/it\/wp-json\/wp\/v2\/media\/3335"}],"wp:attachment":[{"href":"https:\/\/minghanggroup.com\/it\/wp-json\/wp\/v2\/media?parent=3334"}],"wp:term":[{"taxonomy":"product_brand","embeddable":true,"href":"https:\/\/minghanggroup.com\/it\/wp-json\/wp\/v2\/product_brand?post=3334"},{"taxonomy":"product_cat","embeddable":true,"href":"https:\/\/minghanggroup.com\/it\/wp-json\/wp\/v2\/product_cat?post=3334"},{"taxonomy":"product_tag","embeddable":true,"href":"https:\/\/minghanggroup.com\/it\/wp-json\/wp\/v2\/product_tag?post=3334"}],"curies":[{"name":"wp","href":"https:\/\/api.w.org\/{rel}","templated":true}]}}