{"id":3320,"date":"2025-11-18T13:04:23","date_gmt":"2025-11-18T05:04:23","guid":{"rendered":"https:\/\/minghanggroup.com\/?post_type=product&#038;p=3320"},"modified":"2025-11-18T13:04:23","modified_gmt":"2025-11-18T05:04:23","slug":"bulk-glass-pickling-containers-for-packaging","status":"publish","type":"product","link":"https:\/\/minghanggroup.com\/it\/prodotto\/bulk-glass-pickling-containers-for-packaging\/","title":{"rendered":"Contenitori per decapaggio in vetro sfuso per imballaggio da 350 ml, 480 ml, 730 ml"},"content":{"rendered":"<p>Non lasciare che la conservazione di cibo stantio sia la causa della perdita di fascino del tuo marchio. Produciamo contenitori per sottaceti di alta qualit\u00e0 che non solo trasformano il tuo imballaggio alimentare in una soluzione pratica e alla moda, ma mantengono anche freschi i tuoi cibi sottaceto. Questi non sono semplici barattoli: sono la nuova arma segreta del tuo marchio per la conservazione e il confezionamento degli alimenti.<\/p>\n<h2>Caratteristiche del prodotto<\/h2>\n<ul>\n<li><strong>Design a bocca larga:<\/strong>Perfetto per mettere sottaceto e rimuovere cetrioli interi, verdure intere o pezzi di cibo di grandi dimensioni.<\/li>\n<li><strong>Ottima tenuta:<\/strong>Il tappo a vite con coperchio interno in metallo \u00e8 il modo migliore per garantire che la freschezza e il sapore dei cibi in salamoia e in scatola si mantengano a lungo. Il design ermetico \u00e8 ci\u00f2 che mantiene la salamoia nelle migliori condizioni.<\/li>\n<li><strong>Alternative di grande capacit\u00e0:<\/strong>I barattoli di vetro per sottaceti di grande capacit\u00e0 da 350-730 ml sono la soluzione migliore per ridurre il frequente rifornimento di piccoli barattoli.<\/li>\n<\/ul>\n<h2>Specifiche chiave<\/h2>\n<table style=\"border-collapse: collapse; width: 80%; margin-left: auto; margin-right: auto;\" border=\"0\" width=\"216\" cellspacing=\"0\" cellpadding=\"0\">\n<tbody>\n<tr style=\"height: 13.50pt;\">\n<td class=\"et2\" style=\"height: 13.5pt; width: 54pt; text-align: center;\" width=\"72\" height=\"18\">Capacit\u00e0 (ml)<\/td>\n<td style=\"width: 54pt; text-align: center;\" width=\"72\">Dimensioni (cm)<\/td>\n<td style=\"width: 54pt; text-align: center;\" width=\"72\">Tipo di sigillo<\/td>\n<\/tr>\n<tr style=\"height: 13.50pt;\">\n<td style=\"height: 13.5pt; text-align: center;\" align=\"right\" height=\"18\">350<\/td>\n<td style=\"text-align: center;\">8.5 *8.1 * 11.0<\/td>\n<td class=\"et2\" style=\"text-align: center;\" rowspan=\"3\">Metallo o plastica<\/td>\n<\/tr>\n<tr style=\"height: 13.50pt;\">\n<td style=\"height: 13.5pt; text-align: center;\" align=\"right\" height=\"18\">480<\/td>\n<td style=\"text-align: center;\">9.2 * 8.9 * 12.2<\/td>\n<\/tr>\n<tr style=\"height: 13.50pt;\">\n<td style=\"height: 13.5pt; text-align: center;\" align=\"right\" height=\"18\">730<\/td>\n<td style=\"text-align: center;\">9.5 * 14.5<\/td>\n<\/tr>\n<\/tbody>\n<\/table>\n<h2>Caso di successo<\/h2>\n<p>La fabbrica di sottaceti in Texas, USA, ha effettuato un ordine speciale per barattoli per sottaceti in vetro spesso personalizzati, con un&#039;ampia bocca e un coperchio sigillante ad alta resistenza, adatti al trasporto su lunghe distanze, su misura per tutte le loro esigenze di sottaceti di cetrioli.<\/p>\n<p>Grazie ai nuovi barattoli per sottaceti di grande capacit\u00e0, l&#039;efficienza di riempimento \u00e8 aumentata del 22% e il tasso di rottura durante il trasporto \u00e8 stato ridotto. Il volume di acquisti ripetuti dei clienti del catering \u00e8 quasi raddoppiato in tre mesi.<\/p>\n<h2>Suggerimenti per la personalizzazione dei contenitori per sottaceti<\/h2>\n<p>Nel caso di contenitori per sottaceti di grandi dimensioni, \u00e8 possibile variare lo spessore del vetro e il materiale del coperchio di tenuta a seconda dell&#039;acidit\u00e0 e del contenuto di solidi del prodotto; inoltre, adattando l&#039;ampia apertura, \u00e8 possibile aumentare l&#039;efficienza di riempimento di grandi quantit\u00e0 di cibo; allo stesso tempo, per rendere il barattolo pi\u00f9 accattivante in esposizione, \u00e8 possibile aggiungere la stampa del marchio o etichette resistenti a olio e acidi. In caso di numerose spedizioni all&#039;estero, \u00e8 possibile utilizzare anche scatole esterne e imballaggi pallettizzati per garantire la sicurezza e la stabilit\u00e0 dell&#039;intero lotto di merci nella catena logistica.<\/p>","protected":false},"excerpt":{"rendered":"<p>Contenitori per sottaceti, salse e verdure. I nostri barattoli in vetro per sottaceti offrono un&#039;eccellente tenuta stagna, sono personalizzabili e vengono spediti direttamente dalla fabbrica.<\/p>","protected":false},"featured_media":3321,"template":"","meta":{"postBodyCss":"","postBodyMargin":[],"postBodyPadding":[],"postBodyBackground":{"backgroundType":"classic","gradient":""}},"product_brand":[],"product_cat":[15,17,55],"product_tag":[],"class_list":{"0":"post-3320","1":"product","2":"type-product","3":"status-publish","4":"has-post-thumbnail","6":"product_cat-glass-containers","7":"product_cat-glass-jars","8":"product_cat-pickle-jars","10":"first","11":"instock","12":"shipping-taxable","13":"product-type-simple"},"jetpack_sharing_enabled":true,"_links":{"self":[{"href":"https:\/\/minghanggroup.com\/it\/wp-json\/wp\/v2\/product\/3320","targetHints":{"allow":["GET"]}}],"collection":[{"href":"https:\/\/minghanggroup.com\/it\/wp-json\/wp\/v2\/product"}],"about":[{"href":"https:\/\/minghanggroup.com\/it\/wp-json\/wp\/v2\/types\/product"}],"wp:featuredmedia":[{"embeddable":true,"href":"https:\/\/minghanggroup.com\/it\/wp-json\/wp\/v2\/media\/3321"}],"wp:attachment":[{"href":"https:\/\/minghanggroup.com\/it\/wp-json\/wp\/v2\/media?parent=3320"}],"wp:term":[{"taxonomy":"product_brand","embeddable":true,"href":"https:\/\/minghanggroup.com\/it\/wp-json\/wp\/v2\/product_brand?post=3320"},{"taxonomy":"product_cat","embeddable":true,"href":"https:\/\/minghanggroup.com\/it\/wp-json\/wp\/v2\/product_cat?post=3320"},{"taxonomy":"product_tag","embeddable":true,"href":"https:\/\/minghanggroup.com\/it\/wp-json\/wp\/v2\/product_tag?post=3320"}],"curies":[{"name":"wp","href":"https:\/\/api.w.org\/{rel}","templated":true}]}}