{"id":3257,"date":"2025-11-17T16:29:55","date_gmt":"2025-11-17T08:29:55","guid":{"rendered":"https:\/\/minghanggroup.com\/?post_type=product&#038;p=3257"},"modified":"2025-11-18T10:58:25","modified_gmt":"2025-11-18T02:58:25","slug":"custom-pickle-container-pickles-jar-wholesale","status":"publish","type":"product","link":"https:\/\/minghanggroup.com\/it\/prodotto\/custom-pickle-container-pickles-jar-wholesale\/","title":{"rendered":"Contenitori per sottaceti in vetro personalizzati da 125 ml a 280 ml all&#039;ingrosso"},"content":{"rendered":"<p>Basta con i noiosi contenitori per alimenti che rovinano l&#039;appeal del tuo marchio. Realizziamo contenitori per sottaceti di alta qualit\u00e0 che trasformano il tuo imballaggio alimentare in una soluzione elegante e funzionale, mantenendo al contempo freschi i tuoi sottaceti. Non sono semplici barattoli: sono la nuova arma segreta del tuo marchio per la conservazione e il confezionamento degli alimenti.<\/p>\n<h2>Caratteristiche del prodotto<\/h2>\n<ol>\n<li><strong>Chiarezza cristallina:<\/strong>Grazie al vetro super trasparente, i colori vivaci della frutta e della verdura sottaceto risaltano immediatamente nel contenitore per sottaceti.<\/li>\n<li><strong>Chiusura ermetica:<\/strong>Per preservare la freschezza e il sapore delle vostre attivit\u00e0 di sottaceto e inscatolamento, viene utilizzato un coperchio metallico con finitura a filettatura continua. La chiusura ermetica \u00e8 ci\u00f2 che mantiene la salamoia fresca.<\/li>\n<li><strong>Capacit\u00e0 versatile:<\/strong>Le diverse dimensioni (125 ml-280 ml) sono sufficienti per soddisfare le vostre esigenze di conservazione in salamoia, che si tratti di piccoli lotti o di grandi quantit\u00e0 per la vostra attivit\u00e0 alimentare. Gli ordini all&#039;ingrosso di questi barattoli sono ottimi.<\/li>\n<\/ol>\n<h2>Specifiche chiave<\/h2>\n<table style=\"border-collapse: collapse; width: 80%; margin-left: auto; margin-right: auto;\" border=\"0\" width=\"288\" cellspacing=\"0\" cellpadding=\"0\">\n<tbody>\n<tr style=\"height: 13.50pt;\">\n<td style=\"height: 13.5pt; width: 54pt; text-align: center;\" width=\"72\" height=\"18\">Capacit\u00e0 (ml)<\/td>\n<td style=\"width: 54pt; text-align: center;\" width=\"72\">Dimensioni (cm)<\/td>\n<td style=\"width: 54pt; text-align: center;\" width=\"72\">Opzioni personalizzate<\/td>\n<\/tr>\n<tr style=\"height: 13.50pt;\">\n<td style=\"height: 13.5pt; text-align: center;\" height=\"18\">125 ml<\/td>\n<td style=\"text-align: center;\">7.5 * 7.3 * 5.5<\/td>\n<td class=\"et2\" style=\"text-align: center;\" rowspan=\"3\">Dimensioni, logo, etichetta, colore\u2026<\/td>\n<\/tr>\n<tr style=\"height: 13.50pt;\">\n<td style=\"height: 13.5pt; text-align: center;\" height=\"18\">180 ml<\/td>\n<td style=\"text-align: center;\">8.0 * 7.7 * 7.0<\/td>\n<\/tr>\n<tr style=\"height: 13.50pt;\">\n<td style=\"height: 13.5pt; text-align: center;\" height=\"18\">280 ml<\/td>\n<td style=\"text-align: center;\">8.2 * 7.9 * 9.5<\/td>\n<\/tr>\n<\/tbody>\n<\/table>\n<h2>Caso di successo<\/h2>\n<p>Siamo stati contattati da un marchio canadese specializzato in alimenti fermentati per personalizzare un barattolo rotondo per sottaceti con un coperchio in metallo dorato resistente alla corrosione, un rivestimento sigillante a prova di perdite e pareti in vetro ispessito per aumentare la resistenza alla pressione durante la fermentazione.<\/p>\n<p>Dopo il cambio di packaging, il tasso di riacquisto del marchio \u00e8 aumentato del 28% e anche le recensioni dei prodotti sono migliorate notevolmente.<\/p>\n<h2>Suggerimenti per la personalizzazione del contenitore per sottaceti<\/h2>\n<p>Questo contenitore in vetro per sottaceti \u00e8 realizzato con un corpo in vetro spesso che non solo \u00e8 piacevole al tatto, ma \u00e8 anche resistente alla pressione. L&#039;utente pu\u00f2 scegliere un coperchio metallico a scelta tra opzioni come oro, nero galvanizzato o banda stagnata naturale. Inoltre, \u00e8 possibile inserire una guarnizione in silicone all&#039;interno del coperchio per una migliore tenuta. Il barattolo per sottaceti pu\u00f2 essere decorato con una glassa satinata o trasparente o anche con una leggera goffratura per conferire al marchio un aspetto pi\u00f9 esclusivo. Le aree lucide possono essere modificate per adattarsi all&#039;etichetta del cliente, garantendo cos\u00ec un&#039;applicazione liscia e uniforme. In ogni caso, che si tratti di cetrioli sottaceto, kimchi o verdure fermentate fatte in casa, questo barattolo in vetro personalizzato conferisce un&#039;immagine di marca pi\u00f9 professionale e sofisticata.<\/p>","protected":false},"excerpt":{"rendered":"<p>Contenitore in vetro resistente per sottaceti, ideale per kimchi e alimenti fermentati, un versatile barattolo per sottaceti ideale per forniture all&#039;ingrosso, coperchi personalizzati, marchi e ordini diretti dalla fabbrica.<\/p>","protected":false},"featured_media":3258,"template":"","meta":{"postBodyCss":"","postBodyMargin":[],"postBodyPadding":[],"postBodyBackground":{"backgroundType":"classic","gradient":""}},"product_brand":[],"product_cat":[15,17,55],"product_tag":[],"class_list":{"0":"post-3257","1":"product","2":"type-product","3":"status-publish","4":"has-post-thumbnail","6":"product_cat-glass-containers","7":"product_cat-glass-jars","8":"product_cat-pickle-jars","10":"first","11":"instock","12":"shipping-taxable","13":"product-type-simple"},"jetpack_sharing_enabled":true,"_links":{"self":[{"href":"https:\/\/minghanggroup.com\/it\/wp-json\/wp\/v2\/product\/3257","targetHints":{"allow":["GET"]}}],"collection":[{"href":"https:\/\/minghanggroup.com\/it\/wp-json\/wp\/v2\/product"}],"about":[{"href":"https:\/\/minghanggroup.com\/it\/wp-json\/wp\/v2\/types\/product"}],"wp:featuredmedia":[{"embeddable":true,"href":"https:\/\/minghanggroup.com\/it\/wp-json\/wp\/v2\/media\/3258"}],"wp:attachment":[{"href":"https:\/\/minghanggroup.com\/it\/wp-json\/wp\/v2\/media?parent=3257"}],"wp:term":[{"taxonomy":"product_brand","embeddable":true,"href":"https:\/\/minghanggroup.com\/it\/wp-json\/wp\/v2\/product_brand?post=3257"},{"taxonomy":"product_cat","embeddable":true,"href":"https:\/\/minghanggroup.com\/it\/wp-json\/wp\/v2\/product_cat?post=3257"},{"taxonomy":"product_tag","embeddable":true,"href":"https:\/\/minghanggroup.com\/it\/wp-json\/wp\/v2\/product_tag?post=3257"}],"curies":[{"name":"wp","href":"https:\/\/api.w.org\/{rel}","templated":true}]}}