{"id":3252,"date":"2025-11-17T15:02:18","date_gmt":"2025-11-17T07:02:18","guid":{"rendered":"https:\/\/minghanggroup.com\/?post_type=product&#038;p=3252"},"modified":"2026-01-20T13:59:46","modified_gmt":"2026-01-20T05:59:46","slug":"large-pickle-jar-wholesale-the-pickle-jar","status":"publish","type":"product","link":"https:\/\/minghanggroup.com\/it\/prodotto\/large-pickle-jar-wholesale-the-pickle-jar\/","title":{"rendered":"Barattolo per sottaceti grande da 25 oz a 50 oz all&#039;ingrosso per esigenze di sottaceti"},"content":{"rendered":"<p>Basta con i problemi di stoccaggio che rovinano la freschezza dei tuoi alimenti. Realizziamo grandi barattoli per sottaceti di alta qualit\u00e0 che trasformano la conservazione in sottaceti e conserve in un processo elegante ed efficiente, preservandone al contempo il sapore. Non sono semplici contenitori: sono la nuova arma segreta del tuo brand per il confezionamento alimentare.<\/p>\n<h2>Caratteristiche del prodotto<\/h2>\n<ol>\n<li><strong>Design a bocca larga:<\/strong>Niente di pi\u00f9 facile che riempire un intero cetriolo, una manciata di aneto o qualsiasi altro ingrediente in un barattolo: le aperture strette non saranno pi\u00f9 un problema e potrete riempire facilmente i cibi sottaceto. Perfettamente compatibile con contenitori di vetro a bocca larga.<\/li>\n<li><strong>Ottima tenuta:<\/strong>Il tappo metallico a filettatura continua \u00e8 il fattore principale che consente di preservare perfettamente la freschezza e il sapore dei cibi in salamoia e in scatola. Un&#039;eccellente tenuta \u00e8 ci\u00f2 che mantiene la salamoia al meglio.<\/li>\n<li><strong>Diverse opzioni di capacit\u00e0:<\/strong>Sono disponibili diverse dimensioni (da 750 ml a 1500 ml) per soddisfare le diverse esigenze di conservazione, che si tratti di piccoli lotti o di grandi quantit\u00e0 di prodotti per un&#039;attivit\u00e0 alimentare. Questi grandi barattoli per sottaceti sono perfetti per gli ordini all&#039;ingrosso.<\/li>\n<\/ol>\n<h2>Specifiche chiave<\/h2>\n<p>&nbsp;<\/p>\n<table style=\"border-collapse: collapse; width: 80%; margin-left: auto; margin-right: auto;\" border=\"0\" width=\"288\" cellspacing=\"0\" cellpadding=\"0\">\n<tbody>\n<tr style=\"height: 13.50pt;\">\n<td style=\"height: 13.5pt; width: 54pt; text-align: center;\" width=\"72\" height=\"18\">Capacit\u00e0 (ml)<\/td>\n<td style=\"width: 54pt; text-align: center;\" width=\"72\">Dimensioni (cm)<\/td>\n<td style=\"width: 54pt; text-align: center;\" width=\"72\">Forma<\/td>\n<\/tr>\n<tr style=\"height: 13.50pt;\">\n<td style=\"height: 13.5pt; text-align: center;\" align=\"right\" height=\"18\">750<\/td>\n<td style=\"text-align: center;\">9.3*15.1<\/td>\n<td class=\"et2\" style=\"text-align: center;\" rowspan=\"3\">Girare<\/td>\n<\/tr>\n<tr style=\"height: 13.50pt;\">\n<td style=\"height: 13.5pt; text-align: center;\" align=\"right\" height=\"18\">950<\/td>\n<td style=\"text-align: center;\">9.1*18.8<\/td>\n<\/tr>\n<tr style=\"height: 13.50pt;\">\n<td style=\"height: 13.5pt; text-align: center;\" align=\"right\" height=\"18\">1500<\/td>\n<td style=\"text-align: center;\">10.5*20.4<\/td>\n<\/tr>\n<\/tbody>\n<\/table>\n<h2>Caso di successo<\/h2>\n<p>Il nostro barattolo grande per sottaceti \u00e8 stato scelto da un marchio sudcoreano di sottaceti per confezionare il suo nuovo prodotto. Hanno realizzato un barattolo personalizzato con un volume maggiore e un vetro pi\u00f9 spesso, hanno aggiunto un logo in rilievo alla bottiglia e, con il tappo in metallo, hanno migliorato notevolmente la riconoscibilit\u00e0 generale del marchio.<\/p>\n<p>Subito dopo l&#039;introduzione del nuovo packaging, le vendite del loro prodotto principale sono aumentate del 32% in tre mesi.<\/p>\n<h2>Suggerimenti per la personalizzazione del barattolo di spezie grande<\/h2>\n<p>Questo grande barattolo per sottaceti pu\u00f2 essere modificato in diversi modi per soddisfare le esigenze di un marchio. \u00c8 possibile utilizzare tappi di diverse dimensioni per adattarsi a vari prodotti sottaceto di dimensioni familiari. \u00c8 possibile utilizzare vetri pi\u00f9 spessi o pi\u00f9 trasparenti per attirare visivamente i consumatori dallo scaffale. I coperchi possono essere personalizzati in metallo o plastica a tenuta stagna, antiruggine. Inoltre, \u00e8 adatto a colori, galvanica, verniciatura e stampa del logo, il che rende la confezione complessiva non solo pi\u00f9 resistente, ma anche pi\u00f9 riconoscibile dal marchio.<\/p>","protected":false},"excerpt":{"rendered":"<p>Soluzioni per grandi contenitori per sottaceti, direttamente dalla fabbrica, per marchi di alimenti sfusi. Personalizza il contenitore con coperchi, dimensioni ed etichette per potenziare la tua linea di sottaceti.<\/p>","protected":false},"featured_media":3253,"template":"","meta":{"postBodyCss":"","postBodyMargin":[],"postBodyPadding":[],"postBodyBackground":{"backgroundType":"classic","gradient":""}},"product_brand":[],"product_cat":[15,17,55],"product_tag":[65,71],"class_list":{"0":"post-3252","1":"product","2":"type-product","3":"status-publish","4":"has-post-thumbnail","6":"product_cat-glass-containers","7":"product_cat-glass-jars","8":"product_cat-pickle-jars","9":"product_tag-glass-jam-jars","10":"product_tag-honey-jars","12":"first","13":"instock","14":"shipping-taxable","15":"product-type-simple"},"jetpack_sharing_enabled":true,"_links":{"self":[{"href":"https:\/\/minghanggroup.com\/it\/wp-json\/wp\/v2\/product\/3252","targetHints":{"allow":["GET"]}}],"collection":[{"href":"https:\/\/minghanggroup.com\/it\/wp-json\/wp\/v2\/product"}],"about":[{"href":"https:\/\/minghanggroup.com\/it\/wp-json\/wp\/v2\/types\/product"}],"wp:featuredmedia":[{"embeddable":true,"href":"https:\/\/minghanggroup.com\/it\/wp-json\/wp\/v2\/media\/3253"}],"wp:attachment":[{"href":"https:\/\/minghanggroup.com\/it\/wp-json\/wp\/v2\/media?parent=3252"}],"wp:term":[{"taxonomy":"product_brand","embeddable":true,"href":"https:\/\/minghanggroup.com\/it\/wp-json\/wp\/v2\/product_brand?post=3252"},{"taxonomy":"product_cat","embeddable":true,"href":"https:\/\/minghanggroup.com\/it\/wp-json\/wp\/v2\/product_cat?post=3252"},{"taxonomy":"product_tag","embeddable":true,"href":"https:\/\/minghanggroup.com\/it\/wp-json\/wp\/v2\/product_tag?post=3252"}],"curies":[{"name":"wp","href":"https:\/\/api.w.org\/{rel}","templated":true}]}}