{"id":3226,"date":"2025-11-17T11:46:22","date_gmt":"2025-11-17T03:46:22","guid":{"rendered":"https:\/\/minghanggroup.com\/?post_type=product&#038;p=3226"},"modified":"2026-01-20T13:59:35","modified_gmt":"2026-01-20T05:59:35","slug":"pickle-jar-bulk-pickling-jars-factory","status":"publish","type":"product","link":"https:\/\/minghanggroup.com\/it\/prodotto\/pickle-jar-bulk-pickling-jars-factory\/","title":{"rendered":"Barattolo di vetro per sottaceti da 105 ml a 550 ml per confezionamento sfuso"},"content":{"rendered":"<p>Basta con i problemi di stoccaggio che rovinano l&#039;estetica della tua cucina. Realizziamo barattoli per sottaceti di alta qualit\u00e0 che trasformano la tua dispensa in uno spazio elegante, mantenendo freschi i tuoi sottaceti. Non sono semplici contenitori: sono la nuova arma segreta del tuo brand per l&#039;organizzazione della cucina e il confezionamento degli alimenti.<\/p>\n<h2>Caratteristiche del prodotto<\/h2>\n<ol>\n<li><strong>Sigillo perfetto:<\/strong>Il tappo metallico a chiusura ermetica mantiene inalterato il sapore e la freschezza dei vostri barattoli per sottaceti, cos\u00ec le verdure sottaceto rimangono fresche e saporite.<\/li>\n<li><strong>Capacit\u00e0 versatile:<\/strong>Le diverse dimensioni (da 105 ml a 550 ml) soddisfano tutte le esigenze di conservazione in salamoia, sia che si tratti di piccoli lotti o di grandi quantit\u00e0 di prodotti per la tua attivit\u00e0 alimentare.<\/li>\n<li><strong>Costruzione durevole:<\/strong>Il vetro resistente \u00e8 in grado di resistere all&#039;uso quotidiano dei contenitori per la conservazione in cucina, quindi questi barattoli di vetro sono la scelta giusta per la conservazione a lungo termine degli alimenti.<\/li>\n<\/ol>\n<h2>Specifiche chiave<\/h2>\n<table style=\"border-collapse: collapse; width: 80%; margin-left: auto; margin-right: auto;\" border=\"0\" width=\"360\" cellspacing=\"0\" cellpadding=\"0\">\n<tbody>\n<tr style=\"height: 13.50pt;\">\n<td style=\"height: 13.5pt; width: 54pt; text-align: center;\" width=\"72\" height=\"18\">Capacit\u00e0 (ml)<\/td>\n<td style=\"width: 54pt; text-align: center;\" width=\"72\">Dimensioni (cm)<\/td>\n<td style=\"width: 54pt; text-align: center;\" width=\"72\">Diametro interno\/esterno (mm)<\/td>\n<td style=\"width: 54pt; text-align: center;\" width=\"72\">Forma<\/td>\n<\/tr>\n<tr style=\"height: 13.50pt;\">\n<td style=\"height: 13.5pt; text-align: center;\" align=\"right\" height=\"18\">105<\/td>\n<td style=\"text-align: center;\">5.5 * 6.5<\/td>\n<td style=\"text-align: center;\">42 * 51<\/td>\n<td class=\"et2\" style=\"text-align: center;\" rowspan=\"4\">Girare<\/td>\n<\/tr>\n<tr style=\"height: 13.50pt;\">\n<td style=\"height: 13.5pt; text-align: center;\" align=\"right\" height=\"18\">230<\/td>\n<td style=\"text-align: center;\">6.7 * 9.0<\/td>\n<td style=\"text-align: center;\">52 * 62<\/td>\n<\/tr>\n<tr style=\"height: 13.50pt;\">\n<td style=\"height: 13.5pt; text-align: center;\" align=\"right\" height=\"18\">350<\/td>\n<td style=\"text-align: center;\">7.4 * 10.9<\/td>\n<td style=\"text-align: center;\">58 * 68<\/td>\n<\/tr>\n<tr style=\"height: 13.50pt;\">\n<td style=\"height: 13.5pt; text-align: center;\" align=\"right\" height=\"18\">550<\/td>\n<td style=\"text-align: center;\">8.6 * 12.6<\/td>\n<td style=\"text-align: center;\">69 * 80<\/td>\n<\/tr>\n<\/tbody>\n<\/table>\n<h2>Caso di successo<\/h2>\n<p>Durante il rinnovamento del suo packaging, un marchio di condimenti dell&#039;Europa orientale ha deciso di utilizzare il nostro barattolo di vetro per i suoi sottaceti. Abbiamo modificato diverse opzioni di volume e fornito un coperchio nero antiruggine con una migliore tenuta, rendendo cos\u00ec l&#039;aspetto del marchio sullo scaffale pi\u00f9 uniforme e di maggiore qualit\u00e0 visiva.<\/p>\n<p>Dopo l&#039;introduzione del nuovo packaging del marchio, le vendite di sottaceti sono aumentate di quasi il 30% in soli tre mesi e il marchio \u00e8 entrato con successo in due grandi catene di supermercati, il che ha portato a un notevole aumento della notoriet\u00e0 del marchio.<\/p>\n<h2>Suggerimenti per la personalizzazione del barattolo di sottaceti<\/h2>\n<p>Questo barattolo per sottaceti pu\u00f2 essere personalizzato in base alle esigenze del marchio in numerosi modi, ad esempio con diverse capacit\u00e0 e forme di bottiglia per vari alimenti sottaceto. Questi barattoli per sottaceti possono essere resi pi\u00f9 spessi o goffrati per esaltarne la consistenza. Inoltre, il colore, il metodo e la struttura di tenuta del coperchio in metallo antiruggine possono essere modificati in base alle preferenze del cliente. \u00c8 inoltre possibile aggiungere loghi del marchio, dimensioni delle etichette e motivi alla bottiglia o al coperchio, rendendo cos\u00ec il prodotto pi\u00f9 attraente e professionale.<\/p>","protected":false},"excerpt":{"rendered":"<p>Barattoli per sottaceti con produzione diretta in fabbrica, ideali per conserve sfuse, alimenti fermentati e imballaggi personalizzati. Supportano la stampa di loghi personalizzati per ordini OEM.<\/p>","protected":false},"featured_media":3227,"template":"","meta":{"postBodyCss":"","postBodyMargin":[],"postBodyPadding":[],"postBodyBackground":{"backgroundType":"classic","gradient":""}},"product_brand":[],"product_cat":[15,17,55],"product_tag":[65,71],"class_list":{"0":"post-3226","1":"product","2":"type-product","3":"status-publish","4":"has-post-thumbnail","6":"product_cat-glass-containers","7":"product_cat-glass-jars","8":"product_cat-pickle-jars","9":"product_tag-glass-jam-jars","10":"product_tag-honey-jars","12":"first","13":"instock","14":"shipping-taxable","15":"product-type-simple"},"jetpack_sharing_enabled":true,"_links":{"self":[{"href":"https:\/\/minghanggroup.com\/it\/wp-json\/wp\/v2\/product\/3226","targetHints":{"allow":["GET"]}}],"collection":[{"href":"https:\/\/minghanggroup.com\/it\/wp-json\/wp\/v2\/product"}],"about":[{"href":"https:\/\/minghanggroup.com\/it\/wp-json\/wp\/v2\/types\/product"}],"wp:featuredmedia":[{"embeddable":true,"href":"https:\/\/minghanggroup.com\/it\/wp-json\/wp\/v2\/media\/3227"}],"wp:attachment":[{"href":"https:\/\/minghanggroup.com\/it\/wp-json\/wp\/v2\/media?parent=3226"}],"wp:term":[{"taxonomy":"product_brand","embeddable":true,"href":"https:\/\/minghanggroup.com\/it\/wp-json\/wp\/v2\/product_brand?post=3226"},{"taxonomy":"product_cat","embeddable":true,"href":"https:\/\/minghanggroup.com\/it\/wp-json\/wp\/v2\/product_cat?post=3226"},{"taxonomy":"product_tag","embeddable":true,"href":"https:\/\/minghanggroup.com\/it\/wp-json\/wp\/v2\/product_tag?post=3226"}],"curies":[{"name":"wp","href":"https:\/\/api.w.org\/{rel}","templated":true}]}}