{"id":3041,"date":"2025-11-14T11:13:14","date_gmt":"2025-11-14T03:13:14","guid":{"rendered":"https:\/\/minghanggroup.com\/?post_type=product&#038;p=3041"},"modified":"2025-11-14T17:28:36","modified_gmt":"2025-11-14T09:28:36","slug":"custom-glass-spice-bottles-seasoning-bottle-bulk","status":"publish","type":"product","link":"https:\/\/minghanggroup.com\/it\/prodotto\/custom-glass-spice-bottles-seasoning-bottle-bulk\/","title":{"rendered":"Bottiglie di vetro personalizzate per spezie da 40 ml per condimenti"},"content":{"rendered":"<p>Basta con le disordinate soluzioni di conservazione delle spezie che rendono la tua cucina disorganizzata. Realizziamo eleganti barattoli in vetro per spezie che non solo valorizzano l&#039;arredamento della tua cucina, ma mantengono anche le spezie fresche. Non sono solo barattoli, ma il nuovo potere invisibile del tuo marchio per cucine e confezioni alimentari pulite ed eleganti.<\/p>\n<h2>Caratteristiche del prodotto<\/h2>\n<ol>\n<li><strong>Collo della bottiglia arrotondato:<\/strong>Il collo arrotondato e uniforme della bottiglia garantisce una buona tenuta e quindi non si verificano perdite.<\/li>\n<li><strong>Tappo di agitazione preciso:<\/strong>I fori sono distribuiti uniformemente sul tappo metallico e quindi \u00e8 possibile ottenere un controllo perfetto della quantit\u00e0 di spezie, ad esempio pepe, sale, zucchero e farina.<\/li>\n<li><strong>Design ergonomico:<\/strong>Le linee morbide e sottili della bottiglia, abbinate a un design elegantemente affusolato, garantiscono una presa comoda e sono quindi facili da usare in cucina.<\/li>\n<\/ol>\n<h2>Specifiche chiave<\/h2>\n<table style=\"border-collapse: collapse; width: 80%; margin-left: auto; margin-right: auto;\" border=\"0\" width=\"288\" cellspacing=\"0\" cellpadding=\"0\">\n<tbody>\n<tr style=\"height: 13.50pt;\">\n<td style=\"height: 13.5pt; width: 54pt; text-align: center;\" width=\"72\" height=\"18\">Capacit\u00e0<\/td>\n<td style=\"width: 54pt; text-align: center;\" width=\"72\">Misurare<\/td>\n<td style=\"width: 54pt; text-align: center;\" width=\"72\">Opzioni di colore<\/td>\n<td style=\"width: 54pt; text-align: center;\" width=\"72\">Opzioni del coperchio<\/td>\n<\/tr>\n<tr style=\"height: 13.50pt;\">\n<td style=\"height: 13.5pt; text-align: center;\" height=\"18\">40 ml<\/td>\n<td style=\"text-align: center;\">4,5 * 10 cm<\/td>\n<td style=\"text-align: center;\">Chiaro, personalizzato<\/td>\n<td style=\"text-align: center;\">Metallo con fori uniformi<\/td>\n<\/tr>\n<\/tbody>\n<\/table>\n<h2>Caso di successo<\/h2>\n<p>Siamo stati contattati da una startup europea di condimenti che cercava un packaging che rispecchiasse la loro immagine minimalista ma sofisticata. Abbiamo quindi creato per loro questa bottiglia di vetro per spezie personalizzata. Abbiamo adattato il design alle caratteristiche del prodotto, abbinando un corpo in vetro a un tappo a vite in metallo, spesso e robusto. L&#039;elevata trasparenza della bottiglia ha reso i peperoncini, i grani di pepe e gli spicchi d&#039;aglio dai colori vivaci pi\u00f9 attraenti per i clienti.<\/p>\n<p>Dopotutto, queste eleganti bottiglie di vetro per spezie hanno contribuito in modo determinante alla crescita delle vendite del cliente, che \u00e8 aumentata di oltre il 30% nei primi tre mesi.<\/p>\n<h2>Suggerimenti per la personalizzazione delle bottiglie di vetro per spezie<\/h2>\n<p>Questo contenitore in vetro per condimenti offre una variet\u00e0 di caratteristiche regolabili per soddisfare le specifiche esigenze di un marchio. Tra queste, la selezione dello spessore e della trasparenza della bottiglia per un migliore effetto visivo, la personalizzazione del colore, il processo di galvanica o la verniciatura a spruzzo del tappo metallico per integrarlo allo stile del marchio e l&#039;aggiunta di serigrafia, stampa a caldo o etichette per migliorare la riconoscibilit\u00e0 del marchio. Sono disponibili diversi modelli di fori per contenere condimenti di diverse granulometrie. Oltre a ci\u00f2, \u00e8 anche possibile personalizzare il volume o la confezione regalo per creare una versione unica della bottiglia per condimenti che si distinguer\u00e0 sul mercato.<\/p>","protected":false},"excerpt":{"rendered":"<p>Bottiglie di vetro per spezie progettate per un dosaggio pulito. Un&#039;elegante scelta per la fornitura all&#039;ingrosso, la personalizzazione del marchio e una conservazione efficiente in cucina.<\/p>","protected":false},"featured_media":3042,"template":"","meta":{"postBodyCss":"","postBodyMargin":[],"postBodyPadding":[],"postBodyBackground":{"backgroundType":"classic","gradient":""}},"product_brand":[],"product_cat":[15,17,53],"product_tag":[],"class_list":{"0":"post-3041","1":"product","2":"type-product","3":"status-publish","4":"has-post-thumbnail","6":"product_cat-glass-containers","7":"product_cat-glass-jars","8":"product_cat-spice-jars","10":"first","11":"instock","12":"shipping-taxable","13":"product-type-simple"},"jetpack_sharing_enabled":true,"_links":{"self":[{"href":"https:\/\/minghanggroup.com\/it\/wp-json\/wp\/v2\/product\/3041","targetHints":{"allow":["GET"]}}],"collection":[{"href":"https:\/\/minghanggroup.com\/it\/wp-json\/wp\/v2\/product"}],"about":[{"href":"https:\/\/minghanggroup.com\/it\/wp-json\/wp\/v2\/types\/product"}],"wp:featuredmedia":[{"embeddable":true,"href":"https:\/\/minghanggroup.com\/it\/wp-json\/wp\/v2\/media\/3042"}],"wp:attachment":[{"href":"https:\/\/minghanggroup.com\/it\/wp-json\/wp\/v2\/media?parent=3041"}],"wp:term":[{"taxonomy":"product_brand","embeddable":true,"href":"https:\/\/minghanggroup.com\/it\/wp-json\/wp\/v2\/product_brand?post=3041"},{"taxonomy":"product_cat","embeddable":true,"href":"https:\/\/minghanggroup.com\/it\/wp-json\/wp\/v2\/product_cat?post=3041"},{"taxonomy":"product_tag","embeddable":true,"href":"https:\/\/minghanggroup.com\/it\/wp-json\/wp\/v2\/product_tag?post=3041"}],"curies":[{"name":"wp","href":"https:\/\/api.w.org\/{rel}","templated":true}]}}