{"id":3031,"date":"2025-11-13T16:58:06","date_gmt":"2025-11-13T08:58:06","guid":{"rendered":"https:\/\/minghanggroup.com\/?post_type=product&#038;p=3031"},"modified":"2025-11-14T10:05:55","modified_gmt":"2025-11-14T02:05:55","slug":"custom-seasoning-container-dry-spice-grinder-bulk","status":"publish","type":"product","link":"https:\/\/minghanggroup.com\/it\/prodotto\/custom-seasoning-container-dry-spice-grinder-bulk\/","title":{"rendered":"Contenitore per condimenti personalizzato da 200 ml con macinacaff\u00e8 per imballaggio"},"content":{"rendered":"<p>Smetti di lottare contro le spezie conservate male che rendono la tua cucina disordinata. Produciamo barattoli per spezie di alta qualit\u00e0 che non solo mantengono fresche le tue spezie, ma trasformano anche la tua cucina in un luogo alla moda. Non sono semplici contenitori, diventano la nuova arma segreta del tuo marchio per l&#039;organizzazione della cucina e il confezionamento degli alimenti.<\/p>\n<h2>Caratteristiche del prodotto<\/h2>\n<ol>\n<li><strong>Controllo accurato della macinazione:<\/strong>Il macinino rotante in acciaio inossidabile consente di determinare con estrema precisione la grana del pepe, del sale e delle erbe aromatiche.<\/li>\n<li><strong>Struttura di tenuta a prova di umidit\u00e0:<\/strong>Il tappo in acciaio inossidabile e l&#039;anello di tenuta in silicone, se combinati, possono impedire efficacemente l&#039;ingresso dell&#039;umidit\u00e0, mantenendo cos\u00ec fresche pi\u00f9 a lungo le spezie che utilizzerai.<\/li>\n<li><strong>Design ergonomico della bottiglia:<\/strong>Grazie alle curve fluide della bottiglia e alla buona presa, \u00e8 possibile utilizzarla facilmente con una sola mano, migliorando cos\u00ec l&#039;esperienza dell&#039;utente.<\/li>\n<\/ol>\n<h2>Specifiche chiave<\/h2>\n<table style=\"border-collapse: collapse; width: 80%; margin-left: AUTO; margin-right: AUTO;\" border=\"0\" width=\"360\" cellspacing=\"0\" cellpadding=\"0\">\n<tbody>\n<tr style=\"height: 13.50pt;\">\n<td style=\"height: 13.5pt; width: 54pt; text-align: center;\" width=\"72\" height=\"18\">Capacit\u00e0<\/td>\n<td style=\"width: 54pt; text-align: center;\" width=\"72\">Misurare<\/td>\n<td style=\"width: 54pt; text-align: center;\" width=\"72\">Opzioni di colore<\/td>\n<td style=\"width: 54pt; text-align: center;\" width=\"72\">Accessorio<\/td>\n<td style=\"width: 54pt; text-align: center;\" width=\"72\">Utilizzo<\/td>\n<\/tr>\n<tr style=\"height: 13.50pt;\">\n<td style=\"height: 13.5pt; text-align: center;\" height=\"18\">200 ml<\/td>\n<td style=\"text-align: center;\">6,6*18,9 cm<\/td>\n<td style=\"text-align: center;\">Chiaro, personalizzato<\/td>\n<td style=\"text-align: center;\">Macina spezie secche<\/td>\n<td style=\"text-align: center;\">Pepe, sale grosso, cumino<\/td>\n<\/tr>\n<\/tbody>\n<\/table>\n<h2>Caso di successo<\/h2>\n<p>Siamo stati contattati da un marchio alimentare canadese che desiderava un barattolo per spezie di alta qualit\u00e0 e un set macina spezie per la sua nuova linea di sale himalayano e pepe nero. Per esaltare i colori naturali delle spezie, abbiamo scelto un barattolo in vetro trasparente abbinato a un elegante coperchio in acciaio inossidabile spazzolato e a un resistente nucleo in ceramica con precisione di macinatura regolabile per la parte funzionale.<\/p>\n<p>Il prodotto ha registrato un aumento del 40% nelle vendite al dettaglio entro tre mesi dal suo lancio e ha decretato un grande successo del marchio nei set regalo e nei negozi gourmet online.<\/p>\n<h2>I tuoi suggerimenti per la personalizzazione<\/h2>\n<p>Il contenitore per spezie secche \u00e8 disponibile in bottiglie di vetro di varie dimensioni per soddisfare le diverse esigenze di confezionamento delle spezie. I barattoli possono essere trasparenti, satinati o stampati per riflettere la personalit\u00e0 del marchio. Le chiusure possono essere realizzate in acciaio inossidabile, bamb\u00f9 o plastica colorata, ed \u00e8 possibile incidere il logo personalizzato o serigrafarlo per facilitare il riconoscimento del marchio. Inoltre, sono disponibili macinini in ceramica con macinatura regolabile e un sigillo a prova di umidit\u00e0 per mantenere le spezie fresche a lungo. Lo stile pu\u00f2 essere il tipico semplice e moderno oppure \u00e8 possibile progettare set regalo personalizzati per soddisfare le esigenze specifiche dei clienti ed essere ideali per la promozione del marchio e per ordini all&#039;ingrosso.<\/p>","protected":false},"excerpt":{"rendered":"<p>Contenitore per spezie prodotto direttamente dalla fabbrica, con corpo in vetro resistente e coperchio in acciaio inossidabile. Macina spezie a secco ideale per ordini all&#039;ingrosso, personalizzazione OEM e branding.<\/p>","protected":false},"featured_media":3032,"template":"","meta":{"postBodyCss":"","postBodyMargin":[],"postBodyPadding":[],"postBodyBackground":{"backgroundType":"classic","gradient":""}},"product_brand":[],"product_cat":[15,17,53],"product_tag":[],"class_list":{"0":"post-3031","1":"product","2":"type-product","3":"status-publish","4":"has-post-thumbnail","6":"product_cat-glass-containers","7":"product_cat-glass-jars","8":"product_cat-spice-jars","10":"first","11":"instock","12":"shipping-taxable","13":"product-type-simple"},"jetpack_sharing_enabled":true,"_links":{"self":[{"href":"https:\/\/minghanggroup.com\/it\/wp-json\/wp\/v2\/product\/3031","targetHints":{"allow":["GET"]}}],"collection":[{"href":"https:\/\/minghanggroup.com\/it\/wp-json\/wp\/v2\/product"}],"about":[{"href":"https:\/\/minghanggroup.com\/it\/wp-json\/wp\/v2\/types\/product"}],"wp:featuredmedia":[{"embeddable":true,"href":"https:\/\/minghanggroup.com\/it\/wp-json\/wp\/v2\/media\/3032"}],"wp:attachment":[{"href":"https:\/\/minghanggroup.com\/it\/wp-json\/wp\/v2\/media?parent=3031"}],"wp:term":[{"taxonomy":"product_brand","embeddable":true,"href":"https:\/\/minghanggroup.com\/it\/wp-json\/wp\/v2\/product_brand?post=3031"},{"taxonomy":"product_cat","embeddable":true,"href":"https:\/\/minghanggroup.com\/it\/wp-json\/wp\/v2\/product_cat?post=3031"},{"taxonomy":"product_tag","embeddable":true,"href":"https:\/\/minghanggroup.com\/it\/wp-json\/wp\/v2\/product_tag?post=3031"}],"curies":[{"name":"wp","href":"https:\/\/api.w.org\/{rel}","templated":true}]}}