{"id":3010,"date":"2025-11-13T16:12:11","date_gmt":"2025-11-13T08:12:11","guid":{"rendered":"https:\/\/minghanggroup.com\/?post_type=product&#038;p=3010"},"modified":"2025-11-14T10:06:03","modified_gmt":"2025-11-14T02:06:03","slug":"empty-jars-for-spices-bulk-seasoning-jar","status":"publish","type":"product","link":"https:\/\/minghanggroup.com\/it\/prodotto\/empty-jars-for-spices-bulk-seasoning-jar\/","title":{"rendered":"Barattoli vuoti da 6 once per spezie con coperchi per macinare per condire"},"content":{"rendered":"<p>Basta con i disordinati contenitori per le spezie che rendono la tua cucina caotica. Realizziamo barattoli vuoti di alta qualit\u00e0 per spezie, dotati di un piccolo macina spezie, che trasformano la tua cucina in uno spazio elegante, mantenendo le spezie fresche. Non sono semplici contenitori: sono la nuova arma segreta del tuo brand per l&#039;organizzazione della cucina e il confezionamento degli alimenti.<\/p>\n<h2>Caratteristiche del prodotto<\/h2>\n<p>Controllo preciso della macinazione<\/p>\n<p>Il sistema di macinazione a punta fine ti d\u00e0 il controllo definitivo sulla grana di pepe, sale o erbe aromatiche.<\/p>\n<p>Identificazione del colore<\/p>\n<p>I coperchi colorati (rosso, verde e nero) facilitano l&#039;identificazione delle diverse spezie nei barattoli trasparenti.<\/p>\n<p>Estetica della cucina moderna<\/p>\n<p>Il design pulito ed elegante ravviva l&#039;aspetto dei contenitori per la cucina e rende il tavolo da pranzo pi\u00f9 elegante grazie alla sua presenza.<\/p>\n<h2>Specifiche chiave<\/h2>\n<table style=\"border-collapse: collapse; width: 80%; margin-left: AUTO; margin-right: AUTO;\" border=\"0\" width=\"288\" cellspacing=\"0\" cellpadding=\"0\">\n<tbody>\n<tr style=\"height: 13.50pt;\">\n<td style=\"height: 13.5pt; width: 54pt; text-align: center;\" width=\"72\" height=\"18\">Capacit\u00e0<\/td>\n<td style=\"width: 54pt; text-align: center;\" width=\"72\">Misurare<\/td>\n<td style=\"width: 54pt; text-align: center;\" width=\"72\">Opzioni di colore<\/td>\n<td style=\"width: 54pt; text-align: center;\" width=\"72\">Accessori<\/td>\n<\/tr>\n<tr style=\"height: 13.50pt;\">\n<td style=\"height: 13.5pt; text-align: center;\" height=\"18\">180 ml\/6 oz<\/td>\n<td style=\"text-align: center;\">6,4 * 13 cm<\/td>\n<td style=\"text-align: center;\">Chiaro, personalizzato<\/td>\n<td style=\"text-align: center;\">Piccolo macina spezie<\/td>\n<\/tr>\n<\/tbody>\n<\/table>\n<h2>Caso di successo<\/h2>\n<p>Un marchio alimentare europeo ci ha commissionato la personalizzazione di barattoli per spezie dotati di macinacaff\u00e8 integrato. Per allinearli alla loro linea di condimenti, hanno optato per colori vivaci per i tappi a vite: giallo per la curcuma, rosso per la paprika e verde per le erbe aromatiche, conferendo loro un aspetto lussuoso. Per soddisfare le esigenze espositive del loro punto vendita, abbiamo fornito loro un servizio di vendita diretta all&#039;ingrosso, loghi incisi al laser e confezioni su misura.<\/p>\n<p>La loro nuova linea di barattoli per condimenti \u00e8 diventata virale molto rapidamente, ed \u00e8 questo il motivo principale della loro maggiore visibilit\u00e0 sugli scaffali e della crescita del 40% delle vendite nel primo trimestre successivo al lancio.<\/p>\n<h2>I tuoi suggerimenti per la personalizzazione<\/h2>\n<p>In una confezione di barattoli vuoti per spezie con un piccolo macina spezie, puoi scegliere tra diversi meccanismi di macinazione, ad esempio in ceramica o in acciaio inossidabile, a seconda del tipo di spezia e del grado di macinazione desiderato. Se desideri effettuare un ordine di grandi dimensioni, possiamo confezionare il tuo ordine in grandi quantit\u00e0, stampare la tua etichetta privata e creare cofanetti personalizzati che non solo abbelliscono il tuo marchio, ma semplificano anche il processo di distribuzione per la vendita al dettaglio e per la promozione.<\/p>","protected":false},"excerpt":{"rendered":"<p>Barattoli vuoti all&#039;ingrosso per spezie con piccolo macina spezie, fornitura diretta dalla fabbrica per ordini all&#039;ingrosso, logo personalizzato e confezioni disponibili per i marchi di barattoli per condimenti.<\/p>","protected":false},"featured_media":3019,"template":"","meta":{"postBodyCss":"","postBodyMargin":[],"postBodyPadding":[],"postBodyBackground":{"backgroundType":"classic","gradient":""}},"product_brand":[],"product_cat":[15,17,53],"product_tag":[],"class_list":{"0":"post-3010","1":"product","2":"type-product","3":"status-publish","4":"has-post-thumbnail","6":"product_cat-glass-containers","7":"product_cat-glass-jars","8":"product_cat-spice-jars","10":"first","11":"instock","12":"shipping-taxable","13":"product-type-simple"},"jetpack_sharing_enabled":true,"_links":{"self":[{"href":"https:\/\/minghanggroup.com\/it\/wp-json\/wp\/v2\/product\/3010","targetHints":{"allow":["GET"]}}],"collection":[{"href":"https:\/\/minghanggroup.com\/it\/wp-json\/wp\/v2\/product"}],"about":[{"href":"https:\/\/minghanggroup.com\/it\/wp-json\/wp\/v2\/types\/product"}],"wp:featuredmedia":[{"embeddable":true,"href":"https:\/\/minghanggroup.com\/it\/wp-json\/wp\/v2\/media\/3019"}],"wp:attachment":[{"href":"https:\/\/minghanggroup.com\/it\/wp-json\/wp\/v2\/media?parent=3010"}],"wp:term":[{"taxonomy":"product_brand","embeddable":true,"href":"https:\/\/minghanggroup.com\/it\/wp-json\/wp\/v2\/product_brand?post=3010"},{"taxonomy":"product_cat","embeddable":true,"href":"https:\/\/minghanggroup.com\/it\/wp-json\/wp\/v2\/product_cat?post=3010"},{"taxonomy":"product_tag","embeddable":true,"href":"https:\/\/minghanggroup.com\/it\/wp-json\/wp\/v2\/product_tag?post=3010"}],"curies":[{"name":"wp","href":"https:\/\/api.w.org\/{rel}","templated":true}]}}