{"id":2991,"date":"2025-11-13T15:02:56","date_gmt":"2025-11-13T07:02:56","guid":{"rendered":"https:\/\/minghanggroup.com\/?post_type=product&#038;p=2991"},"modified":"2025-11-14T10:06:14","modified_gmt":"2025-11-14T02:06:14","slug":"herb-jars-bulk-empty-spice-bottles","status":"publish","type":"product","link":"https:\/\/minghanggroup.com\/it\/prodotto\/herb-jars-bulk-empty-spice-bottles\/","title":{"rendered":"Barattoli quadrati per erbe aromatiche da 4 once con coperchi in acciaio inossidabile per imballaggio"},"content":{"rendered":"<p>Basta con i problemi di stoccaggio delle spezie che rendono la tua cucina caotica. Realizziamo barattoli per erbe aromatiche di alta qualit\u00e0 che trasformano la tua cucina in uno spazio elegante, mantenendo le spezie fresche. Non sono semplici contenitori: sono la nuova arma segreta del tuo brand per l&#039;organizzazione della cucina e il confezionamento degli alimenti.<\/p>\n<h2>Caratteristiche del prodotto<\/h2>\n<ol>\n<li><strong>Cristallino:<\/strong>Il contenitore trasparente perfetto ti aiuta a individuare subito le spezie senza dover indovinare quando \u00e8 il momento di riempirle.<\/li>\n<li><strong>Tappo di agitazione preciso:<\/strong>Il tappo in acciaio inossidabile con fori uniformemente distanziati consente di avere un controllo perfetto sulla quantit\u00e0 di spezie come pepe, sale, zucchero o farina.<\/li>\n<li><strong>Bottiglia quadrata robusta:<\/strong>Offrendoti la possibilit\u00e0 di conservare pi\u00f9 cose in meno spazio, non solo mantiene le cose ben ordinate, ma ti evita anche il fastidio di vederle rotolare via, ed \u00e8 quindi ideale per cucine o sale da pranzo.<\/li>\n<\/ol>\n<h2>Specifiche chiave<\/h2>\n<table style=\"border-collapse: collapse; width: 80%; margin-left: auto; margin-right: auto;\" border=\"0\" width=\"360\" cellspacing=\"0\" cellpadding=\"0\">\n<tbody>\n<tr style=\"height: 13.50pt;\">\n<td style=\"height: 13.5pt; width: 54pt; text-align: center;\" width=\"72\" height=\"18\">Capacit\u00e0<\/td>\n<td style=\"width: 54pt; text-align: center;\" width=\"72\">Misurare<\/td>\n<td style=\"width: 54pt; text-align: center;\" width=\"72\">Forma<\/td>\n<td style=\"width: 54pt; text-align: center;\" width=\"72\">Opzioni di colore<\/td>\n<td style=\"width: 54pt; text-align: center;\" width=\"72\">Utilizzo<\/td>\n<\/tr>\n<tr style=\"height: 13.50pt;\">\n<td style=\"height: 13.5pt; text-align: center;\" height=\"18\">120 ml (4 once)<\/td>\n<td style=\"text-align: center;\">4*9 cm<\/td>\n<td style=\"text-align: center;\">Piazza<\/td>\n<td style=\"text-align: center;\">Chiaro, personalizzato<\/td>\n<td style=\"text-align: center;\">Confezionare il pepe, il peperoncino, il brodo di pollo, il sale, ecc.<\/td>\n<\/tr>\n<\/tbody>\n<\/table>\n<h2>Caso di successo<\/h2>\n<p>Un marchio di spezie biologiche del Regno Unito ha deciso di contattarci per personalizzare questi barattoli quadrati in vetro per erbe aromatiche: le bottigliette vuote trasparenti mettono in risalto i colori naturali delle spezie e i tappi in metallo contribuiscono all&#039;eleganza generale. Il cliente ha deciso di optare per tappi argentati personalizzati e un&#039;etichetta con il marchio per sottolineare un&#039;elegante tendenza igienica in cucina.<\/p>\n<p>Dopo soli tre mesi dall&#039;inizio, le vendite online di questa linea di prodotti sono aumentate del 42%.<\/p>\n<h2>I tuoi suggerimenti per la personalizzazione<\/h2>\n<p>Trasforma la tua collezione da cucina con barattoli per erbe aromatiche personalizzati che non solo hanno un aspetto magnifico, ma si adattano anche allo stile del tuo brand. Puoi scegliere un vetro trasparente o satinato per mettere in risalto i colori naturali delle erbe e abbinarli a un coperchio ermetico in bamb\u00f9, acciaio inossidabile o nero opaco per ottenere un aspetto chic. Stampa il tuo logo tramite serigrafia o incisione laser e crea etichette esclusive che rappresentino la personalit\u00e0 del tuo brand, ad esempio biologico, moderno o di lusso. Sono disponibili in diverse dimensioni per erbe aromatiche essiccate, spezie o foglie di t\u00e8. Inoltre, questi barattoli vuoti per spezie possono essere i tuoi prossimi eleganti set regalo o i contenitori perfetti per i ristoranti. Fai s\u00ec che la tua linea di spezie diventi la pi\u00f9 chiacchierata grazie alla personalizzazione che non solo attrae, ma garantisce anche che ogni barattolo sia un simbolo di freschezza e qualit\u00e0.<\/p>","protected":false},"excerpt":{"rendered":"<p>Barattoli di vetro per erbe aromatiche e bottiglie di spezie vuote, venduti direttamente dalla fabbrica, disponibili per ordini all&#039;ingrosso e con marchio personalizzato. Ideali per chi cerca un packaging resistente e moderno.<\/p>","protected":false},"featured_media":3006,"template":"","meta":{"postBodyCss":"","postBodyMargin":[],"postBodyPadding":[],"postBodyBackground":{"backgroundType":"classic","gradient":""}},"product_brand":[],"product_cat":[15,17,53],"product_tag":[],"class_list":{"0":"post-2991","1":"product","2":"type-product","3":"status-publish","4":"has-post-thumbnail","6":"product_cat-glass-containers","7":"product_cat-glass-jars","8":"product_cat-spice-jars","10":"first","11":"instock","12":"shipping-taxable","13":"product-type-simple"},"jetpack_sharing_enabled":true,"_links":{"self":[{"href":"https:\/\/minghanggroup.com\/it\/wp-json\/wp\/v2\/product\/2991","targetHints":{"allow":["GET"]}}],"collection":[{"href":"https:\/\/minghanggroup.com\/it\/wp-json\/wp\/v2\/product"}],"about":[{"href":"https:\/\/minghanggroup.com\/it\/wp-json\/wp\/v2\/types\/product"}],"wp:featuredmedia":[{"embeddable":true,"href":"https:\/\/minghanggroup.com\/it\/wp-json\/wp\/v2\/media\/3006"}],"wp:attachment":[{"href":"https:\/\/minghanggroup.com\/it\/wp-json\/wp\/v2\/media?parent=2991"}],"wp:term":[{"taxonomy":"product_brand","embeddable":true,"href":"https:\/\/minghanggroup.com\/it\/wp-json\/wp\/v2\/product_brand?post=2991"},{"taxonomy":"product_cat","embeddable":true,"href":"https:\/\/minghanggroup.com\/it\/wp-json\/wp\/v2\/product_cat?post=2991"},{"taxonomy":"product_tag","embeddable":true,"href":"https:\/\/minghanggroup.com\/it\/wp-json\/wp\/v2\/product_tag?post=2991"}],"curies":[{"name":"wp","href":"https:\/\/api.w.org\/{rel}","templated":true}]}}