{"id":2896,"date":"2025-11-12T17:01:34","date_gmt":"2025-11-12T09:01:34","guid":{"rendered":"https:\/\/minghanggroup.com\/?post_type=product&#038;p=2896"},"modified":"2025-11-14T10:06:20","modified_gmt":"2025-11-14T02:06:20","slug":"mini-spice-jars-with-metal-shaker-bulk-glass-containers","status":"publish","type":"product","link":"https:\/\/minghanggroup.com\/it\/prodotto\/mini-spice-jars-with-metal-shaker-bulk-glass-containers\/","title":{"rendered":"Mini barattoli per spezie da 10 ml e 15 ml con shaker in metallo sfusi"},"content":{"rendered":"<p>Basta con i problemi di stoccaggio delle spezie che rendono la tua cucina caotica. Realizziamo mini barattoli per spezie di alta qualit\u00e0 che trasformano la tua cucina in uno spazio elegante, mantenendo le spezie fresche. Non sono semplici contenitori: sono la nuova arma segreta del tuo brand per l&#039;organizzazione della cucina e il confezionamento degli alimenti.<\/p>\n<h2>Caratteristiche del prodotto<\/h2>\n<ol>\n<li><strong>Opzioni di doppia forma:<\/strong>Scegli tra contenitori rotondi in vetro e quadrati per il tuo set di contenitori per spezie, in modo che si adattino perfettamente all&#039;estetica del tuo marchio.<\/li>\n<li><strong>Dosaggio di precisione:<\/strong>Il design del beccuccio, facile da usare, consente di controllare perfettamente il flusso delle spezie, come pepe, sale, zucchero e farina.<\/li>\n<li><strong>Costruzione durevole:<\/strong>Il vetro spesso con tappo in acciaio inossidabile mantiene le spezie fresche e previene le perdite dai barattoli di vetro per spezie.<\/li>\n<\/ol>\n<h2>Specifiche chiave<\/h2>\n<table style=\"border-collapse: collapse; width: 80%; margin-left: auto; margin-right: auto;\" border=\"0\" width=\"360\" cellspacing=\"0\" cellpadding=\"0\">\n<tbody>\n<tr style=\"height: 13.50pt;\">\n<td style=\"height: 13.5pt; width: 54pt; text-align: center;\" width=\"72\" height=\"18\">Capacit\u00e0 (ml)<\/td>\n<td style=\"width: 54pt; text-align: center;\" width=\"72\">Dimensioni (cm)<\/td>\n<td style=\"width: 54pt; text-align: center;\" width=\"72\">Forma<\/td>\n<td style=\"width: 54pt; text-align: center;\" width=\"72\">Opzioni di colore<\/td>\n<td style=\"width: 54pt; text-align: center;\" width=\"72\">Utilizzo<\/td>\n<\/tr>\n<tr style=\"height: 13.50pt;\">\n<td style=\"height: 13.5pt; text-align: center;\" align=\"right\" height=\"18\">10<\/td>\n<td style=\"text-align: center;\">2.9 * 4.1<\/td>\n<td class=\"et2\" style=\"text-align: center;\" rowspan=\"2\">Rotondo, Quadrato<\/td>\n<td class=\"et2\" style=\"text-align: center;\" rowspan=\"2\">Chiaro, personalizzato<\/td>\n<td class=\"et2\" style=\"text-align: center;\" rowspan=\"2\">Confeziona il pepe, il peperoncino, il sale, ecc.<\/td>\n<\/tr>\n<tr style=\"height: 13.50pt;\">\n<td style=\"height: 13.5pt; text-align: center;\" align=\"right\" height=\"18\">15<\/td>\n<td style=\"text-align: center;\">3.1 * 4.6<\/td>\n<\/tr>\n<\/tbody>\n<\/table>\n<h2>Caso di successo<\/h2>\n<p>Un produttore di spezie canadese ci ha contattato per un set personalizzato di mini barattoli per spezie. I barattoli hanno un corpo in vetro trasparente dall&#039;aspetto gradevole e un coperchio in acciaio inossidabile resistente e gradevole, risultando quindi sia pratici che estetici. Le loro dimensioni ridotte li rendono perfetti per i tavoli di ristoranti e bar e, allo stesso tempo, il corpo in vetro trasparente permette ai clienti di identificare rapidamente le diverse spezie.<\/p>\n<p>Dopo il lancio del nuovo set di barattoli per spezie, i clienti del settore catering hanno iniziato a effettuare ordini all&#039;ingrosso, registrando un aumento del 25%.<\/p>\n<h2>I tuoi suggerimenti per la personalizzazione<\/h2>\n<p>Questi piccoli barattoli per spezie possono essere personalizzati in modo molto flessibile per adattarsi a diversi scenari di utilizzo e al posizionamento del marchio. Ad esempio, gli acquirenti possono decidere se desiderano bottiglie quadrate o rotonde per adattarsi a diversi stili di esposizione, e il materiale del tappo pu\u00f2 essere scelto tra acciaio inossidabile, lega di alluminio o plastica, offrendo cos\u00ec un&#039;ampia gamma di finiture come lucida, opaca o verniciata a spruzzo. Inoltre, \u00e8 possibile stampare sui barattoli loghi o marcature graduate per renderli pi\u00f9 riconoscibili e servire meglio gli utenti. Infine, ai clienti di fascia alta possono essere fornite confezioni regalo o set di vassoi in bamb\u00f9 per rendere il set di contenitori per spezie pi\u00f9 elegante.<\/p>","protected":false},"excerpt":{"rendered":"<p>Scopri i nostri mini barattoli per spezie: un set di contenitori in vetro personalizzabili, disponibili per ordini all&#039;ingrosso. La fornitura diretta in fabbrica garantisce qualit\u00e0, consegna rapida e possibilit\u00e0 di personalizzazione OEM.<\/p>","protected":false},"featured_media":2897,"template":"","meta":{"postBodyCss":"","postBodyMargin":[],"postBodyPadding":[],"postBodyBackground":{"backgroundType":"classic","gradient":""}},"product_brand":[],"product_cat":[15,17,53],"product_tag":[],"class_list":{"0":"post-2896","1":"product","2":"type-product","3":"status-publish","4":"has-post-thumbnail","6":"product_cat-glass-containers","7":"product_cat-glass-jars","8":"product_cat-spice-jars","10":"first","11":"instock","12":"shipping-taxable","13":"product-type-simple"},"jetpack_sharing_enabled":true,"_links":{"self":[{"href":"https:\/\/minghanggroup.com\/it\/wp-json\/wp\/v2\/product\/2896","targetHints":{"allow":["GET"]}}],"collection":[{"href":"https:\/\/minghanggroup.com\/it\/wp-json\/wp\/v2\/product"}],"about":[{"href":"https:\/\/minghanggroup.com\/it\/wp-json\/wp\/v2\/types\/product"}],"wp:featuredmedia":[{"embeddable":true,"href":"https:\/\/minghanggroup.com\/it\/wp-json\/wp\/v2\/media\/2897"}],"wp:attachment":[{"href":"https:\/\/minghanggroup.com\/it\/wp-json\/wp\/v2\/media?parent=2896"}],"wp:term":[{"taxonomy":"product_brand","embeddable":true,"href":"https:\/\/minghanggroup.com\/it\/wp-json\/wp\/v2\/product_brand?post=2896"},{"taxonomy":"product_cat","embeddable":true,"href":"https:\/\/minghanggroup.com\/it\/wp-json\/wp\/v2\/product_cat?post=2896"},{"taxonomy":"product_tag","embeddable":true,"href":"https:\/\/minghanggroup.com\/it\/wp-json\/wp\/v2\/product_tag?post=2896"}],"curies":[{"name":"wp","href":"https:\/\/api.w.org\/{rel}","templated":true}]}}