{"id":2876,"date":"2025-11-12T15:24:00","date_gmt":"2025-11-12T07:24:00","guid":{"rendered":"https:\/\/minghanggroup.com\/?post_type=product&#038;p=2876"},"modified":"2025-11-14T10:06:26","modified_gmt":"2025-11-14T02:06:26","slug":"cute-spice-jars-season-storage-containers-wholesale","status":"publish","type":"product","link":"https:\/\/minghanggroup.com\/it\/prodotto\/cute-spice-jars-season-storage-containers-wholesale\/","title":{"rendered":"Barattoli per spezie carini da 250 ml con coperchi in bamb\u00f9 all&#039;ingrosso"},"content":{"rendered":"<p>Non continuare a lottare con contenitori per spezie poco attraenti che rendono la tua cucina triste. Produciamo adorabili barattoli per spezie di alta qualit\u00e0 che non solo ti aiutano a conservare le tue spezie in modo fresco, ma rendono anche la tua cucina un luogo alla moda. Non sono semplici contenitori: sono la nuova arma segreta del tuo marchio per l&#039;organizzazione della cucina e il confezionamento degli alimenti.<\/p>\n<h2>Caratteristiche del prodotto<\/h2>\n<ol>\n<li><strong>Design a onde strutturate:<\/strong>Il motivo ondulato irregolare dei nostri graziosi barattoli per spezie da cucina attira l&#039;attenzione del cliente e rende i contenitori per condimenti comodi da impugnare.<\/li>\n<li><strong>Coperchio in bamb\u00f9 naturale:<\/strong>I coperchi in bamb\u00f9 e gli anelli di tenuta mantengono fresche le spezie e impediscono all&#039;umidit\u00e0 di danneggiarle se i contenitori per condimenti si bagnano.<\/li>\n<li><strong>Opzioni di colore personalizzate:<\/strong>Scegliendo un colore trasparente o personalizzato, puoi abbinare il tuo marchio e ottenere graziosi barattoli per spezie che si abbinano perfettamente al tuo marchio.<\/li>\n<\/ol>\n<h2>Specifiche chiave<\/h2>\n<table style=\"border-collapse: collapse; width: 80%; margin-left: AUTO; margin-right: AUTO;\" border=\"0\" width=\"360\" cellspacing=\"0\" cellpadding=\"0\">\n<tbody>\n<tr style=\"height: 13.50pt;\">\n<td style=\"height: 13.5pt; width: 54pt; text-align: center;\" width=\"72\" height=\"18\">Capacit\u00e0<\/td>\n<td style=\"width: 54pt; text-align: center;\" width=\"72\">Materiali<\/td>\n<td style=\"width: 54pt; text-align: center;\" width=\"72\">Opzioni di colore<\/td>\n<td style=\"width: 54pt; text-align: center;\" width=\"72\">Coperchi<\/td>\n<td style=\"width: 54pt; text-align: center;\" width=\"72\">Trattamento superficiale<\/td>\n<\/tr>\n<tr style=\"height: 13.50pt;\">\n<td style=\"height: 13.5pt; text-align: center;\" height=\"18\">250 ml<\/td>\n<td style=\"text-align: center;\">Vetro bianco alto, vetro resistente al calore<\/td>\n<td style=\"text-align: center;\">Cancella, accetta la personalizzazione<\/td>\n<td style=\"text-align: center;\">Coperchio in bamb\u00f9 \/ Coperchio in vetro \/ Coperchio in sughero \/ Coperchio in plastica PE<\/td>\n<td style=\"text-align: center;\">Serigrafia\/satinata\/decalcomania\/spray colorato\/etichetta, ecc.<\/td>\n<\/tr>\n<\/tbody>\n<\/table>\n<h2>Caso di successo<\/h2>\n<p>Il nostro team ha avuto l&#039;opportunit\u00e0 di collaborare con un ristorante in Canada per creare una linea unica di graziosi barattoli per spezie con coperchi in bamb\u00f9 personalizzati. Queste spezie sono contenute in vetro alimentare ultra trasparente e ogni contenitore \u00e8 dotato di un coperchio in bamb\u00f9 ecologico e di un cucchiaino dello stesso materiale. L&#039;incisione laser del logo del marchio sui coperchi \u00e8 un modo discreto per promuovere il marchio.<\/p>\n<p>Molti clienti che hanno sostituito i contenitori per la conservazione delle spezie con questi prodotti hanno scritto nei loro commenti che il design unico dei barattoli si adatta molto bene allo stile del ristorante e che l&#039;ampia apertura ha reso facile prelevare le spezie.<\/p>\n<h2>I tuoi suggerimenti per la personalizzazione<\/h2>\n<p>Che grazioso barattolo per spezie personalizzato per promuovere il tuo marchio! Il tuo logo o la tua immagine possono essere incisi al laser sul coperchio in bamb\u00f9, creando un&#039;ottima combinazione tra la natura e il tuo marchio; oppure puoi semplicemente cambiare il materiale del coperchio per riflettere il colore del tuo marchio, come legno, bamb\u00f9 colorato o metallo, e aggiungere uno stile versatile. Anche la parte in vetro del contenitore \u00e8 disponibile per la personalizzazione, con contenitori trasparenti o satinati e diverse capacit\u00e0 per la conservazione delle spezie. Completato con una base in legno o un set di cucchiai in bamb\u00f9, il look complessivo sar\u00e0 ancora pi\u00f9 accattivante, rappresentando quindi un&#039;ottima soluzione per l&#039;organizzazione della cucina e per il settore dei regali.<\/p>","protected":false},"excerpt":{"rendered":"<p>Scopri i nostri graziosi barattoli per spezie con coperchi in bamb\u00f9: contenitori per condimenti consegnati direttamente dalla fabbrica, personalizzabili per ordini all&#039;ingrosso con consegna rapida e opzioni OEM.<\/p>","protected":false},"featured_media":2877,"template":"","meta":{"postBodyCss":"","postBodyMargin":[],"postBodyPadding":[],"postBodyBackground":{"backgroundType":"classic","gradient":""}},"product_brand":[],"product_cat":[15,17,53],"product_tag":[],"class_list":{"0":"post-2876","1":"product","2":"type-product","3":"status-publish","4":"has-post-thumbnail","6":"product_cat-glass-containers","7":"product_cat-glass-jars","8":"product_cat-spice-jars","10":"first","11":"instock","12":"shipping-taxable","13":"product-type-simple"},"jetpack_sharing_enabled":true,"_links":{"self":[{"href":"https:\/\/minghanggroup.com\/it\/wp-json\/wp\/v2\/product\/2876","targetHints":{"allow":["GET"]}}],"collection":[{"href":"https:\/\/minghanggroup.com\/it\/wp-json\/wp\/v2\/product"}],"about":[{"href":"https:\/\/minghanggroup.com\/it\/wp-json\/wp\/v2\/types\/product"}],"wp:featuredmedia":[{"embeddable":true,"href":"https:\/\/minghanggroup.com\/it\/wp-json\/wp\/v2\/media\/2877"}],"wp:attachment":[{"href":"https:\/\/minghanggroup.com\/it\/wp-json\/wp\/v2\/media?parent=2876"}],"wp:term":[{"taxonomy":"product_brand","embeddable":true,"href":"https:\/\/minghanggroup.com\/it\/wp-json\/wp\/v2\/product_brand?post=2876"},{"taxonomy":"product_cat","embeddable":true,"href":"https:\/\/minghanggroup.com\/it\/wp-json\/wp\/v2\/product_cat?post=2876"},{"taxonomy":"product_tag","embeddable":true,"href":"https:\/\/minghanggroup.com\/it\/wp-json\/wp\/v2\/product_tag?post=2876"}],"curies":[{"name":"wp","href":"https:\/\/api.w.org\/{rel}","templated":true}]}}