{"id":2836,"date":"2025-11-12T14:04:17","date_gmt":"2025-11-12T06:04:17","guid":{"rendered":"https:\/\/minghanggroup.com\/?post_type=product&#038;p=2836"},"modified":"2025-11-14T10:06:33","modified_gmt":"2025-11-14T02:06:33","slug":"spice-shaker-jars-wholesaler-glass-jars-factory","status":"publish","type":"product","link":"https:\/\/minghanggroup.com\/it\/prodotto\/spice-shaker-jars-wholesaler-glass-jars-factory\/","title":{"rendered":"Barattoli per spezie da 85 ml con coperchio per la conservazione"},"content":{"rendered":"<p>Non lasciare che un barattolo di erbe aromatiche disordinato continui a essere fonte di problemi e a rendere la tua cucina disordinata. Produciamo barattoli per spezie di alta qualit\u00e0 che non solo rendono la tua cucina un luogo alla moda, ma mantengono anche le tue spezie fresche. Non sono semplici contenitori, sono la nuova arma segreta del tuo marchio per l&#039;organizzazione della cucina e il confezionamento degli alimenti.<\/p>\n<h2>Caratteristiche del prodotto<\/h2>\n<p><strong>Impugnatura ergonomica:<\/strong>Il design liscio e curvo dell&#039;impugnatura del barattolo per le erbe aromatiche lo rende comodo e facile da maneggiare per qualsiasi uso in cucina.<\/p>\n<p><strong>Personalizzazione del colore:<\/strong>Puoi scegliere il colore del coperchio tra nero, rosso, giallo, argento o verde, in modo che si abbini al marchio del tuo barattolo per erbe aromatiche.<\/p>\n<p><strong>Tappo agitatore di precisione:<\/strong>I fori consentono di controllare perfettamente il flusso delle spezie, come pepe, sale, zucchero e farina.<\/p>\n<h2>Specifiche chiave<\/h2>\n<table style=\"border-collapse: collapse; width: 80%; margin-left: AUTO; margin-right: AUTO;\" border=\"0\" width=\"288\" cellspacing=\"0\" cellpadding=\"0\">\n<tbody>\n<tr style=\"height: 13.50pt;\">\n<td style=\"height: 13.5pt; width: 54pt; text-align: center;\" width=\"72\" height=\"18\">Capacit\u00e0<\/td>\n<td style=\"width: 54pt; text-align: center;\" width=\"72\">Coperchi<\/td>\n<td style=\"width: 54pt; text-align: center;\" width=\"72\">Opzioni di colore<\/td>\n<td style=\"width: 54pt; text-align: center;\" width=\"72\">Utilizzo<\/td>\n<\/tr>\n<tr style=\"height: 13.50pt;\">\n<td style=\"height: 13.5pt; text-align: center;\" height=\"18\">85 ml<\/td>\n<td style=\"text-align: center;\">Tappo a vite a farfalla<\/td>\n<td style=\"text-align: center;\">Chiaro, personalizzato<\/td>\n<td style=\"text-align: center;\">Erbe secche, spezie, pepe, spezie e altro ancora<\/td>\n<\/tr>\n<\/tbody>\n<\/table>\n<h2>Caso di successo<\/h2>\n<p>Un produttore canadese di articoli per la casa ci ha contattato per personalizzare questo barattolo per erbe aromatiche e un barattolo trasparente per la vaniglia, per mostrare i colori puri delle spezie. Il marchio ha creato un codice colore semplice e intuitivo per i diversi tipi di spezie, personalizzando i tappi flip-top rossi, gialli e verdi.<\/p>\n<p>Il risultato si \u00e8 rivelato davvero impressionante: il prodotto non solo \u00e8 diventato pi\u00f9 visibile sullo scaffale, ma ha anche generato un aumento delle vendite del 25% in tre mesi.<\/p>\n<h2>I tuoi suggerimenti per la personalizzazione<\/h2>\n<p>Uno dei modi migliori per aumentare la notoriet\u00e0 del tuo marchio \u00e8 quello di utilizzare un design trendy ed elegante per questi barattoli per spezie. Potresti valutare di personalizzare il colore del coperchio, ad esempio scegliendo colori vivaci come rosso, verde o giallo per abbinare le diverse spezie. Questo non solo semplifica la selezione, ma rende anche lo scaffale una sorta di punto di attrazione visiva. Puoi anche applicare il logo del tuo marchio, un&#039;incisione o un&#039;etichetta sul tappo o sulla bottiglia. Valuta l&#039;utilizzo di un sigillo a prova di umidit\u00e0 o di vetro smerigliato per conferire un aspetto gradevole al prodotto e assicurati che l&#039;aspetto e la funzionalit\u00e0 del prodotto siano in linea con l&#039;identit\u00e0 del marchio.<\/p>","protected":false},"excerpt":{"rendered":"<p>Scopri i vivaci design dei barattoli per spezie e dei barattoli per erbe aromatiche: prodotti direttamente dalla fabbrica, personalizzabili e disponibili per ordini all&#039;ingrosso per soddisfare le tue esigenze di confezionamento dei condimenti.<\/p>","protected":false},"featured_media":2866,"template":"","meta":{"postBodyCss":"","postBodyMargin":[],"postBodyPadding":[],"postBodyBackground":{"backgroundType":"classic","gradient":""}},"product_brand":[],"product_cat":[15,17,53],"product_tag":[],"class_list":{"0":"post-2836","1":"product","2":"type-product","3":"status-publish","4":"has-post-thumbnail","6":"product_cat-glass-containers","7":"product_cat-glass-jars","8":"product_cat-spice-jars","10":"first","11":"instock","12":"shipping-taxable","13":"product-type-simple"},"jetpack_sharing_enabled":true,"_links":{"self":[{"href":"https:\/\/minghanggroup.com\/it\/wp-json\/wp\/v2\/product\/2836","targetHints":{"allow":["GET"]}}],"collection":[{"href":"https:\/\/minghanggroup.com\/it\/wp-json\/wp\/v2\/product"}],"about":[{"href":"https:\/\/minghanggroup.com\/it\/wp-json\/wp\/v2\/types\/product"}],"wp:featuredmedia":[{"embeddable":true,"href":"https:\/\/minghanggroup.com\/it\/wp-json\/wp\/v2\/media\/2866"}],"wp:attachment":[{"href":"https:\/\/minghanggroup.com\/it\/wp-json\/wp\/v2\/media?parent=2836"}],"wp:term":[{"taxonomy":"product_brand","embeddable":true,"href":"https:\/\/minghanggroup.com\/it\/wp-json\/wp\/v2\/product_brand?post=2836"},{"taxonomy":"product_cat","embeddable":true,"href":"https:\/\/minghanggroup.com\/it\/wp-json\/wp\/v2\/product_cat?post=2836"},{"taxonomy":"product_tag","embeddable":true,"href":"https:\/\/minghanggroup.com\/it\/wp-json\/wp\/v2\/product_tag?post=2836"}],"curies":[{"name":"wp","href":"https:\/\/api.w.org\/{rel}","templated":true}]}}