{"id":2772,"date":"2025-11-12T10:39:54","date_gmt":"2025-11-12T02:39:54","guid":{"rendered":"https:\/\/minghanggroup.com\/?post_type=product&#038;p=2772"},"modified":"2026-03-02T15:08:54","modified_gmt":"2026-03-02T07:08:54","slug":"bulk-transparent-round-glass-hot-sauce-containers","status":"publish","type":"product","link":"https:\/\/minghanggroup.com\/it\/prodotto\/bulk-transparent-round-glass-hot-sauce-containers\/","title":{"rendered":"Contenitori rotondi trasparenti in vetro per salsa piccante da 8 once"},"content":{"rendered":"<p>Questi contenitori per salsa piccante sono contenuti in una bottiglia di vetro sottile, elegante e trasparente con un tappo a vite nero, che consente a chiunque di percepire visivamente la salsa rossa brillante e i fiocchi di peperoncino rosso.<\/p>\n<h2>Caratteristiche del prodotto<\/h2>\n<ul>\n<li><strong>Vetro trasparente:<\/strong> Un contenitore di vetro trasparente \u00e8 uno strumento eccellente per mostrare al cliente il colore intenso e la purezza della salsa piccante.<\/li>\n<li><strong>Tappo a vite nero:<\/strong> Un tappo a vite nero ben chiuso per la salsa piccante \u00e8 molto efficace per evitare perdite durante il trasporto della salsa.<\/li>\n<li><strong>Comodit\u00e0 e facilit\u00e0 d&#039;uso:<\/strong> La forma sottile ed elegante della bottiglia si adatta perfettamente alla mano, cos\u00ec gli acquirenti non avranno problemi a versare e controllare la quantit\u00e0 di prodotto.<\/li>\n<\/ul>\n<h2 style=\"text-align: left;\">Specifiche chiave<\/h2>\n<table class=\"aligncenter\" style=\"border-collapse: collapse; width: 492.77pt;\" border=\"0\" width=\"657\" cellspacing=\"0\" cellpadding=\"0\">\n<tbody>\n<tr style=\"height: 13.50pt;\">\n<td style=\"height: 13.50pt; width: 107.25pt;\" width=\"143\" height=\"18\">Specifica<\/td>\n<td style=\"width: 385.50pt;\" width=\"514\">Dettagli<\/td>\n<\/tr>\n<tr style=\"height: 13.50pt;\">\n<td style=\"height: 13.50pt;\" height=\"18\">Capacit\u00e0<\/td>\n<td>250 ml (8 once)<\/td>\n<\/tr>\n<tr style=\"height: 13.50pt;\">\n<td style=\"height: 13.50pt;\" height=\"18\">Dimensioni<\/td>\n<td>5,2 centimetri \u00d7 18,9 centimetri<\/td>\n<\/tr>\n<tr style=\"height: 13.50pt;\">\n<td style=\"height: 13.50pt;\" height=\"18\">Materiale<\/td>\n<td>Stout in vetro trasparente per uso alimentare<\/td>\n<\/tr>\n<tr style=\"height: 13.50pt;\">\n<td style=\"height: 13.50pt;\" height=\"18\">Tipo di bottiglia<\/td>\n<td>Bottiglia di vetro rotonda con collo lungo, base piatta, spalla liscia<\/td>\n<\/tr>\n<tr style=\"height: 13.50pt;\">\n<td style=\"height: 13.50pt;\" height=\"18\">Chiusura<\/td>\n<td>Filettatura standard (adatta a tappi in plastica\/metallo + rivestimento)<\/td>\n<\/tr>\n<tr style=\"height: 13.50pt;\">\n<td style=\"height: 13.50pt;\" height=\"18\">Ideale per<\/td>\n<td>Salsa piccante, salsa barbecue, condimento<\/td>\n<\/tr>\n<tr style=\"height: 13.50pt;\">\n<td style=\"height: 13.50pt;\" height=\"18\">Caso d&#039;uso<\/td>\n<td>Contenitori di salsa vuoti, bottiglie di salsa piccante sfuse<\/td>\n<\/tr>\n<\/tbody>\n<\/table>\n<h2>Caso di studio reale: la storia di un produttore di salse artigianali<\/h2>\n<p>Alla ricerca di un prodotto di qualit\u00e0 che rispecchiasse il marchio, una startup impegnata nella produzione in piccoli lotti di salse uniche aveva bisogno di contenitori affidabili per salse piccanti. Alla fine ha scelto questa bottiglia di vetro da 250 ml. Ebbene, qual \u00e8 stato il risultato dei suoi esperimenti online? Il fatturato dell&#039;e-commerce \u00e8 aumentato del 20% nel primo trimestre e i consumatori, in particolare, hanno indicato il packaging sofisticato del prodotto come motivo principale dei loro acquisti. La funzionalit\u00e0 anti-perdita ha anche ridotto i casi di merce danneggiata fino al 95%. Hanno ordinato 200.000 bottiglie all&#039;ingrosso per le linee di gusto di due nuovi prodotti, il che dimostra la loro grande soddisfazione per le prestazioni del prodotto.<\/p>\n<h2>Soluzioni personalizzate per contenitori di salsa piccante<\/h2>\n<ul>\n<li><strong>Marcature di capacit\u00e0 serigrafate:<\/strong> Rendi permanenti le marcature di capacit\u00e0 stampandole, per garantire praticit\u00e0 e professionalit\u00e0 allo stesso tempo.<\/li>\n<li><strong>Colori del vetro personalizzati:<\/strong> Per proteggere le salse sensibili alla luce, valutate l&#039;opzione di colore ambra o verde per il vostro bicchiere.<\/li>\n<li><strong>Motivi in \u200b\u200bvetro strutturato:<\/strong> L&#039;idea delle superfici strutturate non solo offre uno straordinario effetto visivo, ma risolve anche il problema della presa, offrendo allo stesso tempo estetica e funzionalit\u00e0.<\/li>\n<li><strong>Regolatori di flusso dedicati:<\/strong> Progettare regolatori di flusso dedicati per regolare la portata di prodotti pi\u00f9 densi come sciroppi o salse.<\/li>\n<\/ul>","protected":false},"excerpt":{"rendered":"<p>Bottiglie sottili in vetro per salse piccanti sfuse con tappo nero, pensate come pratici contenitori per salse. Contenitori per salse piccanti perfetti per la vendita all&#039;ingrosso, con spedizione rapida.<\/p>","protected":false},"featured_media":2853,"template":"","meta":{"postBodyCss":"","postBodyMargin":[],"postBodyPadding":[],"postBodyBackground":{"backgroundType":"classic","gradient":""}},"product_brand":[],"product_cat":[15,16,54],"product_tag":[72,98],"class_list":{"0":"post-2772","1":"product","2":"type-product","3":"status-publish","4":"has-post-thumbnail","6":"product_cat-glass-containers","7":"product_cat-glass-bottles","8":"product_cat-hot-sauce-bottles","9":"product_tag-juice-bottles","10":"product_tag-salad-dressing-bottles","12":"first","13":"instock","14":"shipping-taxable","15":"product-type-simple"},"jetpack_sharing_enabled":true,"_links":{"self":[{"href":"https:\/\/minghanggroup.com\/it\/wp-json\/wp\/v2\/product\/2772","targetHints":{"allow":["GET"]}}],"collection":[{"href":"https:\/\/minghanggroup.com\/it\/wp-json\/wp\/v2\/product"}],"about":[{"href":"https:\/\/minghanggroup.com\/it\/wp-json\/wp\/v2\/types\/product"}],"wp:featuredmedia":[{"embeddable":true,"href":"https:\/\/minghanggroup.com\/it\/wp-json\/wp\/v2\/media\/2853"}],"wp:attachment":[{"href":"https:\/\/minghanggroup.com\/it\/wp-json\/wp\/v2\/media?parent=2772"}],"wp:term":[{"taxonomy":"product_brand","embeddable":true,"href":"https:\/\/minghanggroup.com\/it\/wp-json\/wp\/v2\/product_brand?post=2772"},{"taxonomy":"product_cat","embeddable":true,"href":"https:\/\/minghanggroup.com\/it\/wp-json\/wp\/v2\/product_cat?post=2772"},{"taxonomy":"product_tag","embeddable":true,"href":"https:\/\/minghanggroup.com\/it\/wp-json\/wp\/v2\/product_tag?post=2772"}],"curies":[{"name":"wp","href":"https:\/\/api.w.org\/{rel}","templated":true}]}}