{"id":2749,"date":"2025-11-12T11:33:21","date_gmt":"2025-11-12T03:33:21","guid":{"rendered":"https:\/\/minghanggroup.com\/?post_type=product&#038;p=2749"},"modified":"2025-11-14T10:06:40","modified_gmt":"2025-11-14T02:06:40","slug":"4oz-glass-herb-jars-with-bamboo-lid-for-seasoning","status":"publish","type":"product","link":"https:\/\/minghanggroup.com\/it\/prodotto\/4oz-glass-herb-jars-with-bamboo-lid-for-seasoning\/","title":{"rendered":"Barattoli di vetro per erbe aromatiche da 4 once con coperchio in bamb\u00f9 per condire"},"content":{"rendered":"<p>Non continuare a lottare contro una conservazione impropria delle spezie che rende la tua cucina ancora pi\u00f9 disordinata. Produciamo barattoli per spezie quadrati in vetro di alta qualit\u00e0 che non solo mantengono fresche le tue spezie, ma valorizzano anche l&#039;aspetto della tua cucina. Non sono semplici contenitori: sono la nuova arma segreta del tuo brand per l&#039;organizzazione della cucina e il confezionamento degli alimenti.<\/p>\n<h2>Caratteristiche del prodotto<\/h2>\n<p>Opzioni di colori vivaci: per i barattoli di vetro per erbe aromatiche e spezie, puoi scegliere ambra, rosso, blu o verde per abbinarli perfettamente all&#039;aspetto del tuo marchio.<\/p>\n<p>Coperchio in bamb\u00f9 naturale: i tappi in bamb\u00f9 non solo conferiscono un aspetto naturale ai contenitori per le spezie, ma garantiscono anche una chiusura ermetica: cosa c&#039;\u00e8 di pi\u00f9 perfetto per pepe, sale ed erbe aromatiche?<\/p>\n<p>Design moderno e quadrato: l&#039;elegante forma quadrata dei contenitori per la conservazione delle spezie e della cucina \u00e8 ci\u00f2 che li rende fantastici, adatti a qualsiasi attivit\u00e0 alimentare, basta guardarli.<\/p>\n<h2>Specifiche chiave<\/h2>\n<table style=\"border-collapse: collapse; width: 80%; margin-left: auto; margin-right: auto;\" border=\"0\" width=\"360\" cellspacing=\"0\" cellpadding=\"0\">\n<tbody>\n<tr style=\"height: 13.50pt;\">\n<td style=\"height: 13.5pt; width: 54pt; text-align: center;\" width=\"72\" height=\"18\">Capacit\u00e0<\/td>\n<td style=\"width: 54pt; text-align: center;\" width=\"72\">Forma<\/td>\n<td style=\"width: 54pt; text-align: center;\" width=\"72\">Opzioni di colore<\/td>\n<td style=\"width: 54pt; text-align: center;\" width=\"72\">Materiale<\/td>\n<td style=\"width: 54pt; text-align: center;\" width=\"72\">Opzioni del coperchio<\/td>\n<\/tr>\n<tr style=\"height: 13.50pt;\">\n<td style=\"height: 13.5pt; text-align: center;\" height=\"18\">120 ml\/4 oz<\/td>\n<td style=\"text-align: center;\">Piazza<\/td>\n<td style=\"text-align: center;\">Ambra, Rosso, Blu, Verde, Personalizzato<\/td>\n<td style=\"text-align: center;\">Vetro resistente<\/td>\n<td style=\"text-align: center;\">Bamb\u00f9, metallo, plastica, coperchi shaker<\/td>\n<\/tr>\n<\/tbody>\n<\/table>\n<h2>Caso di successo<\/h2>\n<p>Un marchio biologico europeo ha collaborato con noi per sviluppare una gamma di barattoli quadrati in vetro per spezie di alta qualit\u00e0 per la sua linea di prodotti alla vaniglia. Per preservare la freschezza delle spezie e proteggerle dalla luce, hanno optato per barattoli in vetro color ambra intenso e blu cobalto; nel frattempo, l&#039;immagine ecologica del marchio \u00e8 stata portata a un nuovo livello grazie ai coperchi in bamb\u00f9 personalizzati, marchiati con il logo del marchio.<\/p>\n<p>Dopo il lancio del prodotto, le vendite del marchio sono aumentate del 28%.<\/p>\n<h2>I tuoi suggerimenti per la personalizzazione<\/h2>\n<p>I barattoli quadrati in vetro per spezie sono sufficientemente adattabili da adattarsi a diversi posizionamenti del marchio e possono essere realizzati in vetro ambrato, blu, verde o trasparente per abbinarsi alla combinazione di colori di qualsiasi linea di erbe o spezie. I coperchi possono essere in bamb\u00f9, alluminio o plastica e possono avere il logo del marchio inciso al laser o stampato per contribuire a un&#039;immagine del marchio che sia naturale o moderna. Oltre a ci\u00f2, \u00e8 possibile avere guarnizioni di tenuta a prova di umidit\u00e0, coperchi con fori per la spruzzatura o coperchi a cucchiaio per migliorare la funzionalit\u00e0 e l&#039;aspetto estetico dei barattoli per spezie, che diventano cos\u00ec non solo strumenti di conservazione, ma anche un elemento estetico della cucina del marchio.<\/p>","protected":false},"excerpt":{"rendered":"<p>Eleganti barattoli in vetro per erbe aromatiche con coperchi in bamb\u00f9: direttamente dalla fabbrica, personalizzabili e disponibili all&#039;ingrosso per conferire un tocco moderno al packaging delle spezie del tuo marchio.<\/p>","protected":false},"featured_media":2750,"template":"","meta":{"postBodyCss":"","postBodyMargin":[],"postBodyPadding":[],"postBodyBackground":{"backgroundType":"classic","gradient":""}},"product_brand":[],"product_cat":[15,17,53],"product_tag":[],"class_list":{"0":"post-2749","1":"product","2":"type-product","3":"status-publish","4":"has-post-thumbnail","6":"product_cat-glass-containers","7":"product_cat-glass-jars","8":"product_cat-spice-jars","10":"first","11":"instock","12":"shipping-taxable","13":"product-type-simple"},"jetpack_sharing_enabled":true,"_links":{"self":[{"href":"https:\/\/minghanggroup.com\/it\/wp-json\/wp\/v2\/product\/2749","targetHints":{"allow":["GET"]}}],"collection":[{"href":"https:\/\/minghanggroup.com\/it\/wp-json\/wp\/v2\/product"}],"about":[{"href":"https:\/\/minghanggroup.com\/it\/wp-json\/wp\/v2\/types\/product"}],"wp:featuredmedia":[{"embeddable":true,"href":"https:\/\/minghanggroup.com\/it\/wp-json\/wp\/v2\/media\/2750"}],"wp:attachment":[{"href":"https:\/\/minghanggroup.com\/it\/wp-json\/wp\/v2\/media?parent=2749"}],"wp:term":[{"taxonomy":"product_brand","embeddable":true,"href":"https:\/\/minghanggroup.com\/it\/wp-json\/wp\/v2\/product_brand?post=2749"},{"taxonomy":"product_cat","embeddable":true,"href":"https:\/\/minghanggroup.com\/it\/wp-json\/wp\/v2\/product_cat?post=2749"},{"taxonomy":"product_tag","embeddable":true,"href":"https:\/\/minghanggroup.com\/it\/wp-json\/wp\/v2\/product_tag?post=2749"}],"curies":[{"name":"wp","href":"https:\/\/api.w.org\/{rel}","templated":true}]}}