{"id":2660,"date":"2025-11-11T16:16:12","date_gmt":"2025-11-11T08:16:12","guid":{"rendered":"https:\/\/minghanggroup.com\/?post_type=product&#038;p=2660"},"modified":"2026-03-02T15:09:28","modified_gmt":"2026-03-02T07:09:28","slug":"bulk-round-hot-sause-bottles-for-pepper-sauce","status":"publish","type":"product","link":"https:\/\/minghanggroup.com\/it\/prodotto\/bulk-round-hot-sause-bottles-for-pepper-sauce\/","title":{"rendered":"Bottiglie rotonde per salsa piccante sfuse da 250 ml, 350 ml e 500 ml"},"content":{"rendered":"<p>Queste bottiglie per salse piccanti sono realizzate in vetro trasparente, con linee lisce, arrotondate e tre diverse misure ciascuna. Le bottiglie sono dotate di un tappo a vite rosso brillante, facile da usare e dal design accattivante.<\/p>\n<h2>Caratteristiche del prodotto<\/h2>\n<ul>\n<li><strong>Materiale in vetro puro:<\/strong> Nei contenitori di vetro trasparente, pochi clienti riescono a resistere al fascino del colore vivido e della consistenza della salsa chili.<\/li>\n<li><strong>Sigillo di sicurezza e a prova di perdite:<\/strong> La freschezza del prodotto \u00e8 una caratteristica del tappo a vite, garantita da una guarnizione antimanomissione, e le perdite sono evitate durante il trasporto e lo stoccaggio del prodotto.<\/li>\n<li><strong>Design minimalista della bottiglia:<\/strong> La forma pulita e cilindrica, unita alle linee morbide ed eleganti, creano una combinazione di funzionalit\u00e0 e facilit\u00e0 di stoccaggio.<\/li>\n<\/ul>\n<h2 style=\"text-align: left;\">Specifiche chiave<\/h2>\n<table class=\"aligncenter\" style=\"border-collapse: collapse; width: 588.77pt;\" border=\"0\" width=\"785\" cellspacing=\"0\" cellpadding=\"0\">\n<tbody>\n<tr style=\"height: 13.50pt;\">\n<td style=\"height: 13.50pt; width: 108.75pt;\" width=\"145\" height=\"18\">Specifica<\/td>\n<td style=\"width: 480.00pt;\" width=\"640\">Dettagli<\/td>\n<\/tr>\n<tr style=\"height: 13.50pt;\">\n<td style=\"height: 13.50pt;\" height=\"18\">Materiale<\/td>\n<td>Stout in vetro trasparente (per uso alimentare)<\/td>\n<\/tr>\n<tr style=\"height: 13.50pt;\">\n<td style=\"height: 13.50pt;\" height=\"18\">Forma della bottiglia<\/td>\n<td>Bottiglia di vetro rotonda a parete dritta con base piatta e spalla liscia<\/td>\n<\/tr>\n<tr style=\"height: 13.50pt;\">\n<td style=\"height: 13.50pt;\" height=\"18\">Taglie disponibili<\/td>\n<td>250 ml (5,2 cm \u00d7 17,8 cm), 350 ml (5,8 cm \u00d7 19,5 cm), 500 ml (6,5 cm \u00d7 21,7 cm)<\/td>\n<\/tr>\n<tr style=\"height: 13.50pt;\">\n<td style=\"height: 13.50pt;\" height=\"18\">Ideale per<\/td>\n<td>Bottiglia per salsa piccante, bottiglie per salsa piccante<\/td>\n<\/tr>\n<\/tbody>\n<\/table>\n<h2>Storia di successo: un marchio di salsa chili in piena espansione<\/h2>\n<p>Uno dei nostri clienti, una startup specializzata nella produzione artigianale di salsa chili in piccoli lotti, aveva bisogno di una bottiglia per salsa al peperoncino che potesse sostenere la domanda in rapida crescita del suo marchio. Alla fine, ha optato per le nostre bottiglie in vetro da 350 ml. Dopo il primo semestre di lancio, il fatturato \u00e8 aumentato del 40%, il robusto materiale in vetro ha ridotto del 30% le rotture e, in meno di un anno, ha effettuato un ulteriore ordine di 500.000 bottiglie. Ritengono che la robustezza delle bottiglie durante il trasporto e i commenti positivi dei clienti sulla loro usabilit\u00e0 siano i motivi del loro successo e degli ordini successivi.<\/p>\n<h2>Suggerimenti per la personalizzazione delle bottiglie di salsa piccante<\/h2>\n<ul>\n<li><strong>Logo impresso:<\/strong> Stampa il logo del tuo marchio direttamente sulla bottiglia di vetro, ottenendo cos\u00ec un aspetto di altissima qualit\u00e0.<\/li>\n<li><strong>Graduazioni serigrafate:<\/strong> Stampare graduazioni permanenti termoindurenti per indicare il volume.<\/li>\n<li><strong>Vetro colorato:<\/strong> Proteggi il tuo prodotto fotosensibile con un contenitore di vetro ambrato o verde anzich\u00e9 trasparente.<\/li>\n<li><strong>Marchio inciso con acido:<\/strong> Personalizza la tua creazione con il metodo dell&#039;incisione su vetro, ottenendo cos\u00ec un&#039;immagine di marca elegante e senza tempo.<\/li>\n<\/ul>","protected":false},"excerpt":{"rendered":"<p>Bottiglia trasparente per salsa piccante con tappo a vite rosso, design cilindrico elegante e semplice. Ideale per il confezionamento di salse piccanti. Campioni gratuiti disponibili.<\/p>","protected":false},"featured_media":2684,"template":"","meta":{"postBodyCss":"","postBodyMargin":[],"postBodyPadding":[],"postBodyBackground":{"backgroundType":"classic","gradient":""}},"product_brand":[],"product_cat":[15,16,54],"product_tag":[98],"class_list":{"0":"post-2660","1":"product","2":"type-product","3":"status-publish","4":"has-post-thumbnail","6":"product_cat-glass-containers","7":"product_cat-glass-bottles","8":"product_cat-hot-sauce-bottles","9":"product_tag-salad-dressing-bottles","11":"first","12":"instock","13":"shipping-taxable","14":"product-type-simple"},"jetpack_sharing_enabled":true,"_links":{"self":[{"href":"https:\/\/minghanggroup.com\/it\/wp-json\/wp\/v2\/product\/2660","targetHints":{"allow":["GET"]}}],"collection":[{"href":"https:\/\/minghanggroup.com\/it\/wp-json\/wp\/v2\/product"}],"about":[{"href":"https:\/\/minghanggroup.com\/it\/wp-json\/wp\/v2\/types\/product"}],"wp:featuredmedia":[{"embeddable":true,"href":"https:\/\/minghanggroup.com\/it\/wp-json\/wp\/v2\/media\/2684"}],"wp:attachment":[{"href":"https:\/\/minghanggroup.com\/it\/wp-json\/wp\/v2\/media?parent=2660"}],"wp:term":[{"taxonomy":"product_brand","embeddable":true,"href":"https:\/\/minghanggroup.com\/it\/wp-json\/wp\/v2\/product_brand?post=2660"},{"taxonomy":"product_cat","embeddable":true,"href":"https:\/\/minghanggroup.com\/it\/wp-json\/wp\/v2\/product_cat?post=2660"},{"taxonomy":"product_tag","embeddable":true,"href":"https:\/\/minghanggroup.com\/it\/wp-json\/wp\/v2\/product_tag?post=2660"}],"curies":[{"name":"wp","href":"https:\/\/api.w.org\/{rel}","templated":true}]}}