{"id":2624,"date":"2025-11-11T17:02:12","date_gmt":"2025-11-11T09:02:12","guid":{"rendered":"https:\/\/minghanggroup.com\/?post_type=product&#038;p=2624"},"modified":"2025-11-14T10:06:54","modified_gmt":"2025-11-14T02:06:54","slug":"clear-spices-jars-glass-containers-bulk","status":"publish","type":"product","link":"https:\/\/minghanggroup.com\/it\/prodotto\/clear-spices-jars-glass-containers-bulk\/","title":{"rendered":"Barattoli per spezie in vetro trasparente da 80 ml e 120 ml per la conservazione all&#039;ingrosso"},"content":{"rendered":"<p>Basta con i problemi di stoccaggio delle spezie che rendono la tua cucina caotica. Realizziamo contenitori per spezie in vetro di alta qualit\u00e0 che trasformano la tua cucina in uno spazio elegante, mantenendo le spezie fresche. Non sono semplici contenitori: sono la nuova arma segreta del tuo brand per l&#039;organizzazione della cucina e il confezionamento degli alimenti.<\/p>\n<h2>Caratteristiche del prodotto<\/h2>\n<ol>\n<li><strong>Chiarezza cristallina:<\/strong>Il vetro ad alta trasparenza ti consente di vedere le tue spezie a colpo d&#039;occhio: non dovrai pi\u00f9 indovinare quando \u00e8 il momento di riordinare i tuoi contenitori di spezie in vetro.<\/li>\n<li><strong>Sigillo di sicurezza:<\/strong>Il tappo in metallo crea una chiusura ermetica che mantiene fresche le spezie ed evita fuoriuscite dai contenitori per la conservazione delle spezie.<\/li>\n<li><strong>Utilizzo versatile:<\/strong>Perfetto sia per spezie secche come il pepe che per salse umide o olio: il contenitore per spezie ideale per ogni cucina.<\/li>\n<\/ol>\n<h2>Specifiche chiave<\/h2>\n<table style=\"border-collapse: collapse; width: 80%; margin-right: auto; margin-left: auto;\" border=\"0\" width=\"288\" cellspacing=\"0\" cellpadding=\"0\">\n<tbody>\n<tr style=\"height: 13.50pt;\">\n<td style=\"height: 13.5pt; width: 54pt; text-align: center;\" width=\"72\" height=\"18\">Capacit\u00e0<\/td>\n<td style=\"width: 54pt; text-align: center;\" width=\"72\">Forma<\/td>\n<td style=\"width: 54pt; text-align: center;\" width=\"72\">Opzioni del coperchio<\/td>\n<td style=\"width: 54pt; text-align: center;\" width=\"72\">Utilizzo versatile<\/td>\n<\/tr>\n<tr style=\"height: 13.50pt;\">\n<td style=\"height: 13.5pt; text-align: center;\" height=\"18\">80 ml<\/td>\n<td class=\"et2\" style=\"text-align: center;\" rowspan=\"2\">Girare<\/td>\n<td class=\"et2\" style=\"text-align: center;\" rowspan=\"2\">Alluminio, Legno, Plastica<\/td>\n<td class=\"et2\" style=\"text-align: center;\" rowspan=\"2\">Perfetto per salse e oli<\/td>\n<\/tr>\n<tr style=\"height: 13.50pt;\">\n<td style=\"height: 13.5pt; text-align: center;\" height=\"18\">120 ml<\/td>\n<\/tr>\n<\/tbody>\n<\/table>\n<h2>Caso di successo<\/h2>\n<p>Un&#039;innovativa azienda alimentare canadese ha collaborato con noi per rinnovare il suo packaging utilizzando il nostro set di contenitori in vetro per spezie. L&#039;idea era di avere barattoli puliti e trasparenti per comunicare visivamente la natura colorata dei loro condimenti puri. Inoltre, hanno deciso di optare per coperchi in alluminio spazzolato personalizzati e stampa del logo per valorizzare l&#039;identit\u00e0 del loro marchio.<\/p>\n<p>Ci vollero solo tre mesi perch\u00e9 il pacchetto diventasse un grande successo e le vendite aumentarono del 30% grazie al set.<\/p>\n<h2>I tuoi suggerimenti per la personalizzazione<\/h2>\n<p>Materiali intercambiabili per il coperchio, come il bamb\u00f9 o l&#039;acciaio inossidabile, sono solo alcune delle numerose possibilit\u00e0 di personalizzazione che questo contenitore per spezie in vetro offre per il vostro marchio. Per renderlo pi\u00f9 accattivante e aumentare la riconoscibilit\u00e0 del marchio, la bottiglia pu\u00f2 essere stampata con il logo tramite serigrafia o stampa a caldo. Inoltre, \u00e8 possibile installare un coperchio con setaccio rotante o un misurino per facilitare l&#039;uso e aumentare il valore del prodotto.<\/p>","protected":false},"excerpt":{"rendered":"<p>Set di contenitori per spezie in vetro resistente con coperchi ermetici. Barattoli perfetti per conservare erbe aromatiche, spezie e condimenti freschi e ben organizzati in cucina.<\/p>","protected":false},"featured_media":2626,"template":"","meta":{"postBodyCss":"","postBodyMargin":[],"postBodyPadding":[],"postBodyBackground":{"backgroundType":"classic","gradient":""}},"product_brand":[],"product_cat":[15,17,53],"product_tag":[],"class_list":{"0":"post-2624","1":"product","2":"type-product","3":"status-publish","4":"has-post-thumbnail","6":"product_cat-glass-containers","7":"product_cat-glass-jars","8":"product_cat-spice-jars","10":"first","11":"instock","12":"shipping-taxable","13":"product-type-simple"},"jetpack_sharing_enabled":true,"_links":{"self":[{"href":"https:\/\/minghanggroup.com\/it\/wp-json\/wp\/v2\/product\/2624","targetHints":{"allow":["GET"]}}],"collection":[{"href":"https:\/\/minghanggroup.com\/it\/wp-json\/wp\/v2\/product"}],"about":[{"href":"https:\/\/minghanggroup.com\/it\/wp-json\/wp\/v2\/types\/product"}],"wp:featuredmedia":[{"embeddable":true,"href":"https:\/\/minghanggroup.com\/it\/wp-json\/wp\/v2\/media\/2626"}],"wp:attachment":[{"href":"https:\/\/minghanggroup.com\/it\/wp-json\/wp\/v2\/media?parent=2624"}],"wp:term":[{"taxonomy":"product_brand","embeddable":true,"href":"https:\/\/minghanggroup.com\/it\/wp-json\/wp\/v2\/product_brand?post=2624"},{"taxonomy":"product_cat","embeddable":true,"href":"https:\/\/minghanggroup.com\/it\/wp-json\/wp\/v2\/product_cat?post=2624"},{"taxonomy":"product_tag","embeddable":true,"href":"https:\/\/minghanggroup.com\/it\/wp-json\/wp\/v2\/product_tag?post=2624"}],"curies":[{"name":"wp","href":"https:\/\/api.w.org\/{rel}","templated":true}]}}