{"id":2619,"date":"2025-11-11T15:25:41","date_gmt":"2025-11-11T07:25:41","guid":{"rendered":"https:\/\/minghanggroup.com\/?post_type=product&#038;p=2619"},"modified":"2026-03-02T15:10:04","modified_gmt":"2026-03-02T07:10:04","slug":"wholesale-clear-glass-soy-sauce-bottles-with-screw-lid","status":"publish","type":"product","link":"https:\/\/minghanggroup.com\/it\/prodotto\/wholesale-clear-glass-soy-sauce-bottles-with-screw-lid\/","title":{"rendered":"Bottiglie di salsa di soia in vetro trasparente all&#039;ingrosso con tappo a vite da 80 ml a 400 ml"},"content":{"rendered":"<p>Queste bottiglie di salsa di soia sono realizzate in vetro, puro e trasparente. Il loro design ergonomico e curvo rende la presa comoda. Sono perfette sia dal punto di vista estetico che pratico, un esempio vivente dell&#039;unione ideale tra forma e funzione.<\/p>\n<h2>Caratteristiche del prodotto<\/h2>\n<ul>\n<li><strong>Design ergonomico dell&#039;impugnatura:<\/strong> Il design arrotondato dell&#039;impugnatura non solo facilita il versamento, ma garantisce anche una presa salda, consentendo di versare il liquido in modo preciso e senza residui con facilit\u00e0.<\/li>\n<li><strong>Materiale in vetro trasparente:<\/strong> La bottiglia \u00e8 realizzata in vetro trasparente, il che aiuta a misurare visivamente la salsa di soia rimasta all&#039;interno.<\/li>\n<li><strong>Diverse dimensioni offerte:<\/strong> Sono disponibili in diverse dimensioni per soddisfare le diverse esigenze.<\/li>\n<\/ul>\n<h2 style=\"text-align: left;\">Specifiche chiave<\/h2>\n<table class=\"aligncenter\" style=\"border-collapse: collapse; width: 439.52pt;\" border=\"0\" width=\"586\" cellspacing=\"0\" cellpadding=\"0\">\n<tbody>\n<tr style=\"height: 13.50pt;\">\n<td style=\"height: 13.50pt; width: 73.50pt;\" width=\"98\" height=\"18\">Capacit\u00e0<\/td>\n<td style=\"width: 88.50pt;\" width=\"118\">Altezza (cm)<\/td>\n<td style=\"width: 91.50pt;\" width=\"122\">Diametro (cm)<\/td>\n<td style=\"width: 186.00pt;\" width=\"248\">Ideale per<\/td>\n<\/tr>\n<tr style=\"height: 13.50pt;\">\n<td style=\"height: 13.50pt;\" height=\"18\">80 ml<\/td>\n<td class=\"et2\">15<\/td>\n<td class=\"et2\">4.3<\/td>\n<td>Confezioni campione, mini medicazioni<\/td>\n<\/tr>\n<tr style=\"height: 13.50pt;\">\n<td style=\"height: 13.50pt;\" height=\"18\">120 ml<\/td>\n<td class=\"et2\">15.5<\/td>\n<td class=\"et2\">5<\/td>\n<td>Salsa piccante, shot di aceto<\/td>\n<\/tr>\n<tr style=\"height: 13.50pt;\">\n<td style=\"height: 13.50pt;\" height=\"18\">180 ml<\/td>\n<td class=\"et2\">19.5<\/td>\n<td class=\"et2\">5.2<\/td>\n<td>Salsa di soia, glassa BBQ<\/td>\n<\/tr>\n<tr style=\"height: 13.50pt;\">\n<td style=\"height: 13.50pt;\" height=\"18\">220 ml<\/td>\n<td class=\"et2\">21.5<\/td>\n<td class=\"et2\">5.5<\/td>\n<td>Salsa di pomodoro, miscele piccanti<\/td>\n<\/tr>\n<tr style=\"height: 13.50pt;\">\n<td style=\"height: 13.50pt;\" height=\"18\">360 ml<\/td>\n<td class=\"et2\">24<\/td>\n<td class=\"et2\">6.5<\/td>\n<td>Condimenti formato famiglia<\/td>\n<\/tr>\n<tr style=\"height: 13.50pt;\">\n<td style=\"height: 13.50pt;\" height=\"18\">400 ml<\/td>\n<td class=\"et2\">26<\/td>\n<td class=\"et2\">6.5<\/td>\n<td>Ricariche all&#039;ingrosso per ristoranti<\/td>\n<\/tr>\n<\/tbody>\n<\/table>\n<h2>Caso di successo: usare il design per migliorare la notoriet\u00e0 del marchio<\/h2>\n<p>Il produttore di ketchup specializzato si \u00e8 trovato ad affrontare il problema di differenziare il proprio prodotto in un mercato altamente competitivo. Dopo essere passato alla nostra bottiglia curva da 220 ml per salsa di pomodoro, la cui forma unica \u00e8 stata la prima cosa che i clienti hanno notato, hanno trovato una soluzione al loro problema. In soli tre mesi, le vendite al dettaglio sono aumentate del 30%; il direttore del negozio ha affermato che il design distintivo della bottiglia \u00e8 stato il fattore principale che ha attratto i clienti. Gli acquisti ripetuti sono aumentati del 72%. Di conseguenza, l&#039;azienda ha ora cinque ordini di grandi dimensioni e ha ampliato la sua linea di prodotti con l&#039;introduzione della confezione famiglia da 360 ml.<\/p>\n<h2>Suggerimenti per la personalizzazione delle bottiglie di salsa<\/h2>\n<ul>\n<li><strong>Profondit\u00e0 della curva regolabile:<\/strong> \u00c8 possibile modificare il grado di concavit\u00e0 della vita della bottiglia per rendere la curva pi\u00f9 o meno visibile.<\/li>\n<li><strong>Marcature in rilievo:<\/strong> Introdurre marcature di volume in rilievo sulla spalla della bottiglia.<\/li>\n<li><strong>Posizionamento del logo serigrafato:<\/strong> Per una migliore visibilit\u00e0, stampa silenziosamente il logo del tuo marchio sulla zona curva.<\/li>\n<li><strong>Varianti in vetro colorato:<\/strong> Utilizzare vetro ambrato o verde, adatti ai prodotti sensibili alla luce, mantenendo comunque intatto il design della silhouette della bottiglia.<\/li>\n<\/ul>\n<p>Vuoi migliorare l&#039;ergonomia del tuo prodotto? Contattaci oggi stesso e presenteremo il tuo marchio con le bottiglie di salsa di soia in vetro speciale pi\u00f9 convenienti e irraggiungibili.<\/p>","protected":false},"excerpt":{"rendered":"<p>Bottiglia di salsa di pomodoro e bottiglia di salsa di soia in vetro trasparente con design sagomato, perfetta per le salse e pronta per l&#039;acquisto all&#039;ingrosso con consegna rapida.<\/p>","protected":false},"featured_media":2621,"template":"","meta":{"postBodyCss":"","postBodyMargin":[],"postBodyPadding":[],"postBodyBackground":{"backgroundType":"classic","gradient":""}},"product_brand":[],"product_cat":[15,16,54],"product_tag":[99,98],"class_list":{"0":"post-2619","1":"product","2":"type-product","3":"status-publish","4":"has-post-thumbnail","6":"product_cat-glass-containers","7":"product_cat-glass-bottles","8":"product_cat-hot-sauce-bottles","9":"product_tag-glass-vinegar-bottles","10":"product_tag-salad-dressing-bottles","12":"first","13":"instock","14":"shipping-taxable","15":"product-type-simple"},"jetpack_sharing_enabled":true,"_links":{"self":[{"href":"https:\/\/minghanggroup.com\/it\/wp-json\/wp\/v2\/product\/2619","targetHints":{"allow":["GET"]}}],"collection":[{"href":"https:\/\/minghanggroup.com\/it\/wp-json\/wp\/v2\/product"}],"about":[{"href":"https:\/\/minghanggroup.com\/it\/wp-json\/wp\/v2\/types\/product"}],"wp:featuredmedia":[{"embeddable":true,"href":"https:\/\/minghanggroup.com\/it\/wp-json\/wp\/v2\/media\/2621"}],"wp:attachment":[{"href":"https:\/\/minghanggroup.com\/it\/wp-json\/wp\/v2\/media?parent=2619"}],"wp:term":[{"taxonomy":"product_brand","embeddable":true,"href":"https:\/\/minghanggroup.com\/it\/wp-json\/wp\/v2\/product_brand?post=2619"},{"taxonomy":"product_cat","embeddable":true,"href":"https:\/\/minghanggroup.com\/it\/wp-json\/wp\/v2\/product_cat?post=2619"},{"taxonomy":"product_tag","embeddable":true,"href":"https:\/\/minghanggroup.com\/it\/wp-json\/wp\/v2\/product_tag?post=2619"}],"curies":[{"name":"wp","href":"https:\/\/api.w.org\/{rel}","templated":true}]}}