{"id":2569,"date":"2025-11-11T13:12:26","date_gmt":"2025-11-11T05:12:26","guid":{"rendered":"https:\/\/minghanggroup.com\/?post_type=product&#038;p=2569"},"modified":"2026-03-02T15:17:17","modified_gmt":"2026-03-02T07:17:17","slug":"bottiglie-di-vetro-vuote-personalizzate-per-condimenti-con-pompa-e-graduazioni","status":"publish","type":"product","link":"https:\/\/minghanggroup.com\/it\/prodotto\/bottiglie-di-vetro-vuote-personalizzate-per-condimenti-con-pompa-e-graduazioni\/","title":{"rendered":"Bottiglie vuote per condimenti in vetro da 200 ml, 300 ml e 500 ml con pompa e graduazioni"},"content":{"rendered":"<p>Queste bottiglie per condimenti in vetro sono realizzate in vetro trasparente e presentano delle graduazioni stampate. I volumi variano da 200 ml a 500 ml e sono dotate di una testa della pompa in metallo nero e argento, adatta all&#039;erogazione commerciale di condimenti.<\/p>\n<h2>Caratteristiche del prodotto<\/h2>\n<ul>\n<li><strong>Progettazione della testa della pompa:<\/strong> Grazie alle teste della pompa in metallo nero e argento, l&#039;erogazione della salsa pu\u00f2 essere effettuata con estrema precisione, risultando quindi molto comoda e igienica.<\/li>\n<li><strong>Corpo della bottiglia graduata trasparente:<\/strong> Il corpo trasparente della bottiglia \u00e8 inoltre dotato di graduazioni chiare, cos\u00ec diventa molto facile vedere la salsa rimasta e il suo utilizzo, facilitando cos\u00ec una misurazione molto accurata.<\/li>\n<li><strong>Combinazione pratica ed esteticamente gradevole:<\/strong> La testa della pompa in metallo, insieme al corpo in vetro trasparente, conferisce un aspetto moderno e alla moda, creando cos\u00ec una perfetta combinazione di funzionalit\u00e0 e appeal visivo.<\/li>\n<\/ul>\n<h2 style=\"text-align: left;\">Specifiche chiave<\/h2>\n<table class=\"aligncenter\" style=\"border-collapse: collapse; width: 477.02pt;\" border=\"0\" width=\"636\" cellspacing=\"0\" cellpadding=\"0\">\n<tbody>\n<tr style=\"height: 13.50pt;\">\n<td style=\"height: 13.50pt; width: 126.75pt;\" width=\"169\" height=\"18\">Caratteristica<\/td>\n<td style=\"width: 350.25pt;\" width=\"467\">Specifica<\/td>\n<\/tr>\n<tr style=\"height: 13.50pt;\">\n<td style=\"height: 13.50pt;\" height=\"18\">Capacit\u00e0<\/td>\n<td>200 ml (7 once) \/ 300 ml (10 once) \/ 500 ml (16 once)<\/td>\n<\/tr>\n<tr style=\"height: 13.50pt;\">\n<td style=\"height: 13.50pt;\" height=\"18\">Dimensioni (P\u00d7A)<\/td>\n<td>5,5\u00d719,5 cm \/ 6\u00d723,5 cm \/ 6,5\u00d727,5 cm<\/td>\n<\/tr>\n<tr style=\"height: 13.50pt;\">\n<td style=\"height: 13.50pt;\" height=\"18\">Forma<\/td>\n<td>Bottiglia di stout a parete dritta con marcature del volume stampate<\/td>\n<\/tr>\n<tr style=\"height: 13.50pt;\">\n<td style=\"height: 13.50pt;\" height=\"18\">Materiale<\/td>\n<td>Vetro borosilicato alto<\/td>\n<\/tr>\n<tr style=\"height: 13.50pt;\">\n<td style=\"height: 13.50pt;\" height=\"18\">Chiusura inclusa<\/td>\n<td>Pompa a pressione in argento (personalizzabile)<\/td>\n<\/tr>\n<tr style=\"height: 13.50pt;\">\n<td style=\"height: 13.50pt;\" height=\"18\">Ideale per<\/td>\n<td>Salsa di ostriche, salsa chili, condimento, condimento<\/td>\n<\/tr>\n<tr style=\"height: 13.50pt;\">\n<td style=\"height: 13.50pt;\" height=\"18\">Uso ideale<\/td>\n<td>Bottiglie di vetro per condimenti, bottiglie di vetro per condimenti vuote<\/td>\n<\/tr>\n<\/tbody>\n<\/table>\n<h2>Storia di successo: crescita del distributore<\/h2>\n<p>Il produttore di salse speciali che utilizzava flaconi di condimento non abbinati, che causavano perdite e confusione tra i clienti sulle dimensioni delle porzioni, \u00e8 passato alle nostre bottiglie vuote per condimenti con erogatore integrato: 200 ml per le prove online e 300 ml per la vendita al dettaglio. I reclami dei clienti sono scesi a zero e le recidive hanno raggiunto il 48% in soli due mesi, dopodich\u00e9 hanno riordinato oltre 300.000 unit\u00e0.<\/p>\n<h2>Suggerimenti per personalizzare le bottiglie di vetro per condimenti<\/h2>\n<ul>\n<li><strong>Logo del marchio inciso:<\/strong> Posizionare un piccolo logo inciso vicino alle marcature per una personalizzazione personalizzata senza interferire con le marcature stesse.<\/li>\n<li><strong>Protezione ambra:<\/strong> Aggiungere una leggera sfumatura ambrata alla salsa piccante a base di aceto, in modo che la radiazione luminosa non la deteriori.<\/li>\n<li><strong>Base strutturata:<\/strong> Incidete un pezzo di rete a maglie fini sulla base per aiutare la bottiglia a rimanere ben salda sulla superficie del bancone, anche se questo \u00e8 bagnato e vi trovate in un ristorante.<\/li>\n<li><strong>Effetto vetro sfumato:<\/strong> Usa una leggera sfumatura dal lato scuro a quello chiaro per aggiungere pi\u00f9 profondit\u00e0, lasciando comunque visibili le squame.<\/li>\n<\/ul>","protected":false},"excerpt":{"rendered":"<p>Bottiglie per condimenti in vetro trasparente con pompette a pressione e graduazioni chiare. Pratiche bottiglie per condimenti per condizionatori, ideali per ristoranti, spedizione veloce.<\/p>","protected":false},"featured_media":2570,"template":"","meta":{"postBodyCss":"","postBodyMargin":[],"postBodyPadding":[],"postBodyBackground":{"backgroundType":"classic","gradient":""}},"product_brand":[],"product_cat":[15,16,54],"product_tag":[99],"class_list":{"0":"post-2569","1":"product","2":"type-product","3":"status-publish","4":"has-post-thumbnail","6":"product_cat-glass-containers","7":"product_cat-glass-bottles","8":"product_cat-hot-sauce-bottles","9":"product_tag-glass-vinegar-bottles","11":"first","12":"instock","13":"shipping-taxable","14":"product-type-simple"},"jetpack_sharing_enabled":true,"_links":{"self":[{"href":"https:\/\/minghanggroup.com\/it\/wp-json\/wp\/v2\/product\/2569","targetHints":{"allow":["GET"]}}],"collection":[{"href":"https:\/\/minghanggroup.com\/it\/wp-json\/wp\/v2\/product"}],"about":[{"href":"https:\/\/minghanggroup.com\/it\/wp-json\/wp\/v2\/types\/product"}],"wp:featuredmedia":[{"embeddable":true,"href":"https:\/\/minghanggroup.com\/it\/wp-json\/wp\/v2\/media\/2570"}],"wp:attachment":[{"href":"https:\/\/minghanggroup.com\/it\/wp-json\/wp\/v2\/media?parent=2569"}],"wp:term":[{"taxonomy":"product_brand","embeddable":true,"href":"https:\/\/minghanggroup.com\/it\/wp-json\/wp\/v2\/product_brand?post=2569"},{"taxonomy":"product_cat","embeddable":true,"href":"https:\/\/minghanggroup.com\/it\/wp-json\/wp\/v2\/product_cat?post=2569"},{"taxonomy":"product_tag","embeddable":true,"href":"https:\/\/minghanggroup.com\/it\/wp-json\/wp\/v2\/product_tag?post=2569"}],"curies":[{"name":"wp","href":"https:\/\/api.w.org\/{rel}","templated":true}]}}