{"id":2564,"date":"2025-11-11T11:12:38","date_gmt":"2025-11-11T03:12:38","guid":{"rendered":"https:\/\/minghanggroup.com\/?post_type=product&#038;p=2564"},"modified":"2026-03-02T15:17:40","modified_gmt":"2026-03-02T07:17:40","slug":"bulk-glass-empty-bottles-for-hot-sauce-with-press-pump","status":"publish","type":"product","link":"https:\/\/minghanggroup.com\/it\/prodotto\/bulk-glass-empty-bottles-for-hot-sauce-with-press-pump\/","title":{"rendered":"Bottiglie vuote in vetro sfuse per salsa piccante con pompa a pressione da 300 ml e 500 ml"},"content":{"rendered":"<p>Questo pratico contenitore a pressione per salse piccanti in bottiglie vuote \u00e8 realizzato in vetro trasparente e dotato di una pompa graduata in metallo color argento. Pu\u00f2 essere utilizzato semplicemente come bottiglia per salse leggere o come contenitore multiuso per altre salse.<\/p>\n<h2>Caratteristiche del prodotto<\/h2>\n<ul>\n<li><strong>Gradienti chiari:<\/strong> La bottiglia trasparente \u00e8 dotata di graduazioni chiare, cos\u00ec il volume rimanente della salsa \u00e8 sempre visibile.<\/li>\n<li><strong>Sistema di erogazione igienico:<\/strong> Il sistema di pompaggio one-touch consente un&#039;erogazione igienica senza contaminazione incrociata.<\/li>\n<li><strong>Durevole:<\/strong> La combinazione di un robusto corpo in vetro con una finitura in metallo lo rende un utensile quotidiano ideale per una cucina professionale.<\/li>\n<\/ul>\n<h2 style=\"text-align: left;\">Specifiche chiave<\/h2>\n<table class=\"aligncenter\" style=\"border-collapse: collapse; width: 492.02pt;\" border=\"0\" width=\"656\" cellspacing=\"0\" cellpadding=\"0\">\n<tbody>\n<tr style=\"height: 13.50pt;\">\n<td style=\"height: 13.50pt; width: 126.75pt;\" width=\"169\" height=\"18\">Caratteristica<\/td>\n<td style=\"width: 365.25pt;\" width=\"487\">Specifica<\/td>\n<\/tr>\n<tr style=\"height: 13.50pt;\">\n<td style=\"height: 13.50pt;\" height=\"18\">Capacit\u00e0<\/td>\n<td>300 ml (10 once) \/ 500 ml (16 once)<\/td>\n<\/tr>\n<tr style=\"height: 13.50pt;\">\n<td style=\"height: 13.50pt;\" height=\"18\">Dimensioni (P\u00d7A)<\/td>\n<td>6\u00d721 cm \/ 6,5\u00d725 cm<\/td>\n<\/tr>\n<tr style=\"height: 13.50pt;\">\n<td style=\"height: 13.50pt;\" height=\"18\">Forma<\/td>\n<td>Bottiglia di stout a parete dritta con marcature del volume stampate<\/td>\n<\/tr>\n<tr style=\"height: 13.50pt;\">\n<td style=\"height: 13.50pt;\" height=\"18\">Materiale<\/td>\n<td>Vetro borosilicato alto<\/td>\n<\/tr>\n<tr style=\"height: 13.50pt;\">\n<td style=\"height: 13.50pt;\" height=\"18\">Chiusura inclusa<\/td>\n<td>Pompa a pressione in argento (personalizzabile)<\/td>\n<\/tr>\n<tr style=\"height: 13.50pt;\">\n<td style=\"height: 13.50pt;\" height=\"18\">Ideale per<\/td>\n<td>Salsa piccante, salsa chili, aceto, salsa di ostriche, condimento<\/td>\n<\/tr>\n<tr style=\"height: 13.50pt;\">\n<td style=\"height: 13.50pt;\" height=\"18\">Uso ideale<\/td>\n<td>Bottiglie vuote per salsa piccante, bottiglie per salsa<\/td>\n<\/tr>\n<\/tbody>\n<\/table>\n<h2>Caso di successo: miglioramento dell&#039;efficienza del ristorante<\/h2>\n<p>Un distributore regionale di prodotti alimentari stava lottando contro il consumo impreciso di salse e gli sprechi. Hanno implementato le nostre bottiglie vuote da 500 ml per salse con il dispenser a pulsante e hanno ottenuto i seguenti risultati: la catena di ristoranti barbecue, grazie all&#039;utilizzo della testa della pompa controllabile, \u00e8 riuscita a ridurre lo spreco di salse del 41% dopo aver utilizzato queste bottiglie; un marchio artigianale, grazie a questo concetto funzionale, ha anche registrato un aumento del 38% negli ordini all&#039;ingrosso. Da allora, il distributore ha quindi effettuato quattro ordini importanti e non solo ha ampliato l&#039;utilizzo dei formati da 300 ml della sua salsa piccante, ma ha anche incluso altri prodotti.<\/p>\n<h2>Suggerimenti per la personalizzazione delle bottiglie di salsa<\/h2>\n<ul>\n<li><strong>Stampa serigrafica del marchio:<\/strong> Aggiungere il nome o il logo del ristorante direttamente sotto le lauree stampandolo.<\/li>\n<li><strong>Colore della testa della pompa:<\/strong> Il colore della testa della pompa pu\u00f2 essere personalizzato in base all&#039;immagine del marchio del tuo ristorante.<\/li>\n<li><strong>Design del fondo testurizzato:<\/strong> Per una presa migliore, rivestire il fondo della bottiglia con una superficie antiscivolo.<\/li>\n<li><strong>Sigillo di manomissione:<\/strong> Per la prima volta, una bottiglia dotata di sigillo di garanzia \u00e8 facile da aprire nelle attivit\u00e0 di ristorazione.<\/li>\n<\/ul>","protected":false},"excerpt":{"rendered":"<p>Bottiglie vuote resistenti per salsa piccante con pompa a pressione e chiare tacche di misurazione. Bottiglie ideali per la salsa, perfette per ristoranti, spedizione rapida e ordini all&#039;ingrosso.<\/p>","protected":false},"featured_media":2899,"template":"","meta":{"postBodyCss":"","postBodyMargin":[],"postBodyPadding":[],"postBodyBackground":{"backgroundType":"classic","gradient":""}},"product_brand":[],"product_cat":[15,16,54],"product_tag":[99],"class_list":{"0":"post-2564","1":"product","2":"type-product","3":"status-publish","4":"has-post-thumbnail","6":"product_cat-glass-containers","7":"product_cat-glass-bottles","8":"product_cat-hot-sauce-bottles","9":"product_tag-glass-vinegar-bottles","11":"first","12":"instock","13":"shipping-taxable","14":"product-type-simple"},"jetpack_sharing_enabled":true,"_links":{"self":[{"href":"https:\/\/minghanggroup.com\/it\/wp-json\/wp\/v2\/product\/2564","targetHints":{"allow":["GET"]}}],"collection":[{"href":"https:\/\/minghanggroup.com\/it\/wp-json\/wp\/v2\/product"}],"about":[{"href":"https:\/\/minghanggroup.com\/it\/wp-json\/wp\/v2\/types\/product"}],"wp:featuredmedia":[{"embeddable":true,"href":"https:\/\/minghanggroup.com\/it\/wp-json\/wp\/v2\/media\/2899"}],"wp:attachment":[{"href":"https:\/\/minghanggroup.com\/it\/wp-json\/wp\/v2\/media?parent=2564"}],"wp:term":[{"taxonomy":"product_brand","embeddable":true,"href":"https:\/\/minghanggroup.com\/it\/wp-json\/wp\/v2\/product_brand?post=2564"},{"taxonomy":"product_cat","embeddable":true,"href":"https:\/\/minghanggroup.com\/it\/wp-json\/wp\/v2\/product_cat?post=2564"},{"taxonomy":"product_tag","embeddable":true,"href":"https:\/\/minghanggroup.com\/it\/wp-json\/wp\/v2\/product_tag?post=2564"}],"curies":[{"name":"wp","href":"https:\/\/api.w.org\/{rel}","templated":true}]}}