{"id":2552,"date":"2025-11-07T13:54:34","date_gmt":"2025-11-07T05:54:34","guid":{"rendered":"https:\/\/minghanggroup.com\/?post_type=product&#038;p=2552"},"modified":"2026-03-02T15:17:52","modified_gmt":"2026-03-02T07:17:52","slug":"wholesale-clear-square-glass-bottles-for-sauces","status":"publish","type":"product","link":"https:\/\/minghanggroup.com\/it\/prodotto\/wholesale-clear-square-glass-bottles-for-sauces\/","title":{"rendered":"Bottiglie di vetro quadrate trasparenti all&#039;ingrosso per salse da 100 ml, 150 ml, 250 ml"},"content":{"rendered":"<p>Realizzate in vetro trasparente con uno stile minimalista e squadrato, queste bottiglie di vetro per salse sono disponibili in tre diverse dimensioni. I tappi neri utilizzati per sigillare i barattoli non solo rendono la salsa chili un oggetto accattivante, perfetto da esporre, ma sono anche compatibili con qualsiasi cucina.<\/p>\n<h2>Caratteristiche del prodotto<\/h2>\n<ul>\n<li><strong>Design della bottiglia quadrata:<\/strong> La bottiglia quadrata con le sue linee pulite \u00e8 un&#039;ottima combinazione di bellezza e utilit\u00e0.<\/li>\n<li><strong>Diverse dimensioni:<\/strong> Le tre diverse capacit\u00e0 del prodotto possono essere utilizzate per soddisfare diverse esigenze e sono adatte anche all&#039;uso quotidiano in famiglia, al riconfezionamento e ad altre situazioni.<\/li>\n<li><strong>Stile minimalista:<\/strong> Il tappo nero montato sul corpo in vetro trasparente del barattolo conferisce un aspetto minimalista e moderno, funzionale e flessibile nell&#039;uso.<\/li>\n<\/ul>\n<h2 style=\"text-align: left;\">Specifiche chiave<\/h2>\n<table class=\"aligncenter\" style=\"border-collapse: collapse; width: 469.52pt;\" border=\"0\" width=\"626\" cellspacing=\"0\" cellpadding=\"0\">\n<tbody>\n<tr style=\"height: 13.50pt;\">\n<td style=\"height: 13.50pt; width: 127.50pt;\" width=\"170\" height=\"18\">Caratteristica<\/td>\n<td style=\"width: 342.00pt;\" width=\"456\">Specifica<\/td>\n<\/tr>\n<tr style=\"height: 13.50pt;\">\n<td style=\"height: 13.50pt;\" height=\"18\">Capacit\u00e0<\/td>\n<td>100 ml \/ 150 ml \/ 250 ml<\/td>\n<\/tr>\n<tr style=\"height: 13.50pt;\">\n<td style=\"height: 13.50pt;\" height=\"18\">Dimensioni (L\u00d7A)<\/td>\n<td>4\u00d713,2 cm \/ 4,4\u00d716,6 cm \/ 5,1\u00d719,7 cm<\/td>\n<\/tr>\n<tr style=\"height: 13.50pt;\">\n<td style=\"height: 13.50pt;\" height=\"18\">Forma<\/td>\n<td>Bottiglia di stout quadrata con lati piatti e bordi netti<\/td>\n<\/tr>\n<tr style=\"height: 13.50pt;\">\n<td style=\"height: 13.50pt;\" height=\"18\">Materiale<\/td>\n<td>Stout in vetro trasparente, per uso alimentare, senza piombo<\/td>\n<\/tr>\n<tr style=\"height: 13.50pt;\">\n<td style=\"height: 13.50pt;\" height=\"18\">Chiusura inclusa<\/td>\n<td>Bottiglia per salsa con tappo a vite nero (personalizzabile)<\/td>\n<\/tr>\n<tr style=\"height: 13.50pt;\">\n<td style=\"height: 13.50pt;\" height=\"18\">Uso ideale<\/td>\n<td>Bottiglie di vetro per salse, bottiglie di salse piccanti sfuse<\/td>\n<\/tr>\n<\/tbody>\n<\/table>\n<h2>Storia di successo: una combinazione ideale di efficienza e stile<\/h2>\n<p>Con l&#039;aumento vertiginoso della popolarit\u00e0 dell&#039;azienda produttrice di condimenti, l&#039;inefficienza di stoccaggio causata dalle sue bottiglie rotonde e instabili rappresentava un problema per l&#039;azienda. Passando alle nostre bottiglie quadrate da 150 ml per le salse, l&#039;azienda \u00e8 riuscita a eliminare questo problema. Di conseguenza, lo spazio per pallet \u00e8 aumentato del 20%, riducendo cos\u00ec in modo significativo i costi logistici. Inoltre, il design contemporaneo era in linea con le preferenze del target, quindi le vendite sono aumentate del 15% nel primo trimestre dopo il lancio del nuovo packaging. Successivamente, il cliente ha effettuato quattro ordini consecutivi all&#039;ingrosso da 100.000 bottiglie ciascuno, non solo ampliando le proprie scorte, ma anche aggiungendo il formato da 250 ml alla sua nuova linea di condimenti.<\/p>\n<h2>Personalizza le bottiglie di vetro per le salse<\/h2>\n<ul>\n<li><strong>Logo impresso:<\/strong> Si pu\u00f2 valutare la possibilit\u00e0 di stampare un logo sulla parte in rilievo di uno dei pannelli piatti.<\/li>\n<li><strong>Serigrafia:<\/strong> Posiziona la tua opera d&#039;arte direttamente sul barattolo per ottenere un aspetto durevole e di prima classe.<\/li>\n<li><strong>Vetrate:<\/strong> Utilizzate il vetro ambrato o verde se desiderate conservare al meglio le salse sensibili alla luce e allo stesso tempo ottenere un aspetto unico.<\/li>\n<li><strong>Incisione acida:<\/strong> Presenta figure geometriche incise con l&#039;acido sul tuo pannello.<\/li>\n<\/ul>\n<p>Vuoi rendere il tuo imballaggio pi\u00f9 efficiente? Abbiamo bottiglie quadrate per condimenti di diverse capacit\u00e0 nel nostro catalogo. Se desideri effettuare un ordine all&#039;ingrosso di bottiglie di salsa piccante, contattaci per conoscere il prezzo all&#039;ingrosso e la spedizione rapida.<\/p>","protected":false},"excerpt":{"rendered":"<p>Bottiglie quadrate geometriche per salse in vetro trasparente, perfette per salse piccanti o barbecue. Acquista bottiglie di vetro per salse all&#039;ingrosso a prezzi vantaggiosi. Campioni gratuiti.<\/p>","protected":false},"featured_media":2556,"template":"","meta":{"postBodyCss":"","postBodyMargin":[],"postBodyPadding":[],"postBodyBackground":{"backgroundType":"classic","gradient":""}},"product_brand":[],"product_cat":[15,16,54],"product_tag":[98],"class_list":{"0":"post-2552","1":"product","2":"type-product","3":"status-publish","4":"has-post-thumbnail","6":"product_cat-glass-containers","7":"product_cat-glass-bottles","8":"product_cat-hot-sauce-bottles","9":"product_tag-salad-dressing-bottles","11":"first","12":"instock","13":"shipping-taxable","14":"product-type-simple"},"jetpack_sharing_enabled":true,"_links":{"self":[{"href":"https:\/\/minghanggroup.com\/it\/wp-json\/wp\/v2\/product\/2552","targetHints":{"allow":["GET"]}}],"collection":[{"href":"https:\/\/minghanggroup.com\/it\/wp-json\/wp\/v2\/product"}],"about":[{"href":"https:\/\/minghanggroup.com\/it\/wp-json\/wp\/v2\/types\/product"}],"wp:featuredmedia":[{"embeddable":true,"href":"https:\/\/minghanggroup.com\/it\/wp-json\/wp\/v2\/media\/2556"}],"wp:attachment":[{"href":"https:\/\/minghanggroup.com\/it\/wp-json\/wp\/v2\/media?parent=2552"}],"wp:term":[{"taxonomy":"product_brand","embeddable":true,"href":"https:\/\/minghanggroup.com\/it\/wp-json\/wp\/v2\/product_brand?post=2552"},{"taxonomy":"product_cat","embeddable":true,"href":"https:\/\/minghanggroup.com\/it\/wp-json\/wp\/v2\/product_cat?post=2552"},{"taxonomy":"product_tag","embeddable":true,"href":"https:\/\/minghanggroup.com\/it\/wp-json\/wp\/v2\/product_tag?post=2552"}],"curies":[{"name":"wp","href":"https:\/\/api.w.org\/{rel}","templated":true}]}}