{"id":2547,"date":"2025-11-07T11:45:30","date_gmt":"2025-11-07T03:45:30","guid":{"rendered":"https:\/\/minghanggroup.com\/?post_type=product&#038;p=2547"},"modified":"2026-03-02T15:19:54","modified_gmt":"2026-03-02T07:19:54","slug":"250ml-410ml-485ml-transparent-glass-hot-sauce-bottles-wholesale","status":"publish","type":"product","link":"https:\/\/minghanggroup.com\/it\/prodotto\/250ml-410ml-485ml-transparent-glass-hot-sauce-bottles-wholesale\/","title":{"rendered":"Bottiglie di salsa piccante in vetro trasparente da 250 ml, 410 ml e 485 ml all&#039;ingrosso"},"content":{"rendered":"<p>Queste bottiglie di salsa piccante in vetro sono realizzate in vetro trasparente e presentano un design sottile e leggermente affusolato, che conferisce alle bottiglie un aspetto elegante e armonioso.<\/p>\n<h2>Caratteristiche del prodotto<\/h2>\n<ul>\n<li><strong>Elegante design conico:<\/strong> Il design conico monoblocco dal fondo alla spalla presenta una texture pregiata, rendendo il prodotto distintivo sullo scaffale.<\/li>\n<li><strong>Materiale del vetro trasparente:<\/strong> Il contenitore in vetro trasparente consente ai consumatori di colorare e controllare la quantit\u00e0 di salsa chili contenuta al suo interno, facilitandone cos\u00ec l&#039;identificazione e il monitoraggio.<\/li>\n<li><strong>Design adatto alla produzione:<\/strong> Il corpo conico dritto della bottiglia \u00e8 stabile sulla linea di riempimento e pu\u00f2 quindi contribuire a rendere pi\u00f9 efficiente il confezionamento.<\/li>\n<\/ul>\n<h2 style=\"text-align: left;\">Specifiche chiave<\/h2>\n<table class=\"aligncenter\" style=\"border-collapse: collapse; width: 490.52pt;\" border=\"0\" width=\"654\" cellspacing=\"0\" cellpadding=\"0\">\n<tbody>\n<tr style=\"height: 13.50pt;\">\n<td style=\"height: 13.50pt; width: 127.50pt;\" width=\"170\" height=\"18\">Caratteristica<\/td>\n<td style=\"width: 363.00pt;\" width=\"484\">Specifica<\/td>\n<\/tr>\n<tr style=\"height: 13.50pt;\">\n<td style=\"height: 13.50pt;\" height=\"18\">Capacit\u00e0<\/td>\n<td>250 ml \/ 410 ml \/ 485 ml<\/td>\n<\/tr>\n<tr style=\"height: 13.50pt;\">\n<td style=\"height: 13.50pt;\" height=\"18\">Dimensioni (P\u00d7A)<\/td>\n<td>4,4\u00d715,5 cm \/ 6,4\u00d724,4 cm \/ 6,6\u00d726 cm<\/td>\n<\/tr>\n<tr style=\"height: 13.50pt;\">\n<td style=\"height: 13.50pt;\" height=\"18\">Forma<\/td>\n<td>Bottiglia di stout affusolata, leggermente pi\u00f9 stretta alla base<\/td>\n<\/tr>\n<tr style=\"height: 13.50pt;\">\n<td style=\"height: 13.50pt;\" height=\"18\">Materiale<\/td>\n<td>Stout in vetro trasparente, per uso alimentare, senza piombo<\/td>\n<\/tr>\n<tr style=\"height: 13.50pt;\">\n<td style=\"height: 13.50pt;\" height=\"18\">Chiusura pronta<\/td>\n<td>Funziona con qualsiasi chiusura a vite, rivestimento o riduttore di orifizio<\/td>\n<\/tr>\n<tr style=\"height: 13.50pt;\">\n<td style=\"height: 13.50pt;\" height=\"18\">Ideale per<\/td>\n<td>Salsa piccante, salsa chili, condimento al pomodoro<\/td>\n<\/tr>\n<tr style=\"height: 13.50pt;\">\n<td style=\"height: 13.50pt;\" height=\"18\">Uso ideale<\/td>\n<td>Bottiglie di salsa piccante, bottiglie di salsa all&#039;ingrosso<\/td>\n<\/tr>\n<\/tbody>\n<\/table>\n<h2>Storia di successo: come le bottiglie premium aiutano i marchi a crescere<\/h2>\n<p>Un produttore di salse piccanti in piccole quantit\u00e0 ha deciso di rendere i propri prodotti disponibili nei migliori supermercati, ma non aveva a disposizione il packaging giusto per un ambiente del genere. Alla fine, ha optato per le nostre bottiglie coniche in vetro da 410 ml, che non erano solo eleganti ma anche di classe. La nuova bottiglia ha rapidamente guadagnato popolarit\u00e0. Nel giro di sei mesi, l&#039;azienda pu\u00f2 vantare un aumento del 40% delle vendite nel canale premium e ha aumentato i prezzi del 15%. La forma distintiva della bottiglia si \u00e8 rivelata il suo marchio di fabbrica, aprendo la strada a tre grandi ordini consecutivi. Attualmente, con l&#039;ingresso in altri mercati, sta registrando un aumento del 60% del volume degli ordini su base annua.<\/p>\n<h2>Suggerimenti per la personalizzazione delle bottiglie<\/h2>\n<ul>\n<li><strong>Colore del cappuccio personalizzato:<\/strong> Selezionare un colore specifico per la linea di prodotti del tappo o abbinarlo all&#039;immagine del tuo marchio pu\u00f2 contribuire ad aumentare la visibilit\u00e0 del tuo prodotto.<\/li>\n<li><strong>Marcature capillari in rilievo:<\/strong> Applicare la graduazione in rilievo sulla bottiglia.<\/li>\n<li><strong>Colori sfumati serigrafati:<\/strong> Per un dinamismo visivo pi\u00f9 accattivante, utilizzare un colore sfumato che corrisponda alla forma conica della bottiglia.<\/li>\n<li><strong>Fodera speciale:<\/strong> Cambiare la guarnizione del tappo in base agli ingredienti specifici.<\/li>\n<\/ul>\n<p>Vuoi portare la tua attivit\u00e0 di vendita all&#039;ingrosso di bottiglie di salsa a un livello superiore? Per conoscere il prezzo all&#039;ingrosso, contattaci e scopri come il design corretto della bottiglia pu\u00f2 essere il mezzo per trasformare l&#039;immagine del tuo marchio sugli scaffali.<\/p>","protected":false},"excerpt":{"rendered":"<p>Bottiglie di salsa piccante in vetro di alta qualit\u00e0, dal design sottile e affusolato. Le bottiglie di salsa all&#039;ingrosso sono ideali per piccoli marchi e ristoranti. Spedizione veloce, campioni gratuiti.<\/p>","protected":false},"featured_media":2551,"template":"","meta":{"postBodyCss":"","postBodyMargin":[],"postBodyPadding":[],"postBodyBackground":{"backgroundType":"classic","gradient":""}},"product_brand":[],"product_cat":[15,16,54],"product_tag":[99,98],"class_list":{"0":"post-2547","1":"product","2":"type-product","3":"status-publish","4":"has-post-thumbnail","6":"product_cat-glass-containers","7":"product_cat-glass-bottles","8":"product_cat-hot-sauce-bottles","9":"product_tag-glass-vinegar-bottles","10":"product_tag-salad-dressing-bottles","12":"first","13":"instock","14":"shipping-taxable","15":"product-type-simple"},"jetpack_sharing_enabled":true,"_links":{"self":[{"href":"https:\/\/minghanggroup.com\/it\/wp-json\/wp\/v2\/product\/2547","targetHints":{"allow":["GET"]}}],"collection":[{"href":"https:\/\/minghanggroup.com\/it\/wp-json\/wp\/v2\/product"}],"about":[{"href":"https:\/\/minghanggroup.com\/it\/wp-json\/wp\/v2\/types\/product"}],"wp:featuredmedia":[{"embeddable":true,"href":"https:\/\/minghanggroup.com\/it\/wp-json\/wp\/v2\/media\/2551"}],"wp:attachment":[{"href":"https:\/\/minghanggroup.com\/it\/wp-json\/wp\/v2\/media?parent=2547"}],"wp:term":[{"taxonomy":"product_brand","embeddable":true,"href":"https:\/\/minghanggroup.com\/it\/wp-json\/wp\/v2\/product_brand?post=2547"},{"taxonomy":"product_cat","embeddable":true,"href":"https:\/\/minghanggroup.com\/it\/wp-json\/wp\/v2\/product_cat?post=2547"},{"taxonomy":"product_tag","embeddable":true,"href":"https:\/\/minghanggroup.com\/it\/wp-json\/wp\/v2\/product_tag?post=2547"}],"curies":[{"name":"wp","href":"https:\/\/api.w.org\/{rel}","templated":true}]}}