{"id":2485,"date":"2025-11-06T15:45:10","date_gmt":"2025-11-06T07:45:10","guid":{"rendered":"https:\/\/minghanggroup.com\/?post_type=product&#038;p=2485"},"modified":"2026-01-20T14:13:23","modified_gmt":"2026-01-20T06:13:23","slug":"clear-glass-empty-hot-sauce-bottles-bulk","status":"publish","type":"product","link":"https:\/\/minghanggroup.com\/it\/prodotto\/clear-glass-empty-hot-sauce-bottles-bulk\/","title":{"rendered":"Bottiglie vuote di salsa piccante in vetro trasparente da 16 once, sfuse"},"content":{"rendered":"<p>Queste bottiglie vuote per salsa piccante sono realizzate in vetro trasparente con dettagli testurizzati sul collo e sul fondo, e sono completate da tappi dorati. Il loro design minimale ma elegante \u00e8 perfetto per esporre la salsa piccante al suo interno.<\/p>\n<h2>Caratteristiche del prodotto<\/h2>\n<ul>\n<li><strong>Materiale del vetro trasparente:<\/strong> Il corpo in vetro trasparente \u00e8 un ottimo modo per mostrare il colore della salsa chili e la quantit\u00e0 rimanente.<\/li>\n<li><strong>Design della bottiglia testurizzata:<\/strong> La texture sul collo e sul fondo non solo aggiunge un piccolo dettaglio, ma migliora anche l&#039;estetica del prodotto e la visibilit\u00e0 del marchio.<\/li>\n<li><strong>Grande capacit\u00e0:<\/strong> Grazie alla dimensione da 500 ml, pu\u00f2 contenere comodamente sia grandi confezioni di salse normali che speciali.<\/li>\n<\/ul>\n<h2 style=\"text-align: left;\">Specifiche chiave<\/h2>\n<table class=\"aligncenter\" style=\"border-collapse: collapse; width: 418.52pt;\" border=\"0\" width=\"558\" cellspacing=\"0\" cellpadding=\"0\">\n<tbody>\n<tr style=\"height: 13.50pt;\">\n<td style=\"height: 13.50pt; width: 116.25pt;\" width=\"155\" height=\"18\">Caratteristica<\/td>\n<td style=\"width: 302.25pt;\" width=\"403\">Specifica<\/td>\n<\/tr>\n<tr style=\"height: 13.50pt;\">\n<td style=\"height: 13.50pt;\" height=\"18\">Capacit\u00e0<\/td>\n<td>500 ml\/16 oz<\/td>\n<\/tr>\n<tr style=\"height: 13.50pt;\">\n<td style=\"height: 13.50pt;\" height=\"18\">Materiale<\/td>\n<td>Stout in vetro trasparente, per uso alimentare, senza piombo<\/td>\n<\/tr>\n<tr style=\"height: 13.50pt;\">\n<td style=\"height: 13.50pt;\" height=\"18\">Dettagli di progettazione<\/td>\n<td>Manico e base testurizzati; corpo liscio<\/td>\n<\/tr>\n<tr style=\"height: 13.50pt;\">\n<td style=\"height: 13.50pt;\" height=\"18\">Chiusura pronta<\/td>\n<td>oro, nero, argento, rosso (personalizzato)<\/td>\n<\/tr>\n<tr style=\"height: 13.50pt;\">\n<td style=\"height: 13.50pt;\" height=\"18\">Dimensioni della confezione<\/td>\n<td>23 \u00d7 18 \u00d7 20 cm (impilamento efficiente)<\/td>\n<\/tr>\n<tr style=\"height: 13.50pt;\">\n<td style=\"height: 13.50pt;\" height=\"18\">Ideale per<\/td>\n<td>Salsa piccante, salsa di pomodoro, condimento per insalata<\/td>\n<\/tr>\n<tr style=\"height: 13.50pt;\">\n<td style=\"height: 13.50pt;\" height=\"18\">Uso ideale<\/td>\n<td>Bottiglie di salsa piccante sfuse, contenitori di salsa piccante<\/td>\n<\/tr>\n<\/tbody>\n<\/table>\n<h2>Storia di successo: come le startup ottengono scalabilit\u00e0 con bottiglie di grande capacit\u00e0<\/h2>\n<p>Una startup che si occupa di salsa chili ha inizialmente prodotto 2.000 bottiglie vuote di salsa piccante personalizzate con il proprio logo. In soli tre mesi, il design testurizzato e il tappo dorato hanno contribuito a farla entrare con successo in 15 mercati locali di fascia alta. L&#039;ottimo feedback dei clienti su questo aspetto alla moda ha portato a un aumento delle vendite dell&#039;80% e al numero di acquisti ripetuti del 40%. La loro distribuzione non solo \u00e8 diventata pi\u00f9 estesa, ma sono anche diventati nostri clienti stabili e di grandi volumi, con ordini trimestrali di 400.000 unit\u00e0 e oltre 100 negozi nella regione.<\/p>\n<h2>Suggerimenti per la personalizzazione delle bottiglie<\/h2>\n<ul>\n<li><strong>Colori personalizzati del cappuccio:<\/strong> Il colore del tappo pu\u00f2 essere nero, argento o bianco, per abbinarsi ai colori del logo del tuo marchio.<\/li>\n<li><strong>Modelli di serigrafia:<\/strong> I motivi vengono applicati direttamente sulla superficie del vetro tra le fasce testurizzate per una migliore resistenza all&#039;usura.<\/li>\n<li><strong>Liner speciali:<\/strong> Sostituire i rivestimenti dei tappi con altri adatti agli ingredienti specifici e prolungare la durata di conservazione del prodotto.<\/li>\n<li><strong>Opzioni di regolazione del beccuccio di versamento:<\/strong> Per controllare il versamento del liquido \u00e8 possibile utilizzare regolatori di beccuccio di diverse dimensioni.<\/li>\n<\/ul>\n<p>Vuoi ordinare bottiglie di salsa piccante di alta qualit\u00e0 all&#039;ingrosso? Contattaci subito per preventivi all&#039;ingrosso e spedizioni convenienti.<\/p>","protected":false},"excerpt":{"rendered":"<p>Bottiglie vuote di salsa piccante di alta qualit\u00e0 con coperchi in metallo e design esclusivo. Ideali per la personalizzazione del marchio e per la vendita all&#039;ingrosso di bottiglie di salsa piccante. Fornitura diretta dalla fabbrica.<\/p>","protected":false},"featured_media":2493,"template":"","meta":{"postBodyCss":"","postBodyMargin":[],"postBodyPadding":[],"postBodyBackground":{"backgroundType":"classic","gradient":""}},"product_brand":[],"product_cat":[15,16,54],"product_tag":[72],"class_list":{"0":"post-2485","1":"product","2":"type-product","3":"status-publish","4":"has-post-thumbnail","6":"product_cat-glass-containers","7":"product_cat-glass-bottles","8":"product_cat-hot-sauce-bottles","9":"product_tag-juice-bottles","11":"first","12":"instock","13":"shipping-taxable","14":"product-type-simple"},"jetpack_sharing_enabled":true,"_links":{"self":[{"href":"https:\/\/minghanggroup.com\/it\/wp-json\/wp\/v2\/product\/2485","targetHints":{"allow":["GET"]}}],"collection":[{"href":"https:\/\/minghanggroup.com\/it\/wp-json\/wp\/v2\/product"}],"about":[{"href":"https:\/\/minghanggroup.com\/it\/wp-json\/wp\/v2\/types\/product"}],"wp:featuredmedia":[{"embeddable":true,"href":"https:\/\/minghanggroup.com\/it\/wp-json\/wp\/v2\/media\/2493"}],"wp:attachment":[{"href":"https:\/\/minghanggroup.com\/it\/wp-json\/wp\/v2\/media?parent=2485"}],"wp:term":[{"taxonomy":"product_brand","embeddable":true,"href":"https:\/\/minghanggroup.com\/it\/wp-json\/wp\/v2\/product_brand?post=2485"},{"taxonomy":"product_cat","embeddable":true,"href":"https:\/\/minghanggroup.com\/it\/wp-json\/wp\/v2\/product_cat?post=2485"},{"taxonomy":"product_tag","embeddable":true,"href":"https:\/\/minghanggroup.com\/it\/wp-json\/wp\/v2\/product_tag?post=2485"}],"curies":[{"name":"wp","href":"https:\/\/api.w.org\/{rel}","templated":true}]}}