{"id":2466,"date":"2025-11-06T15:36:32","date_gmt":"2025-11-06T07:36:32","guid":{"rendered":"https:\/\/minghanggroup.com\/?post_type=product&#038;p=2466"},"modified":"2025-11-14T10:07:09","modified_gmt":"2025-11-14T02:07:09","slug":"glass-spices-jar-with-grinders-bulk","status":"publish","type":"product","link":"https:\/\/minghanggroup.com\/it\/prodotto\/glass-spices-jar-with-grinders-bulk\/","title":{"rendered":"Barattolo per spezie in vetro da 200 ml con macinini in acciaio inossidabile"},"content":{"rendered":"<p>Non continuare a sopportare spezie mal organizzate che danno l&#039;impressione di una cucina disordinata. Produciamo barattoli di vetro per spezie di alta qualit\u00e0 che non solo rendono la tua cucina un luogo alla moda, ma mantengono anche le tue spezie fresche. Questi non sono semplici contenitori; sono la nuova arma segreta del tuo marchio per l&#039;organizzazione della cucina e il confezionamento degli alimenti.<\/p>\n<h2>Caratteristiche del prodotto<\/h2>\n<ol>\n<li><strong>Chiarezza cristallina:<\/strong>Il vetro altamente trasparente ti consente di vedere rapidamente le spezie, cos\u00ec non dovrai pi\u00f9 chiederti quando \u00e8 il momento di riordinare il tuo barattolo di spezie.<\/li>\n<li><strong>Macinacaff\u00e8 incorporato:<\/strong>Il tappo in acciaio inox con macina integrato consente di regolare la grana di pepe nero, sale marino e altre spezie. \u00c8 perfetto per la tua cucina.<\/li>\n<li><strong>Design moderno rotondo:<\/strong>L&#039;elegante forma rotonda con bordi lisci non solo conferisce il fascino necessario ai contenitori per la conservazione in cucina e ai barattoli per le spezie, ma li rende anche pi\u00f9 lussuosi.<\/li>\n<\/ol>\n<h2>Specifiche chiave<\/h2>\n<table style=\"border-collapse: collapse; width: 80%; margin-left: auto; margin-right: auto;\" border=\"0\" width=\"144\" cellspacing=\"0\" cellpadding=\"0\">\n<tbody>\n<tr style=\"height: 13.50pt;\">\n<td style=\"height: 13.5pt; width: 54pt; text-align: center;\" width=\"72\" height=\"18\">Caratteristica<\/td>\n<td style=\"width: 54pt; text-align: center;\" width=\"72\">Specifica<\/td>\n<\/tr>\n<tr style=\"height: 13.50pt;\">\n<td style=\"height: 13.5pt; text-align: center;\" height=\"18\">Capacit\u00e0<\/td>\n<td style=\"text-align: center;\">150 ml 200 ml<\/td>\n<\/tr>\n<tr style=\"height: 13.50pt;\">\n<td style=\"height: 13.5pt; text-align: center;\" height=\"18\">Forma<\/td>\n<td style=\"text-align: center;\">Girare<\/td>\n<\/tr>\n<tr style=\"height: 13.50pt;\">\n<td style=\"height: 13.5pt; text-align: center;\" height=\"18\">Accessorio<\/td>\n<td style=\"text-align: center;\">Cappuccio di macinazione<\/td>\n<\/tr>\n<tr style=\"height: 13.50pt;\">\n<td style=\"height: 13.5pt; text-align: center;\" height=\"18\">Utilizzo<\/td>\n<td style=\"text-align: center;\">Pepe nero o sale marino, ecc.<\/td>\n<\/tr>\n<\/tbody>\n<\/table>\n<h2>Caso di successo<\/h2>\n<p>Siamo stati contattati da un marchio gourmet europeo per aiutarli a personalizzare questi barattoli di alta qualit\u00e0 in acciaio inossidabile e vetro per spezie con macina in metallo. Il macina in metallo \u00e8 regolabile in spessore ed \u00e8 molto semplice da usare, consentendo cos\u00ec di passare dal sale marino grosso al pepe fine senza problemi. Per promuovere il marchio e la sua immagine, abbiamo inciso al laser il loro semplice logo geometrico sul coperchio in metallo.<\/p>\n<p>Dopo il lancio del prodotto, l&#039;azienda ha registrato un aumento delle vendite del 50% ed \u00e8 riuscita a confermare la sua posizione di marchio premium sul mercato.<\/p>\n<h2>I tuoi suggerimenti per la personalizzazione<\/h2>\n<p>I tuoi barattoli di vetro per spezie devono essere all&#039;altezza dello stile del tuo marchio. Puoi scegliere tra due tipi di coperchio in acciaio inossidabile, spazzolato o lucido, oppure puoi personalizzarli con il tuo logo inciso al laser o con un tocco di colore discreto. Desideri una macinatura pi\u00f9 fine per il sale di qualit\u00e0 superiore e una pi\u00f9 grossolana per i peperoncini? Possiamo personalizzare i macinini in ceramica secondo i tuoi gusti.<\/p>\n<p>Che si tratti di confezioni da 180 ml per la vendita al dettaglio o di confezioni da 250 ml per la ristorazione, ci assicuriamo che le chiusure siano ermetiche, l&#039;estetica elegante e la funzionalit\u00e0 accurata. Possiamo realizzare una collezione di barattoli in vetro per spezie che delizieranno i vostri clienti.<\/p>","protected":false},"excerpt":{"rendered":"<p>Elegante contenitore per spezie che unisce vetro e acciaio inossidabile. Barattoli in vetro per spezie perfetti per macinare e conservare pepe, sale o erbe aromatiche con un tocco moderno.<\/p>","protected":false},"featured_media":2468,"template":"","meta":{"postBodyCss":"","postBodyMargin":[],"postBodyPadding":[],"postBodyBackground":{"backgroundType":"classic","gradient":""}},"product_brand":[],"product_cat":[15,17,53],"product_tag":[],"class_list":{"0":"post-2466","1":"product","2":"type-product","3":"status-publish","4":"has-post-thumbnail","6":"product_cat-glass-containers","7":"product_cat-glass-jars","8":"product_cat-spice-jars","10":"first","11":"instock","12":"shipping-taxable","13":"product-type-simple"},"jetpack_sharing_enabled":true,"_links":{"self":[{"href":"https:\/\/minghanggroup.com\/it\/wp-json\/wp\/v2\/product\/2466","targetHints":{"allow":["GET"]}}],"collection":[{"href":"https:\/\/minghanggroup.com\/it\/wp-json\/wp\/v2\/product"}],"about":[{"href":"https:\/\/minghanggroup.com\/it\/wp-json\/wp\/v2\/types\/product"}],"wp:featuredmedia":[{"embeddable":true,"href":"https:\/\/minghanggroup.com\/it\/wp-json\/wp\/v2\/media\/2468"}],"wp:attachment":[{"href":"https:\/\/minghanggroup.com\/it\/wp-json\/wp\/v2\/media?parent=2466"}],"wp:term":[{"taxonomy":"product_brand","embeddable":true,"href":"https:\/\/minghanggroup.com\/it\/wp-json\/wp\/v2\/product_brand?post=2466"},{"taxonomy":"product_cat","embeddable":true,"href":"https:\/\/minghanggroup.com\/it\/wp-json\/wp\/v2\/product_cat?post=2466"},{"taxonomy":"product_tag","embeddable":true,"href":"https:\/\/minghanggroup.com\/it\/wp-json\/wp\/v2\/product_tag?post=2466"}],"curies":[{"name":"wp","href":"https:\/\/api.w.org\/{rel}","templated":true}]}}