{"id":2456,"date":"2025-11-06T14:39:39","date_gmt":"2025-11-06T06:39:39","guid":{"rendered":"https:\/\/minghanggroup.com\/?post_type=product&#038;p=2456"},"modified":"2025-11-14T10:07:16","modified_gmt":"2025-11-14T02:07:16","slug":"airtight-spice-jars-glass-kitchenware-bulk","status":"publish","type":"product","link":"https:\/\/minghanggroup.com\/it\/prodotto\/airtight-spice-jars-glass-kitchenware-bulk\/","title":{"rendered":"Barattoli per spezie ermetici da 100 ml con coperchi in acciaio inossidabile sfusi"},"content":{"rendered":"<p>Basta con i problemi di disordine che rendono la tua cucina caotica. Realizziamo barattoli per spezie ermetici di alta qualit\u00e0 che trasformano la tua cucina in uno spazio elegante, mantenendo le spezie fresche. Non sono semplici contenitori: sono la nuova arma segreta del tuo brand per l&#039;organizzazione della cucina e il confezionamento degli alimenti.<\/p>\n<h2>Caratteristiche del prodotto<\/h2>\n<ol>\n<li><strong>Cristallino:<\/strong>Il contenitore in vetro con un&#039;eccellente trasparenza consente di controllare visivamente le spezie, cos\u00ec non dovrai pi\u00f9 preoccuparti di quando riempirlo.<\/li>\n<li><strong>Sigillato ermeticamente:<\/strong>Il bordo superiore in metallo sigillato dal tappo in acciaio inossidabile \u00e8 dotato di una chiusura ermetica che mantiene le spezie fresche e allo stesso tempo impedisce all&#039;umidit\u00e0 di danneggiare il contenitore delle spezie.<\/li>\n<li><strong>Cappuccio interno multifunzionale:<\/strong>Il coperchio ermetico del barattolo per spezie \u00e8 inoltre dotato di un erogatore multifunzionale, con fori pi\u00f9 grandi per i grani di pepe pi\u00f9 grandi e fori pi\u00f9 piccoli per le polveri pi\u00f9 piccole.<\/li>\n<\/ol>\n<h2>Specifiche chiave<\/h2>\n<table style=\"border-collapse: collapse; width: 80%; margin-left: auto; margin-right: auto;\" border=\"0\" width=\"144\" cellspacing=\"0\" cellpadding=\"0\">\n<tbody>\n<tr style=\"height: 13.50pt;\">\n<td style=\"height: 13.5pt; width: 54pt; text-align: center;\" width=\"72\" height=\"18\">Caratteristica<\/td>\n<td style=\"width: 54pt; text-align: center;\" width=\"72\">Specifica<\/td>\n<\/tr>\n<tr style=\"height: 13.50pt;\">\n<td style=\"height: 13.5pt; text-align: center;\" height=\"18\">Capacit\u00e0<\/td>\n<td style=\"text-align: center;\">100 ml<\/td>\n<\/tr>\n<tr style=\"height: 13.50pt;\">\n<td style=\"height: 13.5pt; text-align: center;\" height=\"18\">Misurare<\/td>\n<td style=\"text-align: center;\">4,3 * 9,4 cm<\/td>\n<\/tr>\n<tr style=\"height: 13.50pt;\">\n<td style=\"height: 13.5pt; text-align: center;\" height=\"18\">Forma<\/td>\n<td style=\"text-align: center;\">Cilindro<\/td>\n<\/tr>\n<tr style=\"height: 13.50pt;\">\n<td style=\"height: 13.5pt; text-align: center;\" height=\"18\">Colore<\/td>\n<td style=\"text-align: center;\">Trasparente o personalizzato<\/td>\n<\/tr>\n<\/tbody>\n<\/table>\n<h2>Caso di successo<\/h2>\n<p>Siamo stati contattati da un marchio tedesco di spezie per creare una serie personalizzata di barattoli ermetici per spezie come packaging esclusivo per il loro nuovo prodotto. L&#039;aspetto del prodotto \u00e8 essenzialmente in vetro trasparente abbinato a un tappo in acciaio inossidabile spazzolato, ottenendo cos\u00ec uno stile minimalista ma elegante. Per aumentare la riconoscibilit\u00e0 del marchio, abbiamo inciso il logo del marchio sul tappo e aggiunto un&#039;etichetta staccabile sul contenitore per spezie per una facile identificazione da parte dei settori della vendita al dettaglio e della ristorazione.<\/p>\n<p>A soli 3 mesi dal lancio del nuovo prodotto, le vendite offline del marchio sono aumentate del 28%, diventando uno dei marchi pi\u00f9 venduti in numerosi supermercati di lusso.<\/p>\n<h2>I tuoi suggerimenti per la personalizzazione<\/h2>\n<p>I tuoi barattoli ermetici per spezie devono essere raffinati quanto i tuoi piatti, e noi li abbineremo al vetro di tua scelta: perfettamente trasparente per spezie colorate o opaco se desideri un look minimalista per la tua cucina. Aggiungi un logo inciso al laser o un&#039;etichetta stampata per portare la tua brand identity a un livello superiore. Hai bisogno di dimensioni diverse per una linea di prodotti o per uno scaffale del tuo negozio? Apporteremo modifiche al volume, al packaging e all&#039;etichettatura per fornirti la collezione di contenitori per spezie che rispecchia il tuo marchio e che pi\u00f9 si adatta alle tue esigenze.<\/p>","protected":false},"excerpt":{"rendered":"<p>Mantieni fresche le tue erbe aromatiche e i tuoi condimenti con i nostri barattoli ermetici per spezie. Questi contenitori in vetro per spezie sono dotati di eleganti coperchi in acciaio per una moderna organizzazione della cucina.<\/p>","protected":false},"featured_media":2462,"template":"","meta":{"postBodyCss":"","postBodyMargin":[],"postBodyPadding":[],"postBodyBackground":{"backgroundType":"classic","gradient":""}},"product_brand":[],"product_cat":[15,17,53],"product_tag":[],"class_list":{"0":"post-2456","1":"product","2":"type-product","3":"status-publish","4":"has-post-thumbnail","6":"product_cat-glass-containers","7":"product_cat-glass-jars","8":"product_cat-spice-jars","10":"first","11":"instock","12":"shipping-taxable","13":"product-type-simple"},"jetpack_sharing_enabled":true,"_links":{"self":[{"href":"https:\/\/minghanggroup.com\/it\/wp-json\/wp\/v2\/product\/2456","targetHints":{"allow":["GET"]}}],"collection":[{"href":"https:\/\/minghanggroup.com\/it\/wp-json\/wp\/v2\/product"}],"about":[{"href":"https:\/\/minghanggroup.com\/it\/wp-json\/wp\/v2\/types\/product"}],"wp:featuredmedia":[{"embeddable":true,"href":"https:\/\/minghanggroup.com\/it\/wp-json\/wp\/v2\/media\/2462"}],"wp:attachment":[{"href":"https:\/\/minghanggroup.com\/it\/wp-json\/wp\/v2\/media?parent=2456"}],"wp:term":[{"taxonomy":"product_brand","embeddable":true,"href":"https:\/\/minghanggroup.com\/it\/wp-json\/wp\/v2\/product_brand?post=2456"},{"taxonomy":"product_cat","embeddable":true,"href":"https:\/\/minghanggroup.com\/it\/wp-json\/wp\/v2\/product_cat?post=2456"},{"taxonomy":"product_tag","embeddable":true,"href":"https:\/\/minghanggroup.com\/it\/wp-json\/wp\/v2\/product_tag?post=2456"}],"curies":[{"name":"wp","href":"https:\/\/api.w.org\/{rel}","templated":true}]}}