{"id":2455,"date":"2025-11-06T13:25:27","date_gmt":"2025-11-06T05:25:27","guid":{"rendered":"https:\/\/minghanggroup.com\/?post_type=product&#038;p=2455"},"modified":"2026-03-02T15:18:34","modified_gmt":"2026-03-02T07:18:34","slug":"bulk-glass-8-oz-hot-sauce-bottles-for-canning","status":"publish","type":"product","link":"https:\/\/minghanggroup.com\/it\/prodotto\/bulk-glass-8-oz-hot-sauce-bottles-for-canning\/","title":{"rendered":"Bottiglie di salsa piccante in vetro sfuse da 8 once per l&#039;inscatolamento"},"content":{"rendered":"<p>Queste bottiglie di salsa piccante da 8 once sono realizzate in vetro trasparente e hanno un&#039;elegante forma affusolata e un coperchio rosso, sobrie ma uniche, che riflettono nel modo pi\u00f9 perfetto il delizioso sapore della salsa contenuta al loro interno.<\/p>\n<h2>Caratteristiche del prodotto<\/h2>\n<ul>\n<li><strong>Design con presa sicura:<\/strong> Il design ergonomico e affusolato offre una presa comoda e antiscivolo, consentendo all&#039;utente di versare e trasportare il prodotto senza alcuna difficolt\u00e0.<\/li>\n<li><strong>Adatto alla lavorazione ad alta temperatura:<\/strong> La bottiglia di vetro \u00e8 sufficientemente robusta da poter essere utilizzata per l&#039;imbottigliamento ad alte temperature e allo stesso tempo pu\u00f2 essere un buon modo per rinfrescare il prodotto.<\/li>\n<li><strong>Bellissimo aspetto:<\/strong> Il tappo a vite rosso brillante conferisce al prodotto un aspetto unico in un mercato affollato.<\/li>\n<\/ul>\n<h2 style=\"text-align: left;\">Specifiche chiave<\/h2>\n<table class=\"aligncenter\" style=\"border-collapse: collapse; width: 462.77pt;\" border=\"0\" width=\"617\" cellspacing=\"0\" cellpadding=\"0\">\n<tbody>\n<tr style=\"height: 13.50pt;\">\n<td style=\"height: 13.50pt; width: 116.25pt;\" width=\"155\" height=\"18\">Caratteristica<\/td>\n<td style=\"width: 346.50pt;\" width=\"462\">Specifica<\/td>\n<\/tr>\n<tr style=\"height: 13.50pt;\">\n<td style=\"height: 13.50pt;\" height=\"18\">Capacit\u00e0<\/td>\n<td>250 ml (8 once)<\/td>\n<\/tr>\n<tr style=\"height: 13.50pt;\">\n<td style=\"height: 13.50pt;\" height=\"18\">Forma<\/td>\n<td>Classico bicchiere stordito con vita affusolata<\/td>\n<\/tr>\n<tr style=\"height: 13.50pt;\">\n<td style=\"height: 13.50pt;\" height=\"18\">Materiale<\/td>\n<td>Stout in vetro trasparente, per uso alimentare, senza piombo<\/td>\n<\/tr>\n<tr style=\"height: 13.50pt;\">\n<td style=\"height: 13.50pt;\" height=\"18\">Chiusura pronta<\/td>\n<td>tappi neri, dorati, rossi o metallici<\/td>\n<\/tr>\n<tr style=\"height: 13.50pt;\">\n<td style=\"height: 13.50pt;\" height=\"18\">Dimensioni della confezione<\/td>\n<td>15 \u00d7 17 \u00d7 30 centimetri<\/td>\n<\/tr>\n<tr style=\"height: 13.50pt;\">\n<td style=\"height: 13.50pt;\" height=\"18\">Ideale per<\/td>\n<td>Salsa piccante, salsa chili, condimento, bevande, succo<\/td>\n<\/tr>\n<tr style=\"height: 13.50pt;\">\n<td style=\"height: 13.50pt;\" height=\"18\">Uso ideale<\/td>\n<td>Bottiglie di salsa piccante per inscatolamento, bottiglie di condimento sfuso,<\/td>\n<\/tr>\n<\/tbody>\n<\/table>\n<h2>Storia di successo: da startup locale a distribuzione nazionale<\/h2>\n<p>L&#039;azienda produttrice di salse piccanti in piccoli lotti ha utilizzato questa bottiglia da 8 once per l&#039;intera linea di prodotti. La sua buona stabilit\u00e0 termica \u00e8 il motivo principale per cui l&#039;azienda l&#039;ha scelta per il processo di imbottigliamento delle salse piccanti, riducendo cos\u00ec i problemi di produzione del 30%. Il particolare concetto di bottiglia ha permesso all&#039;azienda di essere presente in oltre 200 negozi al dettaglio in soli sei mesi. Grazie alla crescita delle vendite online del 45% dovuta al packaging di lusso, l&#039;azienda \u00e8 riuscita a mantenere un volume di ordini trimestrale di oltre 150.000 unit\u00e0 per tre anni consecutivi, espandendosi cos\u00ec nel mercato nazionale.<\/p>\n<h2>Suggerimenti per la personalizzazione delle bottiglie<\/h2>\n<ul>\n<li><strong>Colori personalizzati del cappuccio:<\/strong> Disponibili in nero, bianco o nei toni del metallo, per abbinarsi perfettamente o parzialmente al colore del tuo marchio.<\/li>\n<li><strong>Opzioni di vetro colorato:<\/strong> Il vetro ambrato o verde sarebbe perfetto per i prodotti sensibili alla luce, contribuendo cos\u00ec a migliorare il posizionamento del prodotto.<\/li>\n<li><strong>Superficie satinata:<\/strong> La finitura trasparente acidata \u00e8 una texture opaca che migliora sia l&#039;aspetto che la presa dell&#039;utente.<\/li>\n<li><strong>Motivi in \u200b\u200bvetro strutturato:<\/strong> La texture della superficie favorisce una manipolazione pi\u00f9 fluida, garantendo una presa migliore sui contorni della bottiglia.<\/li>\n<\/ul>\n<p>Siete pronti a portare il vostro packaging a un livello superiore con queste bottiglie multiuso da 8 oz per salsa piccante? Prezzi all&#039;ingrosso, ordini facili e spedizione veloce: contattateci oggi stesso!<\/p>","protected":false},"excerpt":{"rendered":"<p>Eleganti bottiglie di salsa piccante da 8 once con un esclusivo design a vita. Perfette per conserve, ordini all&#039;ingrosso, personalizzazione, consegna rapida e possibilit\u00e0 di campioni gratuiti.<\/p>","protected":false},"featured_media":2457,"template":"","meta":{"postBodyCss":"","postBodyMargin":[],"postBodyPadding":[],"postBodyBackground":{"backgroundType":"classic","gradient":""}},"product_brand":[],"product_cat":[15,16,54],"product_tag":[99,72,98],"class_list":{"0":"post-2455","1":"product","2":"type-product","3":"status-publish","4":"has-post-thumbnail","6":"product_cat-glass-containers","7":"product_cat-glass-bottles","8":"product_cat-hot-sauce-bottles","9":"product_tag-glass-vinegar-bottles","10":"product_tag-juice-bottles","11":"product_tag-salad-dressing-bottles","13":"first","14":"instock","15":"shipping-taxable","16":"product-type-simple"},"jetpack_sharing_enabled":true,"_links":{"self":[{"href":"https:\/\/minghanggroup.com\/it\/wp-json\/wp\/v2\/product\/2455","targetHints":{"allow":["GET"]}}],"collection":[{"href":"https:\/\/minghanggroup.com\/it\/wp-json\/wp\/v2\/product"}],"about":[{"href":"https:\/\/minghanggroup.com\/it\/wp-json\/wp\/v2\/types\/product"}],"wp:featuredmedia":[{"embeddable":true,"href":"https:\/\/minghanggroup.com\/it\/wp-json\/wp\/v2\/media\/2457"}],"wp:attachment":[{"href":"https:\/\/minghanggroup.com\/it\/wp-json\/wp\/v2\/media?parent=2455"}],"wp:term":[{"taxonomy":"product_brand","embeddable":true,"href":"https:\/\/minghanggroup.com\/it\/wp-json\/wp\/v2\/product_brand?post=2455"},{"taxonomy":"product_cat","embeddable":true,"href":"https:\/\/minghanggroup.com\/it\/wp-json\/wp\/v2\/product_cat?post=2455"},{"taxonomy":"product_tag","embeddable":true,"href":"https:\/\/minghanggroup.com\/it\/wp-json\/wp\/v2\/product_tag?post=2455"}],"curies":[{"name":"wp","href":"https:\/\/api.w.org\/{rel}","templated":true}]}}