{"id":2446,"date":"2025-11-06T11:38:16","date_gmt":"2025-11-06T03:38:16","guid":{"rendered":"https:\/\/minghanggroup.com\/?post_type=product&#038;p=2446"},"modified":"2026-03-02T15:19:36","modified_gmt":"2026-03-02T07:19:36","slug":"wholesale-transparent-glass-sauce-container-with-lids","status":"publish","type":"product","link":"https:\/\/minghanggroup.com\/it\/prodotto\/wholesale-transparent-glass-sauce-container-with-lids\/","title":{"rendered":"Contenitore per salse in vetro trasparente all&#039;ingrosso con coperchi 250 ml 350 ml"},"content":{"rendered":"<p>La parte in vetro di questi contenitori per salse \u00e8 trasparente, hanno una struttura ampia e un collo piccolo, mettendo cos\u00ec in mostra chiaramente la salsa rosso fuoco all&#039;interno. Le due varianti di dimensioni offrono agli utenti diverse opzioni per diverse situazioni di consumo.<\/p>\n<h2>Caratteristiche del prodotto<\/h2>\n<ul>\n<li>Trasparenza ottimale: il contenitore trasparente con il suo design minimalista trasmette visivamente la qualit\u00e0 e la purezza del prodotto in pochi secondi, creando rapidamente la fiducia del consumatore.<\/li>\n<li>Design della bottiglia facile da realizzare: il design solido e stabile della bottiglia \u00e8 in grado di gestire le operazioni anche su linee di riempimento ad alta velocit\u00e0 senza la necessit\u00e0 di interruzioni dovute all&#039;assistenza.<\/li>\n<li>Opzioni di doppia capacit\u00e0: sono disponibili due opzioni volumetriche da 250 ml e 350 ml, che rappresentano la soluzione migliore per le tue strategie di distribuzione e determinazione dei prezzi dei prodotti.<\/li>\n<\/ul>\n<h2 style=\"text-align: left;\">Specifiche chiave<\/h2>\n<table class=\"aligncenter\" style=\"border-collapse: collapse; width: 441.77pt;\" border=\"0\" width=\"589\" cellspacing=\"0\" cellpadding=\"0\">\n<tbody>\n<tr style=\"height: 13.50pt;\">\n<td style=\"height: 13.50pt; width: 125.25pt;\" width=\"167\" height=\"18\">Caratteristica<\/td>\n<td style=\"width: 316.50pt;\" width=\"422\">Specifica<\/td>\n<\/tr>\n<tr style=\"height: 13.50pt;\">\n<td style=\"height: 13.50pt;\" height=\"18\">Capacit\u00e0<\/td>\n<td>250 ml\/8 oz (6,8 \u00d7 16,7 cm), 350 ml\/12 oz (6,2 \u00d7 15,4 cm)<\/td>\n<\/tr>\n<tr style=\"height: 13.50pt;\">\n<td style=\"height: 13.50pt;\" height=\"18\">Forma<\/td>\n<td>Bottiglia di vetro rotonda cilindrica dritta<\/td>\n<\/tr>\n<tr style=\"height: 13.50pt;\">\n<td style=\"height: 13.50pt;\" height=\"18\">Materiale<\/td>\n<td>Stout in vetro trasparente, per uso alimentare, senza piombo<\/td>\n<\/tr>\n<tr style=\"height: 13.50pt;\">\n<td style=\"height: 13.50pt;\" height=\"18\">Opzioni di chiusura<\/td>\n<td>Tappo a vite nero o bianco (personalizzabile)<\/td>\n<\/tr>\n<tr style=\"height: 13.50pt;\">\n<td style=\"height: 13.50pt;\" height=\"18\">Ideale per<\/td>\n<td>Salsa piccante, salsa chili, ketchup, condimento per insalata<\/td>\n<\/tr>\n<tr style=\"height: 13.50pt;\">\n<td style=\"height: 13.50pt;\" height=\"18\">Uso ideale<\/td>\n<td>Contenitori per salse all&#039;ingrosso, bottiglie di salsa in vetro<\/td>\n<\/tr>\n<\/tbody>\n<\/table>\n<h2>Storie di successo: come un packaging adeguato pu\u00f2 portare ad un aumento delle vendite al dettaglio<\/h2>\n<p>Il produttore di alimenti speciali ha deciso di utilizzare le nostre bottiglie di vetro da 350 ml per la sua salsa piccante, il suo prodotto di punta. La trasparenza della bottiglia ha messo in mostra in pochissimo tempo l&#039;alta qualit\u00e0 del prodotto. In soli sei mesi, le vendite al dettaglio sono aumentate del 25% e un ristorante barbecue ha ridotto gli sprechi del 33%, grazie al controllo del volume di versamento (utilizzando un limitatore di flusso). Il cliente ha commentato che le prestazioni e la durata delle bottiglie di salsa sono state i fattori che hanno contribuito alla sua soddisfazione, tanto che negli ultimi due anni ha ordinato pi\u00f9 di 100.000 bottiglie ogni trimestre.<\/p>\n<h2>Suggerimenti per la personalizzazione delle bottiglie<\/h2>\n<ul>\n<li><strong>Opzioni per vetrate colorate:<\/strong> Oltre a proteggere dalla luce, per un look classico e alla moda, utilizzate il vetro ambrato o blu.<\/li>\n<li><strong>Colori personalizzati del cappuccio:<\/strong> Un berretto bianco, argento o di un colore personalizzato che si abbini perfettamente al tono del tuo marchio.<\/li>\n<li><strong>Logo impresso:<\/strong> Rendilo ancora pi\u00f9 unico e riconoscibile stampando il tuo logo direttamente sulla superficie del vetro.<\/li>\n<\/ul>\n<p>Vuoi portare il tuo contenitore per salse a un livello superiore? Questi contenitori in vetro per salse sono pronti per la vendita e la consegna \u00e8 rapida. Contattaci oggi stesso per conoscere i prezzi all&#039;ingrosso e scoprire come possiamo aiutare il tuo marchio a distinguersi.<\/p>","protected":false},"excerpt":{"rendered":"<p>Eleganti bottiglie in vetro per salse, chili, barbecue o condimenti. Contenitore per salse perfetto per ristoranti e industrie alimentari. Disponibili campioni gratuiti e spedizione rapida.<\/p>","protected":false},"featured_media":2447,"template":"","meta":{"postBodyCss":"","postBodyMargin":[],"postBodyPadding":[],"postBodyBackground":{"backgroundType":"classic","gradient":""}},"product_brand":[],"product_cat":[15,16,54],"product_tag":[72,98],"class_list":{"0":"post-2446","1":"product","2":"type-product","3":"status-publish","4":"has-post-thumbnail","6":"product_cat-glass-containers","7":"product_cat-glass-bottles","8":"product_cat-hot-sauce-bottles","9":"product_tag-juice-bottles","10":"product_tag-salad-dressing-bottles","12":"first","13":"instock","14":"shipping-taxable","15":"product-type-simple"},"jetpack_sharing_enabled":true,"_links":{"self":[{"href":"https:\/\/minghanggroup.com\/it\/wp-json\/wp\/v2\/product\/2446","targetHints":{"allow":["GET"]}}],"collection":[{"href":"https:\/\/minghanggroup.com\/it\/wp-json\/wp\/v2\/product"}],"about":[{"href":"https:\/\/minghanggroup.com\/it\/wp-json\/wp\/v2\/types\/product"}],"wp:featuredmedia":[{"embeddable":true,"href":"https:\/\/minghanggroup.com\/it\/wp-json\/wp\/v2\/media\/2447"}],"wp:attachment":[{"href":"https:\/\/minghanggroup.com\/it\/wp-json\/wp\/v2\/media?parent=2446"}],"wp:term":[{"taxonomy":"product_brand","embeddable":true,"href":"https:\/\/minghanggroup.com\/it\/wp-json\/wp\/v2\/product_brand?post=2446"},{"taxonomy":"product_cat","embeddable":true,"href":"https:\/\/minghanggroup.com\/it\/wp-json\/wp\/v2\/product_cat?post=2446"},{"taxonomy":"product_tag","embeddable":true,"href":"https:\/\/minghanggroup.com\/it\/wp-json\/wp\/v2\/product_tag?post=2446"}],"curies":[{"name":"wp","href":"https:\/\/api.w.org\/{rel}","templated":true}]}}