{"id":2433,"date":"2025-11-06T09:19:13","date_gmt":"2025-11-06T01:19:13","guid":{"rendered":"https:\/\/minghanggroup.com\/?post_type=product&#038;p=2433"},"modified":"2026-03-02T15:19:16","modified_gmt":"2026-03-02T07:19:16","slug":"wholesale-empty-clear-glass-bbq-sauce-bottles","status":"publish","type":"product","link":"https:\/\/minghanggroup.com\/it\/prodotto\/wholesale-empty-clear-glass-bbq-sauce-bottles\/","title":{"rendered":"Bottiglie di salsa barbecue in vetro trasparente vuote all&#039;ingrosso da 267 ml e 473 ml"},"content":{"rendered":"<p>Questa bottiglia per salsa presenta un design in vetro rotondo e dalle pareti dritte, senza curve o ornamenti inutili. Il suo corpo puro e trasparente rende la salsa piccante, la salsa barbecue o il condimento dorato per insalata il fulcro visivo.<\/p>\n<h2>Caratteristiche del prodotto<\/h2>\n<ul>\n<li><strong>Materiale in vetro trasparente:<\/strong> Grazie al contenitore in vetro trasparente, il colore e la consistenza del prodotto diventano immediatamente l&#039;attrazione principale dei clienti.<\/li>\n<li><strong>Design minimalista:<\/strong> La bottiglia trasparente con tappo argentato o nero conferisce un aspetto semplice e pulito, risultando cos\u00ec pratica e versatile.<\/li>\n<li><strong>Opzioni di doppia capacit\u00e0:<\/strong> Sono disponibili due opzioni di capacit\u00e0 delle bottiglie: 267 ml e 473 ml, che possono soddisfare perfettamente le vostre esigenze di contenimento sia di un piccolo volume di salse speciali che di un grande volume di salse barbecue.<\/li>\n<\/ul>\n<h2 style=\"text-align: left;\">Specifiche chiave<\/h2>\n<table class=\"aligncenter\" style=\"border-collapse: collapse; width: 435.77pt;\" border=\"0\" width=\"581\" cellspacing=\"0\" cellpadding=\"0\">\n<tbody>\n<tr style=\"height: 13.50pt;\">\n<td style=\"height: 13.50pt; width: 119.25pt;\" width=\"159\" height=\"18\">Caratteristica<\/td>\n<td style=\"width: 316.50pt;\" width=\"422\">Specifica<\/td>\n<\/tr>\n<tr style=\"height: 13.50pt;\">\n<td style=\"height: 13.50pt;\" height=\"18\">Capacit\u00e0<\/td>\n<td>267 ml, 473 ml<\/td>\n<\/tr>\n<tr style=\"height: 13.50pt;\">\n<td style=\"height: 13.50pt;\" height=\"18\">Dimensioni della confezione<\/td>\n<td>20 \u00d7 15 \u00d7 15 cm (uguali per entrambe le dimensioni)<\/td>\n<\/tr>\n<tr style=\"height: 13.50pt;\">\n<td style=\"height: 13.50pt;\" height=\"18\">Forma<\/td>\n<td>Bottiglia di vetro rotonda cilindrica dritta<\/td>\n<\/tr>\n<tr style=\"height: 13.50pt;\">\n<td style=\"height: 13.50pt;\" height=\"18\">Materiale<\/td>\n<td>Stout in vetro trasparente, per uso alimentare, senza piombo<\/td>\n<\/tr>\n<tr style=\"height: 13.50pt;\">\n<td style=\"height: 13.50pt;\" height=\"18\">Opzioni di chiusura<\/td>\n<td>Tappo a vite in nero o argento (personalizzabile)<\/td>\n<\/tr>\n<tr style=\"height: 13.50pt;\">\n<td style=\"height: 13.50pt;\" height=\"18\">Ideale per<\/td>\n<td>Salsa piccante, salsa barbecue, condimento<\/td>\n<\/tr>\n<tr style=\"height: 13.50pt;\">\n<td style=\"height: 13.50pt;\" height=\"18\">Uso ideale<\/td>\n<td>Bottiglie di salsa chili all&#039;ingrosso, bottiglie di salsa barbecue<\/td>\n<\/tr>\n<\/tbody>\n<\/table>\n<h2>Storia di successo: come un&#039;azienda di condimenti ha semplificato il confezionamento<\/h2>\n<p>L&#039;azienda che vende condimenti e che \u00e8 in rapida crescita utilizzava diversi tipi di bottiglie per confezionare i propri prodotti, il che ha causato difficolt\u00e0 nella gestione dell&#039;inventario e delle spedizioni. All&#039;inizio del 2024, hanno provato le nostre bottiglie di salsa piccante all&#039;ingrosso e hanno effettuato un primo ordine di 3.000 unit\u00e0 (1.500 per ogni formato). Il risultato \u00e8 stato sorprendente: un marchio di barbecue che utilizzava bottiglie di salsa piccante da 473 ml ha registrato un aumento del 41% nelle vendite al dettaglio, poich\u00e9 i clienti sono stati attratti dal design alla moda e dal collo pratico da versare. Un produttore di salsa piccante ha sperimentato bottiglie campione da 267 ml e ha registrato un aumento del 35% negli acquisti di ritorno da parte dei clienti: gli utenti hanno espresso il desiderio di acquistare il prodotto in formato standard dopo averlo provato. Attualmente, ogni trimestre vengono effettuati ordini all&#039;ingrosso per entrambe le dimensioni, il che dimostra chiaramente l&#039;efficacia delle soluzioni di imballaggio semplificate e scalabili.<\/p>\n<h2>Suggerimenti per la personalizzazione delle bottiglie<\/h2>\n<ul>\n<li><strong>Opzioni di colore del vetro:<\/strong> Le bottiglie rotonde in vetro ambrato o verde possono rappresentare un&#039;offerta attraente e unica sullo scaffale, oltre a proteggere i prodotti sensibili alla luce.<\/li>\n<li><strong>Colori personalizzati del berretto:<\/strong> \u00c8 possibile utilizzare diversi colori per il tappo, ad esempio argento, oro o bianco, per mettere in risalto la linea di prodotti o semplicemente per riflettere l&#039;immagine del marchio.<\/li>\n<li><strong>Grafica serigrafata:<\/strong> A F\u00e1brica de Garrafas de Leite de Vidro: Pureza, Confian\u00e7a e Sustentabilidade em Embalagens para Latic\u00ednios<\/li>\n<li><strong>Opzioni del regolatore di flusso:<\/strong> Scegliendo una dimensione del regolatore di flusso che corrisponda alla viscosit\u00e0 della salsa, sar\u00e0 semplice controllare la portata, che si tratti di uno sciroppo liquido o di una salsa barbecue densa.<\/li>\n<\/ul>","protected":false},"excerpt":{"rendered":"<p>Bottiglie di salsa premium in vetro spesso e trasparente, perfette per salsa barbecue o salsa chili. Possibilit\u00e0 di personalizzazione del marchio con campioni gratuiti per bottiglie di salsa barbecue sfuse.<\/p>","protected":false},"featured_media":2435,"template":"","meta":{"postBodyCss":"","postBodyMargin":[],"postBodyPadding":[],"postBodyBackground":{"backgroundType":"classic","gradient":""}},"product_brand":[],"product_cat":[15,16,54],"product_tag":[72,98],"class_list":{"0":"post-2433","1":"product","2":"type-product","3":"status-publish","4":"has-post-thumbnail","6":"product_cat-glass-containers","7":"product_cat-glass-bottles","8":"product_cat-hot-sauce-bottles","9":"product_tag-juice-bottles","10":"product_tag-salad-dressing-bottles","12":"first","13":"instock","14":"shipping-taxable","15":"product-type-simple"},"jetpack_sharing_enabled":true,"_links":{"self":[{"href":"https:\/\/minghanggroup.com\/it\/wp-json\/wp\/v2\/product\/2433","targetHints":{"allow":["GET"]}}],"collection":[{"href":"https:\/\/minghanggroup.com\/it\/wp-json\/wp\/v2\/product"}],"about":[{"href":"https:\/\/minghanggroup.com\/it\/wp-json\/wp\/v2\/types\/product"}],"wp:featuredmedia":[{"embeddable":true,"href":"https:\/\/minghanggroup.com\/it\/wp-json\/wp\/v2\/media\/2435"}],"wp:attachment":[{"href":"https:\/\/minghanggroup.com\/it\/wp-json\/wp\/v2\/media?parent=2433"}],"wp:term":[{"taxonomy":"product_brand","embeddable":true,"href":"https:\/\/minghanggroup.com\/it\/wp-json\/wp\/v2\/product_brand?post=2433"},{"taxonomy":"product_cat","embeddable":true,"href":"https:\/\/minghanggroup.com\/it\/wp-json\/wp\/v2\/product_cat?post=2433"},{"taxonomy":"product_tag","embeddable":true,"href":"https:\/\/minghanggroup.com\/it\/wp-json\/wp\/v2\/product_tag?post=2433"}],"curies":[{"name":"wp","href":"https:\/\/api.w.org\/{rel}","templated":true}]}}