{"id":2423,"date":"2025-11-05T14:10:38","date_gmt":"2025-11-05T06:10:38","guid":{"rendered":"https:\/\/minghanggroup.com\/?post_type=product&#038;p=2423"},"modified":"2025-11-05T17:02:08","modified_gmt":"2025-11-05T09:02:08","slug":"wholesale-woozy-bottles-for-hot-sauce-packaging","status":"publish","type":"product","link":"https:\/\/minghanggroup.com\/it\/prodotto\/wholesale-woozy-bottles-for-hot-sauce-packaging\/","title":{"rendered":"Bottiglie Woozy da 3 oz, 5 oz e 8 oz all&#039;ingrosso per il confezionamento di salsa piccante"},"content":{"rendered":"<p>Una di quelle bottiglie tipicamente per salsa piccante, la &#034;woozy bottle&#034;, \u00e8 trasparente e realizzata in vetro puro al 100%. La bottiglia \u00e8 circolare con un unico collo sottile che, gradualmente, si assottiglia fino a raggiungere un&#039;apertura standard, consentendo cos\u00ec all&#039;utente di avere un controllo preciso sulla quantit\u00e0 di salsa utilizzata.<\/p>\n<h2>Caratteristiche del prodotto<\/h2>\n<ul>\n<li><strong>Il controllo del flusso \u00e8 preciso:<\/strong> L&#039;uso \u00e8 consentito alle persone attraverso il collo sottile e la consueta apertura del design per controllare il flusso, impedendo cos\u00ec efficacemente che si rovesci anche se si tratta di una salsa densa o piccante, che pu\u00f2 essere tenuta con una mano.<\/li>\n<li><strong>Utilizzo versatile:<\/strong> Il contenitore \u00e8 molto adatto a qualsiasi tipo di salsa, che si tratti di vinaigrette, condimenti cremosi per insalata o sciroppo.<\/li>\n<li><strong>Materiale del vetro trasparente:<\/strong> La bottiglia \u00e8 realizzata in vetro naturale trasparente, e il colore e la quantit\u00e0 di salsa rimasta nella bottiglia sono ben visibili.<\/li>\n<\/ul>\n<h2 style=\"text-align: left;\">Specifiche chiave<\/h2>\n<table class=\"aligncenter\" style=\"border-collapse: collapse; width: 516.02pt;\" border=\"0\" width=\"688\" cellspacing=\"0\" cellpadding=\"0\">\n<tbody>\n<tr style=\"height: 13.50pt;\">\n<td class=\"et2\" style=\"height: 13.50pt; width: 90.00pt;\" width=\"120\" height=\"18\">Caratteristica<\/td>\n<td class=\"et2\" style=\"width: 426.00pt;\" width=\"568\">Specifica<\/td>\n<\/tr>\n<tr style=\"height: 13.50pt;\">\n<td class=\"et2\" style=\"height: 13.50pt; width: 90.00pt;\" width=\"120\" height=\"18\">Capacit\u00e0<\/td>\n<td class=\"et2\" style=\"width: 426.00pt;\" width=\"568\">90 ml\/3 oz (4\u00d715,1 cm), 150 ml\/5 oz (4,8\u00d717,2 cm), 250 ml\/8 oz (5,5\u00d719,8 cm)<\/td>\n<\/tr>\n<tr style=\"height: 13.50pt;\">\n<td class=\"et2\" style=\"height: 13.50pt; width: 90.00pt;\" width=\"120\" height=\"18\">Materiale<\/td>\n<td class=\"et2\" style=\"width: 426.00pt;\" width=\"568\">Stout in vetro trasparente, per uso alimentare, senza piombo<\/td>\n<\/tr>\n<tr style=\"height: 13.50pt;\">\n<td class=\"et2\" style=\"height: 13.50pt; width: 90.00pt;\" width=\"120\" height=\"18\">Chiusura<\/td>\n<td class=\"et2\" style=\"width: 426.00pt;\" width=\"568\">Tappo a vite (nero o colore personalizzato)<\/td>\n<\/tr>\n<tr style=\"height: 13.50pt;\">\n<td class=\"et2\" style=\"height: 13.50pt; width: 90.00pt;\" width=\"120\" height=\"18\">Ideale per<\/td>\n<td class=\"et2\" style=\"width: 426.00pt;\" width=\"568\">Salsa piccante, salsa, condimento<\/td>\n<\/tr>\n<tr style=\"height: 13.50pt;\">\n<td class=\"et2\" style=\"height: 13.50pt; width: 90.00pt;\" width=\"120\" height=\"18\">Uso ideale<\/td>\n<td class=\"et2\" style=\"width: 426.00pt;\" width=\"568\">Bottiglie di salsa piccante sfuse, bottiglie di condimento, bottiglie stordite<\/td>\n<\/tr>\n<\/tbody>\n<\/table>\n<h2>Storia di successo: come una startup con un prodotto classico \u00e8 diventata scalabile<\/h2>\n<p>Un produttore artigianale di salse piccanti in rapida crescita si \u00e8 trovato ad affrontare un problema: i suoi clienti avevano difficolt\u00e0 con bottiglie di plastica che perdevano e di scarsa qualit\u00e0, oppure con bottiglie di vetro che non si adattavano bene. Dopo il passaggio alle bottiglie di vetro perforate da 150 ml con tappo nero, l&#039;azienda ha riscontrato un enorme cambiamento nelle sue prestazioni. Il design classico della bottiglia \u00e8 un ottimo strumento per costruire la fiducia dei clienti: un marchio di salse piccanti ha registrato un aumento del 42% delle vendite online, facilitato dal limitatore di flusso sul collo della bottiglia che ha contribuito a controllare meglio il versamento della salsa, riducendo cos\u00ec gli sprechi del 31%. Il successo di questa soluzione ha portato gli ordini ripetuti dell&#039;azienda a salire da 50.000 bottiglie a ciclo a 250.000. L&#039;azienda ha quindi ampliato la sua linea di prodotti e continua a utilizzare tutti e tre i formati del nostro catalogo.<\/p>\n<h2>Suggerimenti per la personalizzazione delle bottiglie di salsa piccante<\/h2>\n<ul>\n<li><strong>Bottiglia smerigliata:<\/strong> La finitura satinata monoblocco conferisce una superficie opaca e delicata, riduce la visibilit\u00e0 delle impronte digitali e aumenta il valore percepito del prodotto.<\/li>\n<li><strong>Indicatori di volume rialzati:<\/strong> Le lettere in rilievo nella zona del collo indicano il volume, ideali per etichettare ricette o salse.<\/li>\n<li><strong>Logo serigrafato:<\/strong> Il tuo logo pu\u00f2 essere serigrafato direttamente sulla tua bottiglia di vetro, con un&#039;identit\u00e0 di marca durevole e di alta qualit\u00e0 che rimane vivida nel tempo.<\/li>\n<li><strong>Opzioni per vetrate colorate:<\/strong> Per proteggere gli ingredienti sensibili alla luce e, allo stesso tempo, per conferire un aspetto vintage, si possono utilizzare vetri ambrati o verdi.<\/li>\n<\/ul>","protected":false},"excerpt":{"rendered":"<p>Bottiglie di alta qualit\u00e0 ideali per diverse salse. Bottiglie di alta qualit\u00e0 per salsa piccante disponibili in grandi quantit\u00e0, perfette per ristoranti e industrie alimentari. Campioni gratuiti.<\/p>","protected":false},"featured_media":2427,"template":"","meta":{"postBodyCss":"","postBodyMargin":[],"postBodyPadding":[],"postBodyBackground":{"backgroundType":"classic","gradient":""}},"product_brand":[],"product_cat":[15,16,54],"product_tag":[],"class_list":{"0":"post-2423","1":"product","2":"type-product","3":"status-publish","4":"has-post-thumbnail","6":"product_cat-glass-containers","7":"product_cat-glass-bottles","8":"product_cat-hot-sauce-bottles","10":"first","11":"instock","12":"shipping-taxable","13":"product-type-simple"},"jetpack_sharing_enabled":true,"_links":{"self":[{"href":"https:\/\/minghanggroup.com\/it\/wp-json\/wp\/v2\/product\/2423","targetHints":{"allow":["GET"]}}],"collection":[{"href":"https:\/\/minghanggroup.com\/it\/wp-json\/wp\/v2\/product"}],"about":[{"href":"https:\/\/minghanggroup.com\/it\/wp-json\/wp\/v2\/types\/product"}],"wp:featuredmedia":[{"embeddable":true,"href":"https:\/\/minghanggroup.com\/it\/wp-json\/wp\/v2\/media\/2427"}],"wp:attachment":[{"href":"https:\/\/minghanggroup.com\/it\/wp-json\/wp\/v2\/media?parent=2423"}],"wp:term":[{"taxonomy":"product_brand","embeddable":true,"href":"https:\/\/minghanggroup.com\/it\/wp-json\/wp\/v2\/product_brand?post=2423"},{"taxonomy":"product_cat","embeddable":true,"href":"https:\/\/minghanggroup.com\/it\/wp-json\/wp\/v2\/product_cat?post=2423"},{"taxonomy":"product_tag","embeddable":true,"href":"https:\/\/minghanggroup.com\/it\/wp-json\/wp\/v2\/product_tag?post=2423"}],"curies":[{"name":"wp","href":"https:\/\/api.w.org\/{rel}","templated":true}]}}