{"id":2394,"date":"2025-11-04T14:20:46","date_gmt":"2025-11-04T06:20:46","guid":{"rendered":"https:\/\/minghanggroup.com\/?post_type=product&#038;p=2394"},"modified":"2025-11-14T10:07:49","modified_gmt":"2025-11-14T02:07:49","slug":"10oz-glass-spice-jar-set-bulk-spice-storage-containers","status":"publish","type":"product","link":"https:\/\/minghanggroup.com\/it\/prodotto\/10oz-glass-spice-jar-set-bulk-spice-storage-containers\/","title":{"rendered":"Set di barattoli per spezie in vetro da 10 once | Contenitori per la conservazione delle spezie"},"content":{"rendered":"<p>Coment\u00e1rio<\/p>\n<h2>Caratteristiche del prodotto<\/h2>\n<ol>\n<li><strong>Mais informa\u00e7\u00f5es sobre embalagens de vidro<\/strong>Il coperchio shaker in acciaio inossidabile con fori di dimensioni e distribuzione uniformi consente di controllare al massimo il flusso delle spezie per sale, pepe e altre spezie pregiate.<\/li>\n<li><strong>Maniglia comoda:<\/strong>Le nervature verticali sulla parte della mano non solo migliorano la comodit\u00e0 della presa, ma conferiscono anche un aspetto senza tempo ai barattoli di vetro per spezie della tua cucina.<\/li>\n<\/ol>\n<h2>Specifiche chiave<\/h2>\n<table style=\"border-collapse: collapse; width: 80%; margin-left: auto; margin-right: auto;\" border=\"0\" width=\"144\" cellspacing=\"0\" cellpadding=\"0\">\n<tbody>\n<tr style=\"height: 13.50pt;\">\n<td style=\"height: 13.5pt; width: 54pt; text-align: center;\" width=\"72\" height=\"18\">Capacit\u00e0<\/td>\n<td style=\"width: 54pt; text-align: center;\" width=\"72\">330 ml\/10 oz<\/td>\n<\/tr>\n<tr style=\"height: 13.50pt;\">\n<td style=\"height: 13.5pt; text-align: center;\" height=\"18\">Dimensioni<\/td>\n<td style=\"text-align: center;\">7,5*13,5 cm<\/td>\n<\/tr>\n<tr style=\"height: 13.50pt;\">\n<td style=\"height: 13.5pt; text-align: center;\" height=\"18\">Materiale<\/td>\n<td style=\"text-align: center;\">Coperchio in vetro + metallo<\/td>\n<\/tr>\n<tr style=\"height: 13.50pt;\">\n<td style=\"height: 13.5pt; text-align: center;\" height=\"18\">Utilizzo<\/td>\n<td style=\"text-align: center;\">Zucchero, sale, condimento<\/td>\n<\/tr>\n<tr style=\"height: 13.50pt;\">\n<td style=\"height: 13.5pt; text-align: center;\" height=\"18\">Colore<\/td>\n<td style=\"text-align: center;\">Costume<\/td>\n<\/tr>\n<\/tbody>\n<\/table>\n<h2>Caso di successo<\/h2>\n<p>Un marchio di utensili da cucina di alta gamma ha collaborato con noi per progettare questo esclusivo set di contenitori multifunzionali per spezie, con una speciale texture sulle pareti in vetro dei barattoli per una migliore presa e coperchi in acciaio inossidabile con finitura a specchio che non arrugginiscono anche se i barattoli vengono lavati frequentemente. Un barattolo ha un beccuccio realizzato con grande precisione, quindi \u00e8 assolutamente adatto per olio d&#039;oliva o salsa di soia; gli altri barattoli hanno shaker e coperchi a bocca piccola rispettivamente per sale, zucchero e pepe.<\/p>\n<p>Nel primo trimestre, il set \u00e8 stato il prodotto pi\u00f9 venduto nei negozi lifestyle e nei rivenditori online e le vendite hanno superato del 40% l&#039;obiettivo.<\/p>\n<h2>I tuoi suggerimenti per la personalizzazione<\/h2>\n<p>Questi contenitori in vetro per spezie possono essere un ottimo prodotto se personalizzati, migliorandone l&#039;aspetto e aggiungendo qualche dettaglio interessante. Per un aspetto ordinato e professionale, \u00e8 possibile applicare il logo del marchio sul coperchio o sul barattolo tramite incisione laser o serigrafia. Inoltre, il barattolo pu\u00f2 conferire un tocco di lusso semplicemente scegliendo un vetro colorato (ambra, verde o grigio fum\u00e9), che pu\u00f2 anche contribuire a proteggere il contenuto dalla luce.<\/p>","protected":false},"excerpt":{"rendered":"<p>Scopri il nostro resistente set di barattoli per spezie in vetro con coperchi in acciaio inossidabile: contenitori ideali per conservare in modo ordinato sale, zucchero, olio e altro ancora.<\/p>","protected":false},"featured_media":2395,"template":"","meta":{"postBodyCss":"","postBodyMargin":[],"postBodyPadding":[],"postBodyBackground":{"backgroundType":"classic","gradient":""}},"product_brand":[],"product_cat":[17,15,53],"product_tag":[],"class_list":{"0":"post-2394","1":"product","2":"type-product","3":"status-publish","4":"has-post-thumbnail","6":"product_cat-glass-jars","7":"product_cat-glass-containers","8":"product_cat-spice-jars","10":"first","11":"instock","12":"shipping-taxable","13":"product-type-simple"},"jetpack_sharing_enabled":true,"_links":{"self":[{"href":"https:\/\/minghanggroup.com\/it\/wp-json\/wp\/v2\/product\/2394","targetHints":{"allow":["GET"]}}],"collection":[{"href":"https:\/\/minghanggroup.com\/it\/wp-json\/wp\/v2\/product"}],"about":[{"href":"https:\/\/minghanggroup.com\/it\/wp-json\/wp\/v2\/types\/product"}],"wp:featuredmedia":[{"embeddable":true,"href":"https:\/\/minghanggroup.com\/it\/wp-json\/wp\/v2\/media\/2395"}],"wp:attachment":[{"href":"https:\/\/minghanggroup.com\/it\/wp-json\/wp\/v2\/media?parent=2394"}],"wp:term":[{"taxonomy":"product_brand","embeddable":true,"href":"https:\/\/minghanggroup.com\/it\/wp-json\/wp\/v2\/product_brand?post=2394"},{"taxonomy":"product_cat","embeddable":true,"href":"https:\/\/minghanggroup.com\/it\/wp-json\/wp\/v2\/product_cat?post=2394"},{"taxonomy":"product_tag","embeddable":true,"href":"https:\/\/minghanggroup.com\/it\/wp-json\/wp\/v2\/product_tag?post=2394"}],"curies":[{"name":"wp","href":"https:\/\/api.w.org\/{rel}","templated":true}]}}