{"id":2387,"date":"2025-11-04T10:57:15","date_gmt":"2025-11-04T02:57:15","guid":{"rendered":"https:\/\/minghanggroup.com\/?post_type=product&#038;p=2387"},"modified":"2025-11-14T10:07:56","modified_gmt":"2025-11-14T02:07:56","slug":"the-spice-jar-with-lid-for-kitchen-wholesale","status":"publish","type":"product","link":"https:\/\/minghanggroup.com\/it\/prodotto\/the-spice-jar-with-lid-for-kitchen-wholesale\/","title":{"rendered":"Barattolo per spezie da 200 ml con coperchio nero per cucina all&#039;ingrosso"},"content":{"rendered":"<p>Basta con i problemi di conservazione delle spezie che rendono la tua cucina disordinata. Realizziamo barattoli per spezie in vetro di alta qualit\u00e0 che trasformano la tua cucina in uno spazio elegante, mantenendo le spezie fresche. Non sono semplici contenitori: sono la nuova arma segreta del tuo brand per l&#039;organizzazione della cucina e il confezionamento degli alimenti.<\/p>\n<h2>Caratteristiche del prodotto<\/h2>\n<ol>\n<li><strong>Cristallino:<\/strong>Senza alcun dubbio, \u00e8 attraverso il vetro spesso e trasparente che \u00e8 possibile determinare molto facilmente il livello di spezie rimanente, quindi non c&#039;\u00e8 assolutamente alcun dubbio su quando \u00e8 il momento di effettuare un nuovo ordine.<\/li>\n<li><strong>Opzioni versatili:<\/strong>Il coperchio di plastica nera \u00e8 corredato da cucchiai di diverse forme, perfetti per conservare miele, olio da cucina o condimenti in polvere!<\/li>\n<li><strong>Personalizzazione personalizzata:<\/strong>Scegliendo il bianco, il nero o anche colori personalizzati, puoi creare un barattolo per spezie unico nel suo genere, che rispecchia il tuo marchio o semplicemente si abbina ai suoi colori.<\/li>\n<\/ol>\n<h2>Specifiche chiave<\/h2>\n<table style=\"border-collapse: collapse; width: 80%; margin-left: auto; margin-right: auto;\" border=\"0\" width=\"144\" cellspacing=\"0\" cellpadding=\"0\">\n<tbody>\n<tr style=\"height: 13.50pt;\">\n<td style=\"height: 13.5pt; width: 54pt; text-align: center;\" width=\"72\" height=\"18\">Capacit\u00e0<\/td>\n<td style=\"width: 54pt; text-align: center;\" width=\"72\">200 ml<\/td>\n<\/tr>\n<tr style=\"height: 13.50pt;\">\n<td style=\"height: 13.5pt; text-align: center;\" height=\"18\">Dimensioni<\/td>\n<td style=\"text-align: center;\">6,5 * 14 centimetri<\/td>\n<\/tr>\n<tr style=\"height: 13.50pt;\">\n<td style=\"height: 13.5pt; text-align: center;\" height=\"18\">Forma<\/td>\n<td style=\"text-align: center;\">Girare<\/td>\n<\/tr>\n<tr style=\"height: 13.50pt;\">\n<td style=\"height: 13.5pt; text-align: center;\" height=\"18\">Materiale<\/td>\n<td style=\"text-align: center;\">Bicchiere<\/td>\n<\/tr>\n<tr style=\"height: 13.50pt;\">\n<td style=\"height: 13.5pt; text-align: center;\" height=\"18\">Colore<\/td>\n<td style=\"text-align: center;\">Trasparente, personalizzabile<\/td>\n<\/tr>\n<tr style=\"height: 13.50pt;\">\n<td style=\"height: 13.5pt; text-align: center;\" height=\"18\">Utilizzo<\/td>\n<td style=\"text-align: center;\">Contenitore per spezie, bottiglia per spezie<\/td>\n<\/tr>\n<tr style=\"height: 13.50pt;\">\n<td style=\"height: 13.5pt; text-align: center;\" height=\"18\">Opzioni di personalizzazione<\/td>\n<td style=\"text-align: center;\">Logo, coperchi, colore, etichetta, dimensione<\/td>\n<\/tr>\n<\/tbody>\n<\/table>\n<h2>Caso di successo<\/h2>\n<p>Un marchio italiano di spezie ha collaborato con noi per realizzare questi eleganti barattoli in vetro per la sua nuova collezione &#034;Golden Kitchen&#034;. Ogni barattolo \u00e8 realizzato in vetro spesso e molto trasparente, che consente di ammirare miele, spezie ed erbe aromatiche in modo naturale, mentre i coperchi neri lucidi emanano un fascino moderno e raffinato. Inoltre, il marchio ha realizzato un logo stampato in oro sui coperchi per uso interno.<\/p>\n<p>Tre mesi dopo il lancio del prodotto, il packaging pulito e coerente ha migliorato l&#039;immagine del marchio nel punto vendita, con un conseguente aumento del 45% delle vendite.<\/p>\n<h2>I tuoi suggerimenti per la personalizzazione<\/h2>\n<p>Dire che le confezioni delle spezie sono le pi\u00f9 noiose \u00e8 probabilmente un eufemismo. I tuoi barattoli per spezie non solo non dovrebbero essere un semplice contenitore di aromi, ma dovrebbero essere quelli che li mettono in mostra. Vuoi essere in linea con l&#039;immagine culinaria del tuo marchio, caratterizzata da uno stile di alta gamma? Puoi giocare con diverse gradazioni di vetro, il colore dei tappi e persino inserire cucchiaini per il miele, cucchiai o piccoli pennelli all&#039;interno del tappo. Aggiungere il tuo marchio in rilievo o dettagli metallici conferir\u00e0 un tocco ancora pi\u00f9 lussuoso. Se lo desideri, puoi valutare l&#039;acquisto all&#039;ingrosso. Vuoi creare un barattolo per spezie che trasformi ogni scaffale in un palcoscenico del gusto e dello stile del tuo marchio?<\/p>","protected":false},"excerpt":{"rendered":"<p>Rinnova la tua cucina con la collezione di barattoli per spezie. Questi piccoli barattoli per spezie sono dotati di eleganti coperchi neri, ideali per conservare in modo ordinato miele, erbe aromatiche e condimenti.<\/p>","protected":false},"featured_media":2388,"template":"","meta":{"postBodyCss":"","postBodyMargin":[],"postBodyPadding":[],"postBodyBackground":{"backgroundType":"classic","gradient":""}},"product_brand":[],"product_cat":[15,17,53],"product_tag":[],"class_list":{"0":"post-2387","1":"product","2":"type-product","3":"status-publish","4":"has-post-thumbnail","6":"product_cat-glass-containers","7":"product_cat-glass-jars","8":"product_cat-spice-jars","10":"first","11":"instock","12":"shipping-taxable","13":"product-type-simple"},"jetpack_sharing_enabled":true,"_links":{"self":[{"href":"https:\/\/minghanggroup.com\/it\/wp-json\/wp\/v2\/product\/2387","targetHints":{"allow":["GET"]}}],"collection":[{"href":"https:\/\/minghanggroup.com\/it\/wp-json\/wp\/v2\/product"}],"about":[{"href":"https:\/\/minghanggroup.com\/it\/wp-json\/wp\/v2\/types\/product"}],"wp:featuredmedia":[{"embeddable":true,"href":"https:\/\/minghanggroup.com\/it\/wp-json\/wp\/v2\/media\/2388"}],"wp:attachment":[{"href":"https:\/\/minghanggroup.com\/it\/wp-json\/wp\/v2\/media?parent=2387"}],"wp:term":[{"taxonomy":"product_brand","embeddable":true,"href":"https:\/\/minghanggroup.com\/it\/wp-json\/wp\/v2\/product_brand?post=2387"},{"taxonomy":"product_cat","embeddable":true,"href":"https:\/\/minghanggroup.com\/it\/wp-json\/wp\/v2\/product_cat?post=2387"},{"taxonomy":"product_tag","embeddable":true,"href":"https:\/\/minghanggroup.com\/it\/wp-json\/wp\/v2\/product_tag?post=2387"}],"curies":[{"name":"wp","href":"https:\/\/api.w.org\/{rel}","templated":true}]}}