{"id":2369,"date":"2025-10-31T16:10:54","date_gmt":"2025-10-31T08:10:54","guid":{"rendered":"https:\/\/minghanggroup.com\/?post_type=product&#038;p=2369"},"modified":"2026-01-20T13:42:01","modified_gmt":"2026-01-20T05:42:01","slug":"wholesale-small-glass-jars-with-lids-for-yogurt-packaging","status":"publish","type":"product","link":"https:\/\/minghanggroup.com\/it\/prodotto\/wholesale-small-glass-jars-with-lids-for-yogurt-packaging\/","title":{"rendered":"Vasetti di vetro quadrati da 150 ml con coperchio per il confezionamento di yogurt"},"content":{"rendered":"<p>Basta con i soliti barattoli di vetro che fanno passare in secondo piano il tuo yogurt: realizziamo barattoli di vetro personalizzati con coperchio per yogurt che trasformano ogni cucchiaio in un momento di gioia. Non sono semplici contenitori: sono la nuova arma segreta del tuo brand per un packaging fresco ed elegante per i tuoi prodotti lattiero-caseari. Come produttore di fiducia di imballaggi in vetro, selezioniamo i migliori materiali per mantenere il tuo prodotto fresco pi\u00f9 a lungo.<\/p>\n<h2>Caratteristiche del prodotto<\/h2>\n<ol>\n<li><strong>Design quadrato impilabile:<\/strong>Grazie alla forma perfetta, i vasetti di yogurt in vetro possono essere conservati e presentati in modo semplice: ora puoi sfruttare al massimo lo spazio sullo scaffale senza rinunciare allo stile.<\/li>\n<li><strong>Display cristallino:<\/strong>Grazie all&#039;uso di vetro trasparente di alta qualit\u00e0, i colori vivaci dello yogurt sono immediatamente visibili: i clienti possono constatare la qualit\u00e0 pi\u00f9 fresca ancora prima di acquistarlo.<\/li>\n<li><strong>Personalizzazione colorata:<\/strong>Perch\u00e9 non utilizzare uno dei sei colori, ovvero rosso, giallo, verde, blu, rosa o bianco, per abbinare perfettamente l&#039;identit\u00e0 del tuo marchio ai tuoi barattoli di vetro per il latte?<\/li>\n<li><strong>Sistema di coperchio sicuro:<\/strong>Freschezza e conservazione sono garantite ermeticamente dai colorati coperchi di plastica: non ci sono perdite dai barattoli di vetro con coperchio per yogurt.<\/li>\n<\/ol>\n<h2>Specifiche chiave<\/h2>\n<table style=\"border-collapse: collapse; width: 80%; margin-left: auto; margin-right: auto;\" border=\"0\" width=\"360\" cellspacing=\"0\" cellpadding=\"0\">\n<tbody>\n<tr style=\"height: 13.50pt;\">\n<td style=\"height: 13.5pt; width: 54pt; text-align: center;\" width=\"72\" height=\"18\">Capacit\u00e0<\/td>\n<td style=\"width: 54pt; text-align: center;\" width=\"72\">Dimensioni<\/td>\n<td style=\"width: 54pt; text-align: center;\" width=\"72\">Forma<\/td>\n<td style=\"width: 54pt; text-align: center;\" width=\"72\">Materiale<\/td>\n<td style=\"width: 54pt; text-align: center;\" width=\"72\">Colore<\/td>\n<\/tr>\n<tr style=\"height: 13.50pt;\">\n<td style=\"height: 13.5pt; text-align: center;\" height=\"18\">150 ml<\/td>\n<td style=\"text-align: center;\">5,7*7,7*7,3 cm<\/td>\n<td style=\"text-align: center;\">Piazza<\/td>\n<td style=\"text-align: center;\">Bicchiere<\/td>\n<td style=\"text-align: center;\">Trasparente, personalizzabile<\/td>\n<\/tr>\n<\/tbody>\n<\/table>\n<h2>Caso di successo<\/h2>\n<p>Un piccolo studio canadese di dolciumi ha collaborato con noi per realizzare questi vivaci vasetti di yogurt quadrati in vetro con coperchio per la loro linea di yogurt artigianali. Per il loro marchio, che esprime un&#039;allegria e un calore tipici del fatto a mano, hanno scelto colori pastello tenui: rosa, blu e giallo. Ogni vasetto di vetro \u00e8 decorato con un semplice logo del marchio ed \u00e8 dotato di una guarnizione in silicone per garantire che il prodotto rimanga fresco durante il trasporto e la conservazione.<\/p>\n<p>Una volta lanciati i prodotti, gli utenti ne hanno apprezzato l&#039;aspetto vivace e il design ecosostenibile. Il tasso di riacquisto dello studio \u00e8 aumentato del 40% in tre mesi.<\/p>\n<h2>I tuoi suggerimenti per la personalizzazione<\/h2>\n<p>Nel caso di questi vasetti di vetro quadrati con coperchio per yogurt, potresti voler inserire il logo del tuo marchio o un motivo tramite stampa satinata o personalizzazione con decalcomanie per aumentarne l&#039;attrattiva sullo scaffale. Puoi scegliere tra diversi colori o materiali per i coperchi, come silicone, bamb\u00f9 o alluminio, per armonizzarli con l&#039;identit\u00e0 del tuo marchio. Se hai una promozione fissa, proponi diverse capacit\u00e0 di vasetto (da 100 ml a 250 ml) per aumentare la variet\u00e0 di prodotto. L&#039;aggiunta di loghi in rilievo o etichette trasparenti pu\u00f2 migliorare l&#039;aspetto dei tuoi vasetti di yogurt in vetro e farli risaltare ulteriormente.<\/p>","protected":false},"excerpt":{"rendered":"<p>I nostri vasetti quadrati in vetro con coperchio per yogurt sono personalizzabili. Piccoli vasetti in vetro per yogurt con coperchi colorati per il confezionamento di dessert e marmellate. Contattaci oggi stesso per richiedere campioni gratuiti.<\/p>","protected":false},"featured_media":2375,"template":"","meta":{"postBodyCss":"","postBodyMargin":[],"postBodyPadding":[],"postBodyBackground":{"backgroundType":"classic","gradient":""}},"product_brand":[],"product_cat":[15,16,46],"product_tag":[65,64],"class_list":{"0":"post-2369","1":"product","2":"type-product","3":"status-publish","4":"has-post-thumbnail","6":"product_cat-glass-containers","7":"product_cat-glass-bottles","8":"product_cat-glass-milk-bottles","9":"product_tag-glass-jam-jars","10":"product_tag-glass-yogurt-jars","12":"first","13":"instock","14":"shipping-taxable","15":"product-type-simple"},"jetpack_sharing_enabled":true,"_links":{"self":[{"href":"https:\/\/minghanggroup.com\/it\/wp-json\/wp\/v2\/product\/2369","targetHints":{"allow":["GET"]}}],"collection":[{"href":"https:\/\/minghanggroup.com\/it\/wp-json\/wp\/v2\/product"}],"about":[{"href":"https:\/\/minghanggroup.com\/it\/wp-json\/wp\/v2\/types\/product"}],"wp:featuredmedia":[{"embeddable":true,"href":"https:\/\/minghanggroup.com\/it\/wp-json\/wp\/v2\/media\/2375"}],"wp:attachment":[{"href":"https:\/\/minghanggroup.com\/it\/wp-json\/wp\/v2\/media?parent=2369"}],"wp:term":[{"taxonomy":"product_brand","embeddable":true,"href":"https:\/\/minghanggroup.com\/it\/wp-json\/wp\/v2\/product_brand?post=2369"},{"taxonomy":"product_cat","embeddable":true,"href":"https:\/\/minghanggroup.com\/it\/wp-json\/wp\/v2\/product_cat?post=2369"},{"taxonomy":"product_tag","embeddable":true,"href":"https:\/\/minghanggroup.com\/it\/wp-json\/wp\/v2\/product_tag?post=2369"}],"curies":[{"name":"wp","href":"https:\/\/api.w.org\/{rel}","templated":true}]}}