{"id":2355,"date":"2025-10-31T14:35:46","date_gmt":"2025-10-31T06:35:46","guid":{"rendered":"https:\/\/minghanggroup.com\/?post_type=product&#038;p=2355"},"modified":"2025-10-31T17:50:01","modified_gmt":"2025-10-31T09:50:01","slug":"bulk-hexagonal-glass-honey-storage-containers-with-dust-lids","status":"publish","type":"product","link":"https:\/\/minghanggroup.com\/it\/prodotto\/bulk-hexagonal-glass-honey-storage-containers-with-dust-lids\/","title":{"rendered":"Contenitori esagonali in vetro per la conservazione del miele con coperchi antipolvere sfusi da 380 ml e 730 ml"},"content":{"rendered":"<p>Questi contenitori per la conservazione del miele, realizzati in vetro a forma esagonale, presentano un corpo in vetro trasparente con linee morbide e arrotondate e angoli netti. I coperchi sono disponibili nei colori verde e marrone rossastro e in diverse dimensioni. Il design \u00e8 minimale ma elegante, unendo efficacemente funzionalit\u00e0 ed estetica.<\/p>\n<h2>Caratteristiche del prodotto<\/h2>\n<ul>\n<li><strong>Materiale del vetro trasparente:<\/strong> Il vetro trasparente rende il prodotto all&#039;interno molto visibile, cos\u00ec il miele non \u00e8 mai stato cos\u00ec bello da vedere e, allo stesso tempo, svolge la sua funzione pratica.<\/li>\n<li><strong>Bordi e corpo arrotondati:<\/strong> Le linee arrotondate dei barattoli conferiscono loro un aspetto elegante e liscio, aumentando cos\u00ec l&#039;attrattiva visiva del prodotto e rendendolo pi\u00f9 identificabile.<\/li>\n<li><strong>Design sigillato e antipolvere:<\/strong> Si pu\u00f2 dire che il miele viene conservato in modo igienico, considerando che \u00e8 installato un coperchio sigillato con una copertura antipolvere trasparente; anche l&#039;igiene \u00e8 facilitata da questo imballaggio.<\/li>\n<\/ul>\n<h2 style=\"text-align: left;\">Specifiche chiave<\/h2>\n<table class=\"aligncenter\" style=\"border-collapse: collapse; width: 415.52pt;\" border=\"0\" width=\"554\" cellspacing=\"0\" cellpadding=\"0\">\n<tbody>\n<tr style=\"height: 13.50pt;\">\n<td style=\"height: 13.50pt; width: 95.25pt;\" width=\"127\" height=\"18\">Caratteristica<\/td>\n<td style=\"width: 320.25pt;\" width=\"427\">Specifica<\/td>\n<\/tr>\n<tr style=\"height: 13.50pt;\">\n<td style=\"height: 13.50pt;\" height=\"18\">Capacit\u00e0<\/td>\n<td>380 ml, 730 ml<\/td>\n<\/tr>\n<tr style=\"height: 13.50pt;\">\n<td style=\"height: 13.50pt;\" height=\"18\">Forma<\/td>\n<td>Cilindrico con 6 sfaccettature morbide<\/td>\n<\/tr>\n<tr style=\"height: 13.50pt;\">\n<td style=\"height: 13.50pt;\" height=\"18\">Dimensioni<\/td>\n<td>8,5\u00d713 cm, 10,4\u00d716,2 cm<\/td>\n<\/tr>\n<tr style=\"height: 13.50pt;\">\n<td style=\"height: 13.50pt;\" height=\"18\">Materiale<\/td>\n<td>Vetro trasparente, coperchio antipolvere sigillato<\/td>\n<\/tr>\n<tr style=\"height: 13.50pt;\">\n<td style=\"height: 13.50pt;\" height=\"18\">Opzioni del coperchio<\/td>\n<td>Verde, rosso-marrone, giallo, blu<\/td>\n<\/tr>\n<tr style=\"height: 13.50pt;\">\n<td style=\"height: 13.50pt;\" height=\"18\">Ideale per<\/td>\n<td>bar, negozi ecologici, cooperative di apicoltori<\/td>\n<\/tr>\n<tr style=\"height: 13.50pt;\">\n<td style=\"height: 13.50pt;\" height=\"18\">Uso ideale<\/td>\n<td>Contenitore per la conservazione del miele, barattoli di vetro esagonali per miele<\/td>\n<\/tr>\n<\/tbody>\n<\/table>\n<h2>Caso di successo: come un packaging migliore ha portato a un calo del 60% dei tassi di reso<\/h2>\n<p>Il tasso di resi dovuto a perdite dai barattoli per un rivenditore di miele online era del 5%. Dopo essere passati ai nostri barattoli esagonali in vetro da 730 ml con coperchio ermetico, il tasso di resi dovuti all&#039;imballaggio \u00e8 diminuito del 60% e il tasso di clienti abituali \u00e8 aumentato del 25%. I clienti sono soddisfatti della tenuta stagna della confezione e l&#039;azienda utilizza attualmente questi contenitori in vetro per tutti i suoi prodotti. Sta effettuando un ordine bimestrale di 200.000 bottiglie in entrambi i formati.<\/p>\n<h2>Idee per la personalizzazione dei contenitori in vetro<\/h2>\n<ul>\n<li>Colore personalizzato del berretto: per assicurarti che il colore del berretto non solo corrisponda perfettamente, ma completi anche la combinazione di colori del tuo marchio, dovresti utilizzare la tabella dei colori Pantone per l&#039;abbinamento dei colori.<\/li>\n<li>Sfaccettature smerigliate: puoi creare un piacevole effetto di contrasto visivo applicando una finitura smerigliata sulle sfaccettature che non sono le tue lettere, in modo da far risaltare maggiormente la forma esagonale.<\/li>\n<li>Scelta dello spessore del vetro: puoi scegliere lo spessore normale oppure optare per un vetro pi\u00f9 spesso, pi\u00f9 strutturato e resistente.<\/li>\n<li>Tinta protettiva UV: fai un ulteriore passo avanti e usa il vetro color ambra per proteggere i tuoi prodotti sensibili alla luce dai raggi UV durante lo stoccaggio.<\/li>\n<\/ul>","protected":false},"excerpt":{"rendered":"<p>Contenitori in vetro di alta qualit\u00e0 per la conservazione del miele, con coperchi ermetici antipolvere. Questi barattoli in vetro Hecgon sono ideali per confezionare miele, marmellate o sciroppi. Sconti all&#039;ingrosso!<\/p>","protected":false},"featured_media":2370,"template":"","meta":{"postBodyCss":"","postBodyMargin":[],"postBodyPadding":[],"postBodyBackground":{"backgroundType":"classic","gradient":""}},"product_brand":[],"product_cat":[15,17,52],"product_tag":[],"class_list":{"0":"post-2355","1":"product","2":"type-product","3":"status-publish","4":"has-post-thumbnail","6":"product_cat-glass-containers","7":"product_cat-glass-jars","8":"product_cat-glass-honey-jars","10":"first","11":"instock","12":"shipping-taxable","13":"product-type-simple"},"jetpack_sharing_enabled":true,"_links":{"self":[{"href":"https:\/\/minghanggroup.com\/it\/wp-json\/wp\/v2\/product\/2355","targetHints":{"allow":["GET"]}}],"collection":[{"href":"https:\/\/minghanggroup.com\/it\/wp-json\/wp\/v2\/product"}],"about":[{"href":"https:\/\/minghanggroup.com\/it\/wp-json\/wp\/v2\/types\/product"}],"wp:featuredmedia":[{"embeddable":true,"href":"https:\/\/minghanggroup.com\/it\/wp-json\/wp\/v2\/media\/2370"}],"wp:attachment":[{"href":"https:\/\/minghanggroup.com\/it\/wp-json\/wp\/v2\/media?parent=2355"}],"wp:term":[{"taxonomy":"product_brand","embeddable":true,"href":"https:\/\/minghanggroup.com\/it\/wp-json\/wp\/v2\/product_brand?post=2355"},{"taxonomy":"product_cat","embeddable":true,"href":"https:\/\/minghanggroup.com\/it\/wp-json\/wp\/v2\/product_cat?post=2355"},{"taxonomy":"product_tag","embeddable":true,"href":"https:\/\/minghanggroup.com\/it\/wp-json\/wp\/v2\/product_tag?post=2355"}],"curies":[{"name":"wp","href":"https:\/\/api.w.org\/{rel}","templated":true}]}}