{"id":2335,"date":"2025-10-31T11:15:42","date_gmt":"2025-10-31T03:15:42","guid":{"rendered":"https:\/\/minghanggroup.com\/?post_type=product&#038;p=2335"},"modified":"2025-10-31T14:50:02","modified_gmt":"2025-10-31T06:50:02","slug":"bulk-hexagon-glass-honey-jars-with-honeycomb","status":"publish","type":"product","link":"https:\/\/minghanggroup.com\/it\/prodotto\/bulk-hexagon-glass-honey-jars-with-honeycomb\/","title":{"rendered":"Vasetti di miele in vetro esagonale sfuso con nido d&#039;ape da 500 ml e 1000 ml"},"content":{"rendered":"<p>Questi vasetti esagonali per miele in vetro sono caratterizzati da corpi trasparenti in vetro con motivo a nido d&#039;ape in rilievo e tappi dorati e gialli. Sono disponibili in due diverse dimensioni. Non c&#039;\u00e8 un singolo elemento che non rifletta perfettamente il tema del miele, il quale viene elegantemente esposto attraverso il vetro trasparente.<\/p>\n<h2>Caratteristiche del prodotto<\/h2>\n<ul>\n<li><strong>Texture a nido d&#039;ape:<\/strong> I barattoli esagonali per il miele presentano un esclusivo design a nido d&#039;ape in rilievo, che si abbina perfettamente al tema del miele e ne migliora il riconoscimento e l&#039;attrattiva tematica.<\/li>\n<li><strong>Disponibili due misure:<\/strong> Avendo a disposizione due barattoli di miele di dimensioni particolarmente diverse, l&#039;utente potr\u00e0 soddisfare entrambe le esigenze, sia per l&#039;uso quotidiano in casa, sia per confezionare regali e quindi partecipare ad altri tipi di eventi.<\/li>\n<li><strong>Presentazione in stile tematico:<\/strong> I barattoli con texture a nido d&#039;ape abbinati ai tappi metallici\/colorati creano un effetto visivamente coerente con il tema del miele, rafforzando la personalit\u00e0 unica del prodotto.<\/li>\n<\/ul>\n<h2 style=\"text-align: left;\">Specifiche chiave<\/h2>\n<table class=\"aligncenter\" style=\"border-collapse: collapse; width: 455.27pt;\" border=\"0\" width=\"607\" cellspacing=\"0\" cellpadding=\"0\">\n<tbody>\n<tr style=\"height: 13.50pt;\">\n<td style=\"height: 13.50pt; width: 95.25pt;\" width=\"127\" height=\"18\">Caratteristica<\/td>\n<td style=\"width: 360.00pt;\" width=\"480\">Specifica<\/td>\n<\/tr>\n<tr style=\"height: 13.50pt;\">\n<td style=\"height: 13.50pt;\" height=\"18\">Capacit\u00e0<\/td>\n<td>500 ml, 1000 ml<\/td>\n<\/tr>\n<tr style=\"height: 13.50pt;\">\n<td style=\"height: 13.50pt;\" height=\"18\">Forma<\/td>\n<td>Esagonale con goffratura a nido d&#039;ape completa<\/td>\n<\/tr>\n<tr style=\"height: 13.50pt;\">\n<td style=\"height: 13.50pt;\" height=\"18\">Dimensioni<\/td>\n<td>8\u00d77,5\u00d711,9 cm, 9,7\u00d79,2\u00d714,5 cm<\/td>\n<\/tr>\n<tr style=\"height: 13.50pt;\">\n<td style=\"height: 13.50pt;\" height=\"18\">Materiale<\/td>\n<td>Vetro trasparente, coperchio a vite<\/td>\n<\/tr>\n<tr style=\"height: 13.50pt;\">\n<td style=\"height: 13.50pt;\" height=\"18\">Opzioni del coperchio<\/td>\n<td>Oro, giallo, argento, nero<\/td>\n<\/tr>\n<tr style=\"height: 13.50pt;\">\n<td style=\"height: 13.50pt;\" height=\"18\">Ideale per<\/td>\n<td>Miele grezzo, confezioni regalo, vendita al dettaglio in boutique, cooperative di apicoltori<\/td>\n<\/tr>\n<tr style=\"height: 13.50pt;\">\n<td style=\"height: 13.50pt;\" height=\"18\">Uso ideale<\/td>\n<td>Barattolo di miele con nido d&#039;ape, barattolo di miele in vetro<\/td>\n<\/tr>\n<\/tbody>\n<\/table>\n<h2>Caso di successo: come il packaging tematico pu\u00f2 generare una crescita del 40%<\/h2>\n<p>Un&#039;azienda apistica di medie dimensioni ha faticato a distinguersi utilizzando semplici vasetti rotondi. Un aumento del 40% delle vendite e un aumento del 58% degli acquisti ripetuti sono stati i risultati ottenuti dall&#039;azienda apistica che \u00e8 passata dai semplici vasetti rotondi ai nostri vasetti esagonali in vetro da 500 ml per miele con motivi a nido d&#039;ape e coperchi dorati per tre mesi. I clienti sono rimasti entusiasti dell&#039;aspetto unico del &#034;vero miele&#034;, che ha reso il marchio immediatamente riconoscibile. Dopo aver effettuato tre ordini consecutivi, l&#039;azienda utilizza ora questi vasetti in tutta la sua gamma di prodotti.<\/p>\n<h2>Suggerimenti per la personalizzazione degli imballaggi in vetro<\/h2>\n<ul>\n<li><strong>Finitura del coperchio personalizzata:<\/strong> \u00c8 possibile scegliere coperchi opachi, lucidi o metallizzati per abbinarli visivamente al marchio.<\/li>\n<li><strong>Densit\u00e0 del modello a nido d&#039;ape:<\/strong> \u00c8 possibile modificare le dimensioni del barattolo di miele con motivo a nido d&#039;ape e la profondit\u00e0 della goffratura se si desidera che l&#039;effetto sia pi\u00f9 o meno visibile.<\/li>\n<li><strong>Vetrate:<\/strong> Il vetro ambrato non \u00e8 solo ottimo per la protezione dai raggi UV, ma conferisce anche al prodotto un gradevole aspetto caldo e dorato, quindi perch\u00e9 non usarlo?<\/li>\n<li><strong>Lucentezza metallica:<\/strong> Utilizza una lucentezza metallica per riflettere la luce proveniente da determinate aree del motivo a nido d&#039;ape e creare un effetto visivamente accattivante.<\/li>\n<\/ul>","protected":false},"excerpt":{"rendered":"<p>Elegante barattolo esagonale in vetro con motivo a nido d&#039;ape, realizzato in vetro di alta qualit\u00e0 e coperchio dorato. Perfetto per confezionare il miele. Ordina in grandi quantit\u00e0 con campioni gratuiti!<\/p>","protected":false},"featured_media":2351,"template":"","meta":{"postBodyCss":"","postBodyMargin":[],"postBodyPadding":[],"postBodyBackground":{"backgroundType":"classic","gradient":""}},"product_brand":[],"product_cat":[15,17,52],"product_tag":[],"class_list":{"0":"post-2335","1":"product","2":"type-product","3":"status-publish","4":"has-post-thumbnail","6":"product_cat-glass-containers","7":"product_cat-glass-jars","8":"product_cat-glass-honey-jars","10":"first","11":"instock","12":"shipping-taxable","13":"product-type-simple"},"jetpack_sharing_enabled":true,"_links":{"self":[{"href":"https:\/\/minghanggroup.com\/it\/wp-json\/wp\/v2\/product\/2335","targetHints":{"allow":["GET"]}}],"collection":[{"href":"https:\/\/minghanggroup.com\/it\/wp-json\/wp\/v2\/product"}],"about":[{"href":"https:\/\/minghanggroup.com\/it\/wp-json\/wp\/v2\/types\/product"}],"wp:featuredmedia":[{"embeddable":true,"href":"https:\/\/minghanggroup.com\/it\/wp-json\/wp\/v2\/media\/2351"}],"wp:attachment":[{"href":"https:\/\/minghanggroup.com\/it\/wp-json\/wp\/v2\/media?parent=2335"}],"wp:term":[{"taxonomy":"product_brand","embeddable":true,"href":"https:\/\/minghanggroup.com\/it\/wp-json\/wp\/v2\/product_brand?post=2335"},{"taxonomy":"product_cat","embeddable":true,"href":"https:\/\/minghanggroup.com\/it\/wp-json\/wp\/v2\/product_cat?post=2335"},{"taxonomy":"product_tag","embeddable":true,"href":"https:\/\/minghanggroup.com\/it\/wp-json\/wp\/v2\/product_tag?post=2335"}],"curies":[{"name":"wp","href":"https:\/\/api.w.org\/{rel}","templated":true}]}}