{"id":2302,"date":"2025-10-30T15:36:54","date_gmt":"2025-10-30T07:36:54","guid":{"rendered":"https:\/\/minghanggroup.com\/?post_type=product&#038;p=2302"},"modified":"2026-01-20T14:32:18","modified_gmt":"2026-01-20T06:32:18","slug":"bulk-beautiful-embossed-honey-glass-jars-with-metal-lids","status":"publish","type":"product","link":"https:\/\/minghanggroup.com\/it\/prodotto\/bulk-beautiful-embossed-honey-glass-jars-with-metal-lids\/","title":{"rendered":"Barattoli di vetro per miele in rilievo sfusi da 280 ml e 380 ml"},"content":{"rendered":"<p>Questi barattoli di vetro per miele sono contenuti in contenitori di vetro trasparente decorati con splendidi motivi in \u200b\u200brilievo e sono disponibili con coperchi in rosso e marrone di varie dimensioni, che rappresentano un design raffinato, artistico e di classe che non solo \u00e8 bello da vedere, ma \u00e8 anche di grande utilit\u00e0.<\/p>\n<h2>Caratteristiche del prodotto<\/h2>\n<ul>\n<li><strong>Corpo del barattolo in rilievo:<\/strong> I barattoli presentano splendidi disegni in rilievo e l&#039;elegante layout artistico aumenta la riconoscibilit\u00e0 e l&#039;attrattiva visiva del prodotto.<\/li>\n<li><strong>Disponibili due taglie: <\/strong>Sono disponibili articoli di diverse dimensioni per soddisfare le diverse esigenze, tra cui la conservazione del miele e le confezioni regalo.<\/li>\n<li><strong>Design fantasioso:<\/strong> Il contenitore trasparente del barattolo, che \u00e8 un elemento decorato in rilievo, produce un design artistico singolare che esalta il prodotto con eleganza e magnificenza.<\/li>\n<\/ul>\n<h2 style=\"text-align: left;\">Specifiche chiave<\/h2>\n<table class=\"aligncenter\" style=\"border-collapse: collapse; width: 390.77pt;\" border=\"0\" width=\"521\" cellspacing=\"0\" cellpadding=\"0\">\n<tbody>\n<tr style=\"height: 13.50pt;\">\n<td style=\"height: 13.50pt; width: 108.75pt;\" width=\"145\" height=\"18\">Caratteristica<\/td>\n<td style=\"width: 282.00pt;\" width=\"376\">Specifica<\/td>\n<\/tr>\n<tr style=\"height: 13.50pt;\">\n<td style=\"height: 13.50pt;\" height=\"18\">Capacit\u00e0<\/td>\n<td>280 ml, 380 ml<\/td>\n<\/tr>\n<tr style=\"height: 13.50pt;\">\n<td style=\"height: 13.50pt;\" height=\"18\">Forma<\/td>\n<td>Cilindrico con incisione a corpo intero<\/td>\n<\/tr>\n<tr style=\"height: 13.50pt;\">\n<td style=\"height: 13.50pt;\" height=\"18\">Dimensioni<\/td>\n<td>7,7\u00d710,5 cm, 8,4\u00d711,5 cm<\/td>\n<\/tr>\n<tr style=\"height: 13.50pt;\">\n<td style=\"height: 13.50pt;\" height=\"18\">Tipo di collo<\/td>\n<td>Bocca larga (diametro 5,2\u20135,6 cm)<\/td>\n<\/tr>\n<tr style=\"height: 13.50pt;\">\n<td style=\"height: 13.50pt;\" height=\"18\">Materiale<\/td>\n<td>Vetro trasparente, coperchio a vite in metallo<\/td>\n<\/tr>\n<tr style=\"height: 13.50pt;\">\n<td style=\"height: 13.50pt;\" height=\"18\">Opzioni del coperchio<\/td>\n<td>Rosso, marrone, oro, argento<\/td>\n<\/tr>\n<tr style=\"height: 13.50pt;\">\n<td style=\"height: 13.50pt;\" height=\"18\">Ideale per<\/td>\n<td>Miele di prima qualit\u00e0, confezioni regalo, vendita al dettaglio in boutique<\/td>\n<\/tr>\n<tr style=\"height: 13.50pt;\">\n<td style=\"height: 13.50pt;\" height=\"18\">Uso ideale<\/td>\n<td>Bellissimi barattoli di miele, barattoli di marmellata in rilievo<\/td>\n<\/tr>\n<\/tbody>\n<\/table>\n<h2>Storia di successo: come i barattoli goffrati hanno cambiato il posizionamento del marchio<\/h2>\n<p>La cooperativa di apicoltori che riforniva di miele la zona locale riusciva a malapena a far notare i propri prodotti nei negozi di souvenir della regione. Le loro confezioni anonime non li distinguevano affatto dai prodotti della concorrenza. Hanno sostituito la confezione della loro linea di prodotti di punta con i nostri splendidi vasetti per miele da 380 ml con coperchio marrone. Le trasformazioni sono state straordinarie. In soli sei mesi, hanno aumentato il prezzo medio al dettaglio del 35%. Gli acquirenti dei negozi hanno sottolineato che questi eleganti vasetti per miele non erano solo prodotti, ma anche una gioia per gli occhi. Ci\u00f2 che \u00e8 ancora pi\u00f9 notevole \u00e8 che la cooperativa, tra gli altri, \u00e8 riuscita ad aggiudicarsi contratti con tre grandi magazzini di lusso che in precedenza avevano rifiutato i loro prodotti. Questi grandi magazzini ora utilizzano questo elegante vasetto per miele per tutte le loro linee e ne ordinano 100.000 unit\u00e0 ogni due mesi.<\/p>\n<h2>Suggerimenti per la personalizzazione degli imballaggi in vetro<\/h2>\n<ul>\n<li><strong>Motivi in \u200b\u200brilievo personalizzati:<\/strong> A F\u00e1brica de Garrafas de Leite de Vidro: Pureza, Confian\u00e7a e Sustentabilidade em Embalagens para Latic\u00ednios<\/li>\n<li><strong>Abbinamento del colore del cappuccio:<\/strong> Os produtores de leite est\u00e3o usando<\/li>\n<li><strong>Cada vez mais, o que se deve em grande parte \u00e0 mudan\u00e7a nas prefer\u00eancias do consumidor, \u00e0s exig\u00eancias de seguran\u00e7a alimentar e \u00e0 demanda mundial por embalagens ecologicamente corretas. O envolvimento da f\u00e1brica de garrafas de leite de vidro no atendimento a essas necessidades \u00e9 o tema principal deste artigo. Ele demonstra que sua produ\u00e7\u00e3o n\u00e3o s\u00f3 garante a seguran\u00e7a do produto, como tamb\u00e9m contribui para conquistar a confian\u00e7a dos clientes.<\/strong> O mercado mundial de garrafas de leite de vidro, cujo valor era pr\u00f3ximo de US$ 1,5 bilh\u00e3o em 2025, dever\u00e1 se aproximar de US$ 2 bilh\u00f5es at\u00e9 2033, com uma taxa de crescimento anual composta (CAGR) entre 4,5% e 6,30%. Essa expans\u00e3o sinaliza uma transforma\u00e7\u00e3o de mercado, na qual fatores como sustentabilidade, qualidade percebida e quest\u00f5es de sa\u00fade, em particular a presen\u00e7a de micropl\u00e1sticos, ganham maior relev\u00e2ncia.<\/li>\n<li><strong>1. Introdu\u00e7\u00e3o: O ressurgimento do vidro na ind\u00fastria de latic\u00ednios<\/strong> O retorno das garrafas de leite de vidro \u00e9 mais do que um mero revival dos velhos tempos para a ind\u00fastria de latic\u00ednios. \u00c9 uma redefini\u00e7\u00e3o do setor. Os consumidores agora priorizam a seguran\u00e7a do produto, a sa\u00fade do planeta e a autenticidade do sabor acima de tudo. Nenhum dos materiais de embalagem de bebidas concorrentes (pl\u00e1stico e papel\u00e3o) consegue atender a essas preocupa\u00e7\u00f5es de forma t\u00e3o direta quanto o vidro.<\/li>\n<\/ul>","protected":false},"excerpt":{"rendered":"<p>Eleganti barattoli in vetro trasparente per miele con motivi artistici in rilievo. Ideali per i marchi di miele premium. Prezzi all&#039;ingrosso, spedizione veloce e campioni gratuiti!<\/p>","protected":false},"featured_media":2330,"template":"","meta":{"postBodyCss":"","postBodyMargin":[],"postBodyPadding":[],"postBodyBackground":{"backgroundType":"classic","gradient":""}},"product_brand":[],"product_cat":[15,17,52],"product_tag":[81,65],"class_list":{"0":"post-2302","1":"product","2":"type-product","3":"status-publish","4":"has-post-thumbnail","6":"product_cat-glass-containers","7":"product_cat-glass-jars","8":"product_cat-glass-honey-jars","9":"product_tag-birds-nest-jar","10":"product_tag-glass-jam-jars","12":"first","13":"instock","14":"shipping-taxable","15":"product-type-simple"},"jetpack_sharing_enabled":true,"_links":{"self":[{"href":"https:\/\/minghanggroup.com\/it\/wp-json\/wp\/v2\/product\/2302","targetHints":{"allow":["GET"]}}],"collection":[{"href":"https:\/\/minghanggroup.com\/it\/wp-json\/wp\/v2\/product"}],"about":[{"href":"https:\/\/minghanggroup.com\/it\/wp-json\/wp\/v2\/types\/product"}],"wp:featuredmedia":[{"embeddable":true,"href":"https:\/\/minghanggroup.com\/it\/wp-json\/wp\/v2\/media\/2330"}],"wp:attachment":[{"href":"https:\/\/minghanggroup.com\/it\/wp-json\/wp\/v2\/media?parent=2302"}],"wp:term":[{"taxonomy":"product_brand","embeddable":true,"href":"https:\/\/minghanggroup.com\/it\/wp-json\/wp\/v2\/product_brand?post=2302"},{"taxonomy":"product_cat","embeddable":true,"href":"https:\/\/minghanggroup.com\/it\/wp-json\/wp\/v2\/product_cat?post=2302"},{"taxonomy":"product_tag","embeddable":true,"href":"https:\/\/minghanggroup.com\/it\/wp-json\/wp\/v2\/product_tag?post=2302"}],"curies":[{"name":"wp","href":"https:\/\/api.w.org\/{rel}","templated":true}]}}