{"id":2259,"date":"2025-10-30T14:27:41","date_gmt":"2025-10-30T06:27:41","guid":{"rendered":"https:\/\/minghanggroup.com\/?post_type=product&#038;p=2259"},"modified":"2026-01-20T14:32:32","modified_gmt":"2026-01-20T06:32:32","slug":"wholesale-glass-jam-jars-canning-small-honey-jars-multi-faceted","status":"publish","type":"product","link":"https:\/\/minghanggroup.com\/it\/prodotto\/wholesale-glass-jam-jars-canning-small-honey-jars-multi-faceted\/","title":{"rendered":"Barattoli di marmellata in vetro multisfaccettato all&#039;ingrosso da 100 ml, 150 ml e 200 ml"},"content":{"rendered":"<p>Con un corpo in vetro trasparente e sfaccettato e un coperchio a scacchi rossi e bianchi, questi barattoli di vetro per marmellata sono disponibili in diverse dimensioni e hanno un grazioso stile rurale, un ottimo modo per mettere in mostra il miele dorato.<\/p>\n<h2>Caratteristiche del prodotto<\/h2>\n<ul>\n<li><strong>Design della bottiglia multiforme:<\/strong> Il design semplice e geometrico della bottiglia aumenta notevolmente la riconoscibilit\u00e0 e l&#039;attrattiva visiva del prodotto.<\/li>\n<li><strong>Disponibili diverse misure:<\/strong> Offrendo barattoli di miele di diverse dimensioni, l&#039;azienda soddisfa le diverse esigenze dei clienti, adatti all&#039;uso quotidiano in casa, alle confezioni regalo e ad altre occasioni.<\/li>\n<li><strong>Design in stile country:<\/strong> Il design della bottiglia, insieme al tappo a scacchi rossi e bianchi, emana una forte atmosfera rustica, che non solo arricchisce lo stile unico del prodotto, ma anche il suo fascino visivo.<\/li>\n<\/ul>\n<h2 style=\"text-align: left;\">Specifiche chiave<\/h2>\n<table class=\"aligncenter\" style=\"border-collapse: collapse; width: 446.27pt;\" border=\"0\" width=\"595\" cellspacing=\"0\" cellpadding=\"0\">\n<tbody>\n<tr style=\"height: 13.50pt;\">\n<td style=\"height: 13.50pt; width: 122.25pt;\" width=\"163\" height=\"18\">Caratteristica<\/td>\n<td style=\"width: 324.00pt;\" width=\"432\">Specifica<\/td>\n<\/tr>\n<tr style=\"height: 13.50pt;\">\n<td style=\"height: 13.50pt;\" height=\"18\">Capacit\u00e0<\/td>\n<td>100 ml, 150 ml, 200 ml<\/td>\n<\/tr>\n<tr style=\"height: 13.50pt;\">\n<td style=\"height: 13.50pt;\" height=\"18\">Dimensioni<\/td>\n<td>Da 5,4\u00d76,2 cm a 6\u00d78,5 cm<\/td>\n<\/tr>\n<tr style=\"height: 13.50pt;\">\n<td style=\"height: 13.50pt;\" height=\"18\">Tipo di collo<\/td>\n<td>Bocca larga (diametro esterno 5,8\u20136,5 cm)<\/td>\n<\/tr>\n<tr style=\"height: 13.50pt;\">\n<td style=\"height: 13.50pt;\" height=\"18\">Materiale<\/td>\n<td>Vetro trasparente, coperchio a vite in metallo<\/td>\n<\/tr>\n<tr style=\"height: 13.50pt;\">\n<td style=\"height: 13.50pt;\" height=\"18\">Opzioni del coperchio<\/td>\n<td>Rosso\/bianco a scacchi, rosso pieno, oro, argento<\/td>\n<\/tr>\n<tr style=\"height: 13.50pt;\">\n<td style=\"height: 13.50pt;\" height=\"18\">Ideale per<\/td>\n<td>Miele grezzo, marmellate, conserve<\/td>\n<\/tr>\n<tr style=\"height: 13.50pt;\">\n<td style=\"height: 13.50pt;\" height=\"18\">Uso ideale<\/td>\n<td>Barattoli di marmellata per conserve, barattoli di marmellata in vetro, barattoli di miele sfusi<\/td>\n<\/tr>\n<\/tbody>\n<\/table>\n<h2>Storia di successo: come il packaging in stile country ha triplicato le vendite online<\/h2>\n<p>L&#039;azienda apistica online a conduzione familiare, un tempo allo stremo delle forze nel mercato altamente competitivo del web, non riusciva a capire come rendere il proprio miele grezzo diverso dagli altri. Ha quindi intrapreso una mossa audace, riconfezionando l&#039;intera linea di prodotti utilizzando i nostri barattoli di marmellata con coperchi in tessuto a quadretti. Il cambiamento \u00e8 stato radicale. L&#039;engagement dell&#039;azienda sui social media \u00e8 aumentato del 150%, poich\u00e9 questi barattoli di vetro sono ideali per scattare foto e caricarle su Instagram. Le vendite, che sono state il fattore pi\u00f9 importante, sono aumentate dell&#039;80% in soli quattro mesi. Le vendite online sono aumentate dell&#039;80% in quattro mesi grazie all&#039;engagement sui social media, anch&#039;esso aumentato del 150% perch\u00e9 questi barattoli di vetro sono perfetti per scattare foto e caricarle su Instagram. I clienti scrivono spesso di quanto questi barattoli di vetro li attraggano. Ci\u00f2 li ha differenziati visivamente e quindi sono diventati una clientela fedele. Questa differenziazione visiva ha fatto s\u00ec che diventassero una clientela fedele. Da allora l&#039;azienda ha ampliato la sua gamma di prodotti e ordina regolarmente 100.000 barattoli in tutte e tre le dimensioni per soddisfare le diverse preferenze dei clienti, assicurandosi cos\u00ec una partnership a lungo termine.<\/p>\n<h2>Suggerimenti per la personalizzazione degli imballaggi in vetro<\/h2>\n<ul>\n<li><strong>Modelli di cappelli personalizzati:<\/strong> Sebbene il motivo a quadri antico sia sempre di moda, possiamo realizzare cappellini anche con altri motivi, come pois, righe o persino con il logo del tuo marchio.<\/li>\n<li><strong>Pellicola oscurante per vetri:<\/strong> L&#039;introduzione di un vetro color ambra chiaro o verde non solo evocher\u00e0 uno stile classico, ma aggiunger\u00e0 anche protezione contro l&#039;invecchiamento dovuto alla luce.<\/li>\n<li><strong>Logo del marchio serigrafico:<\/strong> Un marchio o una piccola icona possono essere stampati direttamente sul vetro per trasmettere un&#039;immagine professionale e duratura del marchio.<\/li>\n<\/ul>","protected":false},"excerpt":{"rendered":"<p>Vasetti di vetro per marmellata di alta qualit\u00e0, disponibili in diverse misure, con coperchi a prova di urto. Ottimi per confezionare marmellate e miele. Campioni gratuiti e spedizione veloce!<\/p>","protected":false},"featured_media":2282,"template":"","meta":{"postBodyCss":"","postBodyMargin":[],"postBodyPadding":[],"postBodyBackground":{"backgroundType":"classic","gradient":""}},"product_brand":[],"product_cat":[15,17,52],"product_tag":[65],"class_list":{"0":"post-2259","1":"product","2":"type-product","3":"status-publish","4":"has-post-thumbnail","6":"product_cat-glass-containers","7":"product_cat-glass-jars","8":"product_cat-glass-honey-jars","9":"product_tag-glass-jam-jars","11":"first","12":"instock","13":"shipping-taxable","14":"product-type-simple"},"jetpack_sharing_enabled":true,"_links":{"self":[{"href":"https:\/\/minghanggroup.com\/it\/wp-json\/wp\/v2\/product\/2259","targetHints":{"allow":["GET"]}}],"collection":[{"href":"https:\/\/minghanggroup.com\/it\/wp-json\/wp\/v2\/product"}],"about":[{"href":"https:\/\/minghanggroup.com\/it\/wp-json\/wp\/v2\/types\/product"}],"wp:featuredmedia":[{"embeddable":true,"href":"https:\/\/minghanggroup.com\/it\/wp-json\/wp\/v2\/media\/2282"}],"wp:attachment":[{"href":"https:\/\/minghanggroup.com\/it\/wp-json\/wp\/v2\/media?parent=2259"}],"wp:term":[{"taxonomy":"product_brand","embeddable":true,"href":"https:\/\/minghanggroup.com\/it\/wp-json\/wp\/v2\/product_brand?post=2259"},{"taxonomy":"product_cat","embeddable":true,"href":"https:\/\/minghanggroup.com\/it\/wp-json\/wp\/v2\/product_cat?post=2259"},{"taxonomy":"product_tag","embeddable":true,"href":"https:\/\/minghanggroup.com\/it\/wp-json\/wp\/v2\/product_tag?post=2259"}],"curies":[{"name":"wp","href":"https:\/\/api.w.org\/{rel}","templated":true}]}}