{"id":2250,"date":"2025-10-30T14:08:43","date_gmt":"2025-10-30T06:08:43","guid":{"rendered":"https:\/\/minghanggroup.com\/?post_type=product&#038;p=2250"},"modified":"2026-01-20T13:42:15","modified_gmt":"2026-01-20T05:42:15","slug":"custom-ball-ribbed-glass-jars-for-yogurt-honey-wholesale","status":"publish","type":"product","link":"https:\/\/minghanggroup.com\/it\/prodotto\/custom-ball-ribbed-glass-jars-for-yogurt-honey-wholesale\/","title":{"rendered":"Vasetti di vetro a coste sferiche da 150-380 ml per yogurt e miele all&#039;ingrosso"},"content":{"rendered":"<p>Basta con i contenitori noiosi che fanno scomparire il tuo yogurt tra la folla. Realizziamo vasetti di vetro personalizzati per yogurt che trasformano ogni cucchiaio in un momento di gioia. Non sono semplici contenitori: sono la nuova arma segreta del tuo brand per un packaging fresco ed elegante per i tuoi prodotti lattiero-caseari. Come produttore di fiducia di contenitori in vetro, selezioniamo i materiali pi\u00f9 pregiati per mantenere il tuo prodotto fresco pi\u00f9 a lungo.<\/p>\n<h2>Caratteristiche del prodotto<\/h2>\n<ol>\n<li><strong>Elegante trama verticale:<\/strong>Le delicate scanalature decorano visivamente i barattoli e li rendono anche una comoda e comoda impugnatura per i vostri barattoli di vetro per lo yogurt.<\/li>\n<li><strong>Progettazione del sigillo sicuro:<\/strong>I nostri coperchi a vite sono la soluzione ideale per una chiusura ermetica che mantiene fresco lo yogurt e rende i vasetti di yogurt in vetro a prova di perdite.<\/li>\n<li><strong>Chiarezza cristallina:<\/strong>Il vetro trasparente di alta qualit\u00e0 \u00e8 il mezzo ideale per mettere in risalto all&#039;istante i colori vivaci del tuo yogurt: pi\u00f9 fresco \u00e8 il prodotto, pi\u00f9 i clienti ne acquisteranno.<\/li>\n<li><strong>Dimensioni versatili:<\/strong>I nostri vasetti di yogurt in vetro all&#039;ingrosso vanno da 150 ml a 380 ml, soddisfacendo cos\u00ec ogni esigenza di prodotti lattiero-caseari e di imballaggio.<\/li>\n<\/ol>\n<h2>Specifiche chiave<\/h2>\n<table style=\"border-collapse: collapse; width: 80%; margin-left: auto; margin-right: auto;\" border=\"0\" width=\"288\" cellspacing=\"0\" cellpadding=\"0\">\n<tbody>\n<tr style=\"height: 13.50pt;\">\n<td style=\"height: 13.5pt; width: 54pt; text-align: center;\" width=\"72\" height=\"18\">Capacit\u00e0 (ml)<\/td>\n<td style=\"width: 54pt; text-align: center;\" width=\"72\">Dimensioni (cm)<\/td>\n<td style=\"width: 54pt; text-align: center;\" width=\"72\">Forma<\/td>\n<td style=\"width: 54pt; text-align: center;\" width=\"72\">Materiale<\/td>\n<\/tr>\n<tr style=\"height: 13.50pt;\">\n<td style=\"height: 13.5pt; text-align: center;\" align=\"right\" height=\"18\">150<\/td>\n<td style=\"text-align: center;\">7.3*6.9<\/td>\n<td class=\"et2\" style=\"text-align: center;\" rowspan=\"4\">Girare<\/td>\n<td class=\"et2\" style=\"text-align: center;\" rowspan=\"4\">Bicchiere<\/td>\n<\/tr>\n<tr style=\"height: 13.50pt;\">\n<td style=\"height: 13.5pt; text-align: center;\" align=\"right\" height=\"18\">200<\/td>\n<td style=\"text-align: center;\">8.1*7.5<\/td>\n<\/tr>\n<tr style=\"height: 13.50pt;\">\n<td style=\"height: 13.5pt; text-align: center;\" align=\"right\" height=\"18\">280<\/td>\n<td style=\"text-align: center;\">8.9*8.0<\/td>\n<\/tr>\n<tr style=\"height: 13.50pt;\">\n<td style=\"height: 13.5pt; text-align: center;\" align=\"right\" height=\"18\">380<\/td>\n<td style=\"text-align: center;\">9.7*9.0<\/td>\n<\/tr>\n<\/tbody>\n<\/table>\n<h2>Caso di successo<\/h2>\n<p>Un&#039;azienda francese di dolciumi ha collaborato con noi per progettare all&#039;ingrosso vasetti di yogurt in vetro rotondi e rigati personalizzati. Ogni vasetto \u00e8 realizzato in vetro spesso e molto trasparente ed \u00e8 decorato con delicate linee verticali che creano un riflesso di luce, esaltando cos\u00ec la consistenza dei loro budini e yogurt alla frutta artigianali. Per mantenere i prodotti freschi durante il trasporto refrigerato, il marchio utilizza rivestimenti ermetici per alimenti. Abbiamo anche aggiunto un logo in rilievo e un&#039;etichetta avvolgente trasparente per mettere in risalto i colori naturali dello yogurt e degli ingredienti.<\/p>\n<p>La linea di prodotti ha rappresentato un importante motore di notoriet\u00e0 del marchio in soli tre mesi dal lancio, con il marchio che ha ricevuto oltre il 45% delle richieste all&#039;ingrosso.<\/p>\n<h2>I tuoi suggerimenti per la personalizzazione<\/h2>\n<p>Non tenere i tuoi vasetti di yogurt rotondi e rigati in vetro al buio: meritano sicuramente un look di classe. Raccontaci la tua idea, come &#034;Golden Honey Cream&#034; o &#034;Berry Feast&#034;, e saremo il mezzo perfetto per comunicare la storia del tuo marchio attraverso l&#039;uso di un logo in rilievo, un coperchio in metallo o una vetrata colorata.<\/p>\n<p>Puoi scegliere tra un volume di 200 ml o 280 ml, insieme alla sigillatura e al confezionamento pi\u00f9 adatti all&#039;esposizione in un negozio o in un bar. Se desideri effettuare ordini rapidamente, offriamo un&#039;offerta all&#039;ingrosso di vasetti di yogurt in vetro. Questo significa che possiamo trasformare i tuoi vasetti di yogurt da semplici contenitori in un modo vintage per esprimere l&#039;abilit\u00e0 artigianale del tuo marchio.<\/p>","protected":false},"excerpt":{"rendered":"<p>Scopri i vasetti di vetro con scanalature sferiche per yogurt e coperchi in metallo. Perfetti per i marchi di dessert che cercano vasetti di yogurt in vetro personalizzabili all&#039;ingrosso: eleganti, ermetici e riutilizzabili.<\/p>","protected":false},"featured_media":2251,"template":"","meta":{"postBodyCss":"","postBodyMargin":[],"postBodyPadding":[],"postBodyBackground":{"backgroundType":"classic","gradient":""}},"product_brand":[],"product_cat":[15,16,46],"product_tag":[65,64],"class_list":{"0":"post-2250","1":"product","2":"type-product","3":"status-publish","4":"has-post-thumbnail","6":"product_cat-glass-containers","7":"product_cat-glass-bottles","8":"product_cat-glass-milk-bottles","9":"product_tag-glass-jam-jars","10":"product_tag-glass-yogurt-jars","12":"first","13":"instock","14":"shipping-taxable","15":"product-type-simple"},"jetpack_sharing_enabled":true,"_links":{"self":[{"href":"https:\/\/minghanggroup.com\/it\/wp-json\/wp\/v2\/product\/2250","targetHints":{"allow":["GET"]}}],"collection":[{"href":"https:\/\/minghanggroup.com\/it\/wp-json\/wp\/v2\/product"}],"about":[{"href":"https:\/\/minghanggroup.com\/it\/wp-json\/wp\/v2\/types\/product"}],"wp:featuredmedia":[{"embeddable":true,"href":"https:\/\/minghanggroup.com\/it\/wp-json\/wp\/v2\/media\/2251"}],"wp:attachment":[{"href":"https:\/\/minghanggroup.com\/it\/wp-json\/wp\/v2\/media?parent=2250"}],"wp:term":[{"taxonomy":"product_brand","embeddable":true,"href":"https:\/\/minghanggroup.com\/it\/wp-json\/wp\/v2\/product_brand?post=2250"},{"taxonomy":"product_cat","embeddable":true,"href":"https:\/\/minghanggroup.com\/it\/wp-json\/wp\/v2\/product_cat?post=2250"},{"taxonomy":"product_tag","embeddable":true,"href":"https:\/\/minghanggroup.com\/it\/wp-json\/wp\/v2\/product_tag?post=2250"}],"curies":[{"name":"wp","href":"https:\/\/api.w.org\/{rel}","templated":true}]}}