{"id":2249,"date":"2025-10-30T13:02:24","date_gmt":"2025-10-30T05:02:24","guid":{"rendered":"https:\/\/minghanggroup.com\/?post_type=product&#038;p=2249"},"modified":"2025-10-30T17:39:15","modified_gmt":"2025-10-30T09:39:15","slug":"wholesale-waist-shaped-small-jam-bottles","status":"publish","type":"product","link":"https:\/\/minghanggroup.com\/it\/prodotto\/wholesale-waist-shaped-small-jam-bottles\/","title":{"rendered":"Bottiglie di marmellata piccole a forma di vita da 75 ml all&#039;ingrosso"},"content":{"rendered":"<p>Queste piccole bottigliette per marmellata sono caratterizzate da un corpo in vetro trasparente ed elegante, con una chiusura a vite che si restringe e coperchi in metallo scintillante. In questo modo, il delizioso miele \u00e8 letteralmente in mostra, mentre il barattolo rimane visivamente accattivante e di alta qualit\u00e0.<\/p>\n<h2>Caratteristiche del prodotto<\/h2>\n<ul>\n<li><strong>Materiale del vetro trasparente:<\/strong> L&#039;uso del vetro trasparente rende visibili il colore e la consistenza del miele, rendendo cos\u00ec l&#039;identificazione e l&#039;ispezione del prodotto infallibili.<\/li>\n<li><strong>Design con vita affusolata:<\/strong> Le curve morbide e alla moda del corpo affusolato non solo abbelliscono il prodotto, ma contribuiscono anche a creare consapevolezza del marchio.<\/li>\n<li><strong>Aspetto elegante:<\/strong> Il design minimalista della bottiglia, abbinato al tappo dorato, crea un&#039;impressione visiva elegante e rara, che si traduce in un valore percepito pi\u00f9 elevato del prodotto.<\/li>\n<\/ul>\n<h2 style=\"text-align: left;\">Specifiche chiave<\/h2>\n<table class=\"aligncenter\" style=\"border-collapse: collapse; width: 352.52pt;\" border=\"0\" width=\"470\" cellspacing=\"0\" cellpadding=\"0\">\n<tbody>\n<tr style=\"height: 13.50pt;\">\n<td style=\"height: 13.50pt; width: 122.25pt;\" width=\"163\" height=\"18\">Caratteristica<\/td>\n<td style=\"width: 230.25pt;\" width=\"307\">Dettaglio<\/td>\n<\/tr>\n<tr style=\"height: 13.50pt;\">\n<td style=\"height: 13.50pt;\" height=\"18\">Capacit\u00e0<\/td>\n<td>75 ml<\/td>\n<\/tr>\n<tr style=\"height: 13.50pt;\">\n<td style=\"height: 13.50pt;\" height=\"18\">Altezza<\/td>\n<td>11,2 centimetri<\/td>\n<\/tr>\n<tr style=\"height: 13.50pt;\">\n<td style=\"height: 13.50pt;\" height=\"18\">Diametro<\/td>\n<td>4,5 centimetri<\/td>\n<\/tr>\n<tr style=\"height: 13.50pt;\">\n<td style=\"height: 13.50pt;\" height=\"18\">Larghezza interna della bocca<\/td>\n<td>2,85 centimetri<\/td>\n<\/tr>\n<tr style=\"height: 13.50pt;\">\n<td style=\"height: 13.50pt;\" height=\"18\">Materiale<\/td>\n<td>Vetro trasparente<\/td>\n<\/tr>\n<tr style=\"height: 13.50pt;\">\n<td style=\"height: 13.50pt;\" height=\"18\">Tipo di coperchio<\/td>\n<td>Coperchio in metallo dorato (personalizzabile)<\/td>\n<\/tr>\n<tr style=\"height: 13.50pt;\">\n<td style=\"height: 13.50pt;\" height=\"18\">Ideale per<\/td>\n<td>Miele, marmellata, salse, latte<\/td>\n<\/tr>\n<tr style=\"height: 13.50pt;\">\n<td style=\"height: 13.50pt;\" height=\"18\">Miglior caso d&#039;uso<\/td>\n<td>Piccole bottiglie di marmellata, piccoli barattoli di miele<\/td>\n<\/tr>\n<\/tbody>\n<\/table>\n<h2>Caso di studio: dal design della bottiglia al riconoscimento del marchio<\/h2>\n<p>Una startup che produce alimenti speciali ha lanciato una linea di mieli aromatizzati. Tuttavia, in un mercato molto competitivo, i clienti erano disorientati dall&#039;uso di contenitori di plastica economici, privi di un packaging sofisticato per i prodotti. Hanno deciso di riconfezionare tutte le loro linee di prodotti nelle nostre bottiglie di marmellata a forma di vita. I risultati sono stati immediati: la forma a vita, insieme al tappo dorato, ha portato a un aumento del 65% delle vendite di confezioni regalo, e le robuste bottiglie di marmellata in vetro, rispetto alle vecchie bottiglie di plastica, hanno ridotto del 52% i tassi di rottura durante il trasporto. Questa startup ora ordina regolarmente 300.000 bottiglie e ha solo questa bottiglia in tutte le sue linee di prodotti.<\/p>\n<h2>Suggerimenti per modificare il tuo imballaggio in vetro<\/h2>\n<ul>\n<li><strong>Scelta del colore del cappuccio:<\/strong> Scegli tra i nostri colori disponibili per i tappi, oro, argento, rosa o nero, quello che si adatter\u00e0 perfettamente alla tavolozza dei colori del tuo marchio.<\/li>\n<li><strong>Pellicole oscuranti per vetri di marca:<\/strong> Scegliete una tinta ambrata o blu per il vetro, non solo per creare un look distintivo, ma anche per fungere da schermo UV.<\/li>\n<li><strong>Intarsio sulla vita della bottiglia:<\/strong> Personalizza la curvatura della bottiglia con un delicato motivo intarsiato o con il logo della tua azienda, per creare una sensazione di lusso.<\/li>\n<li><strong>Fondo ispessito:<\/strong> Per dare alla bottiglia pi\u00f9 peso e supporto, possiamo ispessire leggermente il vetro sul fondo, rendendo cos\u00ec la bottiglia pi\u00f9 stabile.<\/li>\n<\/ul>","protected":false},"excerpt":{"rendered":"<p>Piccole bottigliette per marmellata in vetro trasparente con forma artistica a forma di vita e tappo dorato. Ideali per miele o conserve. Consegna rapida, campioni gratuiti e sconti quantit\u00e0!<\/p>","protected":false},"featured_media":2255,"template":"","meta":{"postBodyCss":"","postBodyMargin":[],"postBodyPadding":[],"postBodyBackground":{"backgroundType":"classic","gradient":""}},"product_brand":[],"product_cat":[15,17,52],"product_tag":[],"class_list":{"0":"post-2249","1":"product","2":"type-product","3":"status-publish","4":"has-post-thumbnail","6":"product_cat-glass-containers","7":"product_cat-glass-jars","8":"product_cat-glass-honey-jars","10":"first","11":"instock","12":"shipping-taxable","13":"product-type-simple"},"jetpack_sharing_enabled":true,"_links":{"self":[{"href":"https:\/\/minghanggroup.com\/it\/wp-json\/wp\/v2\/product\/2249","targetHints":{"allow":["GET"]}}],"collection":[{"href":"https:\/\/minghanggroup.com\/it\/wp-json\/wp\/v2\/product"}],"about":[{"href":"https:\/\/minghanggroup.com\/it\/wp-json\/wp\/v2\/types\/product"}],"wp:featuredmedia":[{"embeddable":true,"href":"https:\/\/minghanggroup.com\/it\/wp-json\/wp\/v2\/media\/2255"}],"wp:attachment":[{"href":"https:\/\/minghanggroup.com\/it\/wp-json\/wp\/v2\/media?parent=2249"}],"wp:term":[{"taxonomy":"product_brand","embeddable":true,"href":"https:\/\/minghanggroup.com\/it\/wp-json\/wp\/v2\/product_brand?post=2249"},{"taxonomy":"product_cat","embeddable":true,"href":"https:\/\/minghanggroup.com\/it\/wp-json\/wp\/v2\/product_cat?post=2249"},{"taxonomy":"product_tag","embeddable":true,"href":"https:\/\/minghanggroup.com\/it\/wp-json\/wp\/v2\/product_tag?post=2249"}],"curies":[{"name":"wp","href":"https:\/\/api.w.org\/{rel}","templated":true}]}}