{"id":2195,"date":"2025-10-29T16:01:53","date_gmt":"2025-10-29T08:01:53","guid":{"rendered":"https:\/\/minghanggroup.com\/?post_type=product&#038;p=2195"},"modified":"2025-10-29T17:47:43","modified_gmt":"2025-10-29T09:47:43","slug":"bulk-small-empty-jam-jars-for-canning-with-ribbing","status":"publish","type":"product","link":"https:\/\/minghanggroup.com\/it\/prodotto\/bulk-small-empty-jam-jars-for-canning-with-ribbing\/","title":{"rendered":"Barattoli di marmellata vuoti piccoli sfusi per inscatolamento con nervature 75 ml 100 ml"},"content":{"rendered":"<p>Questi vasetti per conserve sono dotati di corpi in vetro trasparente decorati con nervature verticali, forme rotonde e coperchi rossi. Sono disponibili in diverse dimensioni e hanno un design semplice ma elegante che mette in risalto la bont\u00e0 del miele al loro interno.<\/p>\n<h2>Caratteristiche del prodotto<\/h2>\n<ul>\n<li><strong>Corpo a coste verticali:<\/strong> Grazie al motivo a coste verticali, i barattoli hanno una consistenza uniforme, esaltando cos\u00ec l&#039;aspetto del prodotto e la riconoscibilit\u00e0 del marchio.<\/li>\n<li><strong>Durevole:<\/strong> I nostri barattoli di vetro, realizzati con grande attenzione ai dettagli, sono estremamente resistenti e possono quindi sopportare senza problemi periodi di riempimento, trasporto e conservazione senza subire danni.<\/li>\n<li><strong>Design semplice:<\/strong> Grazie alla combinazione del corpo arrotondato del barattolo e del coperchio rosso, ottengono un effetto semplice ma visivamente sofisticato che li rende l&#039;accessorio perfetto per qualsiasi stile.<\/li>\n<\/ul>\n<h2 style=\"text-align: left;\">Specifiche chiave<\/h2>\n<table class=\"aligncenter\" style=\"border-collapse: collapse; width: 356.27pt;\" border=\"0\" width=\"475\" cellspacing=\"0\" cellpadding=\"0\">\n<tbody>\n<tr style=\"height: 13.50pt;\">\n<td style=\"height: 13.50pt; width: 96.00pt;\" width=\"128\" height=\"18\">Caratteristica<\/td>\n<td style=\"width: 260.25pt;\" width=\"347\">Specifica<\/td>\n<\/tr>\n<tr style=\"height: 13.50pt;\">\n<td style=\"height: 13.50pt;\" height=\"18\">Capacit\u00e0<\/td>\n<td>75 ml, 100 ml<\/td>\n<\/tr>\n<tr style=\"height: 13.50pt;\">\n<td style=\"height: 13.50pt;\" height=\"18\">Forma<\/td>\n<td>Rotondo con costole verticali<\/td>\n<\/tr>\n<tr style=\"height: 13.50pt;\">\n<td style=\"height: 13.50pt;\" height=\"18\">Dimensioni<\/td>\n<td>6,5\u00d74,6 cm, 6,9\u00d75,2 cm<\/td>\n<\/tr>\n<tr style=\"height: 13.50pt;\">\n<td style=\"height: 13.50pt;\" height=\"18\">Materiale<\/td>\n<td>Vetro trasparente, coperchio a vite in metallo<\/td>\n<\/tr>\n<tr style=\"height: 13.50pt;\">\n<td style=\"height: 13.50pt;\" height=\"18\">Opzioni del coperchio<\/td>\n<td>Rosso, oro, argento, nero (personalizzabile)<\/td>\n<\/tr>\n<tr style=\"height: 13.50pt;\">\n<td style=\"height: 13.50pt;\" height=\"18\">Ideale per<\/td>\n<td>Campioni di miele, marmellate, frutta candita<\/td>\n<\/tr>\n<tr style=\"height: 13.50pt;\">\n<td style=\"height: 13.50pt;\" height=\"18\">Uso ideale<\/td>\n<td>Vasetti di marmellata per conserve, piccoli vasetti di miele<\/td>\n<\/tr>\n<\/tbody>\n<\/table>\n<h2>Storia di successo: come un ottimo barattolo di miele porta ad acquisti ripetuti<\/h2>\n<p>Una cooperativa di miele di medie dimensioni desiderava migliorare l&#039;immagine del proprio marchio e rifletterne meglio il valore. Si era sempre concentrata sul packaging, ma mancava di memorabilit\u00e0. Pertanto, ha scelto di lanciare una nuova linea di prodotti premium utilizzando i nostri piccoli vasetti vuoti da 100 ml con scanalature, ordinandone inizialmente 2.000 unit\u00e0. I \u200b\u200brisultati? In primo luogo, il design scanalato e la forma arrotondata hanno stimolato il desiderio di acquisto dei clienti, portando a un aumento delle vendite del 43%. In secondo luogo, i robusti vasetti in vetro hanno ridotto i tassi di rottura di circa il 60%. La cooperativa \u00e8 rimasta molto soddisfatta della risposta del mercato e ha successivamente deciso di ordinare 300.000 vasetti di miele, rendendo questa bottiglia un pilastro della propria attivit\u00e0.<\/p>\n<h2>Suggerimenti per la personalizzazione degli imballaggi in vetro<\/h2>\n<ul>\n<li><strong>Selezione del colore del vetro:<\/strong> Oltre al vetro trasparente, che \u00e8 il pi\u00f9 comunemente utilizzato, \u00e8 possibile scegliere anche il vetro ambrato o verde per proteggere il prodotto dal sole e conferirgli un aspetto unico sullo scaffale.<\/li>\n<li><strong>Texture glassata decorata:<\/strong> Le texture verticali con finitura satinata hanno reso il contrasto tra la parte tattile e la bottiglia trasparente pi\u00f9 evidente non solo visivamente, ma anche al tatto.<\/li>\n<li><strong>Vetro pi\u00f9 spesso:<\/strong> Se il vetro \u00e8 pi\u00f9 spesso, sar\u00e0 meno probabile che si rompa.<\/li>\n<li><strong>Logo serigrafato:<\/strong> Incidi o stampa il tuo logo direttamente sulla superficie del barattolo di vetro per un&#039;identificazione del marchio premium e duratura.<\/li>\n<\/ul>","protected":false},"excerpt":{"rendered":"<p>Piccoli barattoli vuoti per conserve, con texture a coste verticali. Ideali per conservare, regalare o conservare la marmellata. Disponibili con prezzi all&#039;ingrosso e opzioni personalizzate.<\/p>","protected":false},"featured_media":2200,"template":"","meta":{"postBodyCss":"","postBodyMargin":[],"postBodyPadding":[],"postBodyBackground":{"backgroundType":"classic","gradient":""}},"product_brand":[],"product_cat":[15,17,52],"product_tag":[],"class_list":{"0":"post-2195","1":"product","2":"type-product","3":"status-publish","4":"has-post-thumbnail","6":"product_cat-glass-containers","7":"product_cat-glass-jars","8":"product_cat-glass-honey-jars","10":"first","11":"instock","12":"shipping-taxable","13":"product-type-simple"},"jetpack_sharing_enabled":true,"_links":{"self":[{"href":"https:\/\/minghanggroup.com\/it\/wp-json\/wp\/v2\/product\/2195","targetHints":{"allow":["GET"]}}],"collection":[{"href":"https:\/\/minghanggroup.com\/it\/wp-json\/wp\/v2\/product"}],"about":[{"href":"https:\/\/minghanggroup.com\/it\/wp-json\/wp\/v2\/types\/product"}],"wp:featuredmedia":[{"embeddable":true,"href":"https:\/\/minghanggroup.com\/it\/wp-json\/wp\/v2\/media\/2200"}],"wp:attachment":[{"href":"https:\/\/minghanggroup.com\/it\/wp-json\/wp\/v2\/media?parent=2195"}],"wp:term":[{"taxonomy":"product_brand","embeddable":true,"href":"https:\/\/minghanggroup.com\/it\/wp-json\/wp\/v2\/product_brand?post=2195"},{"taxonomy":"product_cat","embeddable":true,"href":"https:\/\/minghanggroup.com\/it\/wp-json\/wp\/v2\/product_cat?post=2195"},{"taxonomy":"product_tag","embeddable":true,"href":"https:\/\/minghanggroup.com\/it\/wp-json\/wp\/v2\/product_tag?post=2195"}],"curies":[{"name":"wp","href":"https:\/\/api.w.org\/{rel}","templated":true}]}}