{"id":2183,"date":"2025-10-29T15:01:14","date_gmt":"2025-10-29T07:01:14","guid":{"rendered":"https:\/\/minghanggroup.com\/?post_type=product&#038;p=2183"},"modified":"2025-10-29T16:01:49","modified_gmt":"2025-10-29T08:01:49","slug":"bulk-small-glass-jam-jars-with-embossed-bottom-edges","status":"publish","type":"product","link":"https:\/\/minghanggroup.com\/it\/prodotto\/bulk-small-glass-jam-jars-with-embossed-bottom-edges\/","title":{"rendered":"Barattoli di marmellata in vetro piccoli con bordi inferiori goffrati 50 ml 75 ml 100 ml"},"content":{"rendered":"<p>Questi piccoli vasetti di vetro per marmellata sono costituiti da corpi visivamente trasparenti. Geometrici, precisi e splendidamente decorati, questi vasetti sono stati realizzati per offrire al mercato una combinazione raffinata e altamente pratica di fascino e praticit\u00e0. Il loro aspetto elegante e strutturato \u00e8 una perfetta combinazione di bellezza e utilit\u00e0.<\/p>\n<h2>Caratteristiche del prodotto<\/h2>\n<ul>\n<li><strong>Prodotto sofisticato:<\/strong> I barattoli di miele hanno un aspetto molto pulito e allo stesso tempo presentano alcuni elementi geometrici in rilievo che conferiscono loro uno stile molto chic e che rendono il prodotto unico e di lusso di prim&#039;ordine sul mercato.<\/li>\n<li><strong>Materiale dei barattoli:<\/strong> Il vetro trasparente non impedisce al consumatore di vedere il miele che ha acquistato. Anzi, mette in risalto il fatto che la goffratura si trovi sul fondo del barattolo, mostrandone l&#039;intero contenuto, unendo cos\u00ec funzionalit\u00e0 ed estetica.<\/li>\n<li><strong>La scelta della dimensione:<\/strong> Le specifiche dei barattoli di miele in termini di dimensioni sono sufficientemente ampie da tenere in considerazione e soddisfare le esigenze di distribuzione del miele e di confezionamento regalo.<\/li>\n<\/ul>\n<h2 style=\"text-align: left;\">Specifiche chiave<\/h2>\n<table class=\"aligncenter\" style=\"border-collapse: collapse; width: 415.52pt;\" border=\"0\" width=\"554\" cellspacing=\"0\" cellpadding=\"0\">\n<tbody>\n<tr style=\"height: 13.50pt;\">\n<td style=\"height: 13.50pt; width: 96.00pt;\" width=\"128\" height=\"18\">Caratteristica<\/td>\n<td style=\"width: 319.50pt;\" width=\"426\">Specifica<\/td>\n<\/tr>\n<tr style=\"height: 13.50pt;\">\n<td style=\"height: 13.50pt;\" height=\"18\">Capacit\u00e0<\/td>\n<td>50 ml, 75 ml, 100 ml<\/td>\n<\/tr>\n<tr style=\"height: 13.50pt;\">\n<td style=\"height: 13.50pt;\" height=\"18\">Forma<\/td>\n<td>Cilindrico con base testurizzata<\/td>\n<\/tr>\n<tr style=\"height: 13.50pt;\">\n<td style=\"height: 13.50pt;\" height=\"18\">Dimensioni<\/td>\n<td>Da 4,6\u00d76,2 cm a 5,7\u00d77,9 cm<\/td>\n<\/tr>\n<tr style=\"height: 13.50pt;\">\n<td style=\"height: 13.50pt;\" height=\"18\">Materiale<\/td>\n<td>Vetro trasparente, coperchio a vite in metallo<\/td>\n<\/tr>\n<tr style=\"height: 13.50pt;\">\n<td style=\"height: 13.50pt;\" height=\"18\">Opzioni del coperchio<\/td>\n<td>Rosso, oro, argento, nero (colori personalizzati disponibili)<\/td>\n<\/tr>\n<tr style=\"height: 13.50pt;\">\n<td style=\"height: 13.50pt;\" height=\"18\">Ideale per<\/td>\n<td>Campioni di miele, marmellate, confezioni da viaggio<\/td>\n<\/tr>\n<tr style=\"height: 13.50pt;\">\n<td style=\"height: 13.50pt;\" height=\"18\">Uso ideale<\/td>\n<td>Piccoli barattoli di marmellata, piccoli contenitori di miele<\/td>\n<\/tr>\n<\/tbody>\n<\/table>\n<h2>Storia di successo: come i barattoli campione favoriscono una rapida crescita aziendale<\/h2>\n<p>Il mercato agricolo di fascia alta era l&#039;obiettivo di una startup apistica che voleva specializzarsi in miele grezzo monorigine. Per entrare in questo mercato, hanno deciso di ordinare 1.000 piccoli vasetti di vetro da 50 ml per confetture come campioni. Il risultato \u00e8 stato eccezionalmente positivo. Basta osservare il fondo del vasetto e il colore del coperchio per capire l&#039;aumento di valore del prodotto: un marchio di prodotti artigianali ha riferito di aver quasi raddoppiato (46%) il numero di vendite di set regalo, e un apicoltore che utilizzava vasetti da 50 ml come metodo di campionamento del miele in un mercato agricolo ha riscontrato un aumento del 39% delle vendite di vasetti di miele di dimensioni standard. Successivamente, hanno iniziato a fare di questi vasetti di miele di grandi dimensioni i loro acquisti regolari, ordinandoli trimestralmente e, oltre a ci\u00f2, hanno anche iniziato a utilizzare il formato da 75 ml come linea di prodotti principale.<\/p>\n<h2>Suggerimenti per la personalizzazione del contenitore in vetro per miele<\/h2>\n<ul>\n<li><strong>Colore del coperchio personalizzato:<\/strong> Disponiamo di coperchi rossi standard e di un&#039;ampia gamma di colori tra cui puoi scegliere quello che pi\u00f9 si adatta al tuo marchio.<\/li>\n<li><strong>Fondo in rilievo personalizzato:<\/strong> Puoi modificare o sostituire il motivo geometrico in rilievo nella parte inferiore con il logo del tuo marchio o con un design unico che creer\u00e0 riconoscimento del marchio.<\/li>\n<li><strong>Pellicola oscurante per vetri:<\/strong> Puoi scegliere un vetro ambrato o verde per il tuo prodotto, per ottenere una migliore protezione dai raggi UV, nel caso in cui il prodotto sia fotosensibile, come ad esempio il miele di altissima qualit\u00e0.<\/li>\n<li><strong>Opzioni di sigillatura del coperchio interno:<\/strong> \u00c8 possibile scegliere diversi materiali di riempimento per il rivestimento, in modo che la chiusura sia ermetica e che la viscosit\u00e0 del prodotto si adatti perfettamente: dal miele liquido alla crema densa.<\/li>\n<\/ul>","protected":false},"excerpt":{"rendered":"<p>Eleganti vasetti in vetro per marmellata con bordo inferiore geometrico in rilievo e coperchi rossi. Ottima tenuta, perfetti per confezionare miele e marmellate. Campioni gratuiti disponibili.<\/p>","protected":false},"featured_media":2192,"template":"","meta":{"postBodyCss":"","postBodyMargin":[],"postBodyPadding":[],"postBodyBackground":{"backgroundType":"classic","gradient":""}},"product_brand":[],"product_cat":[15,17,52],"product_tag":[],"class_list":{"0":"post-2183","1":"product","2":"type-product","3":"status-publish","4":"has-post-thumbnail","6":"product_cat-glass-containers","7":"product_cat-glass-jars","8":"product_cat-glass-honey-jars","10":"first","11":"instock","12":"shipping-taxable","13":"product-type-simple"},"jetpack_sharing_enabled":true,"_links":{"self":[{"href":"https:\/\/minghanggroup.com\/it\/wp-json\/wp\/v2\/product\/2183","targetHints":{"allow":["GET"]}}],"collection":[{"href":"https:\/\/minghanggroup.com\/it\/wp-json\/wp\/v2\/product"}],"about":[{"href":"https:\/\/minghanggroup.com\/it\/wp-json\/wp\/v2\/types\/product"}],"wp:featuredmedia":[{"embeddable":true,"href":"https:\/\/minghanggroup.com\/it\/wp-json\/wp\/v2\/media\/2192"}],"wp:attachment":[{"href":"https:\/\/minghanggroup.com\/it\/wp-json\/wp\/v2\/media?parent=2183"}],"wp:term":[{"taxonomy":"product_brand","embeddable":true,"href":"https:\/\/minghanggroup.com\/it\/wp-json\/wp\/v2\/product_brand?post=2183"},{"taxonomy":"product_cat","embeddable":true,"href":"https:\/\/minghanggroup.com\/it\/wp-json\/wp\/v2\/product_cat?post=2183"},{"taxonomy":"product_tag","embeddable":true,"href":"https:\/\/minghanggroup.com\/it\/wp-json\/wp\/v2\/product_tag?post=2183"}],"curies":[{"name":"wp","href":"https:\/\/api.w.org\/{rel}","templated":true}]}}