{"id":2132,"date":"2025-10-28T14:07:28","date_gmt":"2025-10-28T06:07:28","guid":{"rendered":"https:\/\/minghanggroup.com\/?post_type=product&#038;p=2132"},"modified":"2026-01-20T13:43:18","modified_gmt":"2026-01-20T05:43:18","slug":"100ml-200ml-round-planet-yogurt-glass-jars-for-yogurt-milk","status":"publish","type":"product","link":"https:\/\/minghanggroup.com\/it\/prodotto\/100ml-200ml-round-planet-yogurt-glass-jars-for-yogurt-milk\/","title":{"rendered":"Vasetti di vetro rotondi Planet Yogurt da 100 ml e 200 ml per yogurt e latte"},"content":{"rendered":"<p>Basta con le confezioni noiose che fanno passare in secondo piano i tuoi prodotti lattiero-caseari. Creiamo vasetti di yogurt in vetro personalizzati a forma di pianeta che trasformano il tuo latte, yogurt e succhi in spunti di conversazione. Non sono semplici contenitori: sono la nuova arma segreta del tuo brand per un packaging fresco ed elegante per i tuoi prodotti lattiero-caseari. Come produttore di riferimento per il packaging in vetro, ci riforniamo dei materiali pi\u00f9 freschi per mantenere il sapore dei tuoi prodotti pi\u00f9 a lungo.<\/p>\n<h2>Caratteristiche del prodotto<\/h2>\n<ol>\n<li><strong>Progetti Cosmici:<\/strong>I vasetti di vetro per yogurt Planets sono perfetti per far risaltare i tuoi latticini sugli scaffali: i clienti vorranno sicuramente conservare queste bottiglie di vetro riutilizzabili per il latte come decorazione delle loro case.<\/li>\n<li><strong>Ampia apertura e praticit\u00e0:<\/strong>Sono molto facili da riempire, servire e pulire: con queste bottiglie con coperchio non c&#039;\u00e8 bisogno di sporcare. Perfette per l&#039;imbottigliamento di latticini e per l&#039;uso domestico.<\/li>\n<li><strong>Riutilizzabilit\u00e0 ecologica:<\/strong>Il vetro \u00e8 di buona qualit\u00e0, piuttosto spesso e resistente e pu\u00f2 essere riutilizzato quotidianamente, riducendo cos\u00ec gli sprechi e aumentando al contempo la tua credibilit\u00e0 ecologica. Questi vasetti di yogurt in vetro non sono solo contenitori, sono ambasciatori del marchio.<\/li>\n<\/ol>\n<h2>Specifiche chiave<\/h2>\n<table style=\"border-collapse: collapse; width: 80%; margin-left: auto; margin-right: auto;\" border=\"0\" width=\"288\" cellspacing=\"0\" cellpadding=\"0\">\n<tbody>\n<tr style=\"height: 13.50pt;\">\n<td style=\"height: 13.5pt; width: 54pt; text-align: center;\" width=\"72\" height=\"18\">Modello<\/td>\n<td style=\"width: 54pt; text-align: center;\" width=\"72\">Capacit\u00e0 (ml)<\/td>\n<td style=\"width: 54pt; text-align: center;\" width=\"72\">Dimensioni (cm)<\/td>\n<td style=\"width: 54pt; text-align: center;\" width=\"72\">Forma<\/td>\n<\/tr>\n<tr style=\"height: 13.50pt;\">\n<td style=\"height: 13.5pt; text-align: center;\" align=\"right\" height=\"18\">64010045<\/td>\n<td style=\"text-align: center;\" align=\"right\">100<\/td>\n<td style=\"text-align: center;\">6.9&#215;6.2<\/td>\n<td class=\"et2\" style=\"text-align: center;\" rowspan=\"2\">Pianeta Rotondo<\/td>\n<\/tr>\n<tr style=\"height: 13.50pt;\">\n<td style=\"height: 13.5pt; text-align: center;\" align=\"right\" height=\"18\">64020046<\/td>\n<td style=\"text-align: center;\" align=\"right\">200<\/td>\n<td style=\"text-align: center;\">7.9&#215;7.3<\/td>\n<\/tr>\n<\/tbody>\n<\/table>\n<h2>Caso di successo<\/h2>\n<p>Un marchio di dessert boutique ha collaborato con noi per creare un barattolo di vetro per budino a forma di pianeta personalizzato per la sua collezione di mousse e yogurt. Il barattolo di vetro per yogurt da 200 ml ha una forma liscia e sferica che ricorda un piccolo pianeta: un modo giocoso ma elegante per rappresentare la creativit\u00e0 e la gioia del marchio.<\/p>\n<p>Per garantire un aspetto gradevole e al tempo stesso funzionale, il marchio ha scelto coperchi twist-off color argento opaco con guarnizioni in silicone alimentare per una freschezza ermetica e una facile sigillatura del prodotto durante il trasporto refrigerato.<\/p>\n<p>Il barattolo ha un aspetto elegante e contemporaneo grazie alla delicata glassatura e alla stampa minimalista del logo bianco, che lo hanno fatto risaltare sugli scaffali dei bar e sulle piattaforme online del marchio.<\/p>\n<p>Dopo il lancio della nuova linea, i vasetti &#034;Planet Pudding&#034; si sono rivelati il \u200b\u200bpackaging pi\u00f9 apprezzato dai clienti, molti dei quali ne hanno apprezzato l&#039;aspetto lussuoso e da collezione. Il marchio, nel primo trimestre, ha registrato un aumento del 28% degli acquisti ripetuti, rendendo la semplice coppetta da dessert un elemento iconico della sua identit\u00e0 visiva.<\/p>\n<h2>I tuoi suggerimenti per la personalizzazione<\/h2>\n<p>Il barattolo di vetro personalizzato a forma di pianeta migliore sarebbe quello la cui forma rotonda ed elegante sia visivamente enfatizzata. Puoi scegliere tra finiture satinate o sfumate per evocare un&#039;impressione sognante e celestiale, oppure optare per la goffratura del logo del tuo marchio per un aspetto tattile e lussuoso. Abbinalo a coperchi twist-off in metallo color oro opaco, rosa o argento per ottenere un tocco di tendenza, oppure opta per coperchi ermetici in legno se ti piace il lato ecologico. Inoltre, hai la libert\u00e0 di progettare le tue etichette e la serigrafia in base al marchio del tuo dessert o yogurt, che sia minimalista, giocoso o lussuoso.<\/p>","protected":false},"excerpt":{"rendered":"<p>Scopri i nostri vasetti per yogurt in vetro a forma di pianeta: un design elegante, perfetto per dessert o budini. Personalizzabili con coperchi, loghi e finiture.<\/p>","protected":false},"featured_media":2133,"template":"","meta":{"postBodyCss":"","postBodyMargin":[],"postBodyPadding":[],"postBodyBackground":{"backgroundType":"classic","gradient":""}},"product_brand":[],"product_cat":[15,16,46],"product_tag":[65,64],"class_list":{"0":"post-2132","1":"product","2":"type-product","3":"status-publish","4":"has-post-thumbnail","6":"product_cat-glass-containers","7":"product_cat-glass-bottles","8":"product_cat-glass-milk-bottles","9":"product_tag-glass-jam-jars","10":"product_tag-glass-yogurt-jars","12":"first","13":"instock","14":"shipping-taxable","15":"product-type-simple"},"jetpack_sharing_enabled":true,"_links":{"self":[{"href":"https:\/\/minghanggroup.com\/it\/wp-json\/wp\/v2\/product\/2132","targetHints":{"allow":["GET"]}}],"collection":[{"href":"https:\/\/minghanggroup.com\/it\/wp-json\/wp\/v2\/product"}],"about":[{"href":"https:\/\/minghanggroup.com\/it\/wp-json\/wp\/v2\/types\/product"}],"wp:featuredmedia":[{"embeddable":true,"href":"https:\/\/minghanggroup.com\/it\/wp-json\/wp\/v2\/media\/2133"}],"wp:attachment":[{"href":"https:\/\/minghanggroup.com\/it\/wp-json\/wp\/v2\/media?parent=2132"}],"wp:term":[{"taxonomy":"product_brand","embeddable":true,"href":"https:\/\/minghanggroup.com\/it\/wp-json\/wp\/v2\/product_brand?post=2132"},{"taxonomy":"product_cat","embeddable":true,"href":"https:\/\/minghanggroup.com\/it\/wp-json\/wp\/v2\/product_cat?post=2132"},{"taxonomy":"product_tag","embeddable":true,"href":"https:\/\/minghanggroup.com\/it\/wp-json\/wp\/v2\/product_tag?post=2132"}],"curies":[{"name":"wp","href":"https:\/\/api.w.org\/{rel}","templated":true}]}}