{"id":2127,"date":"2025-10-27T17:21:19","date_gmt":"2025-10-27T09:21:19","guid":{"rendered":"https:\/\/minghanggroup.com\/?post_type=product&#038;p=2127"},"modified":"2026-01-20T13:43:53","modified_gmt":"2026-01-20T05:43:53","slug":"round-glass-yogurt-jars-for-dessert","status":"publish","type":"product","link":"https:\/\/minghanggroup.com\/it\/prodotto\/round-glass-yogurt-jars-for-dessert\/","title":{"rendered":"Vasetti di yogurt in vetro a pancia rotonda da 100-300 ml per dessert e bevande"},"content":{"rendered":"<p>Basta accontentarsi di un packaging anonimo. Creiamo vasetti di yogurt in vetro su misura che rendono ogni pallina una delizia. Queste bottiglie di latte in vetro dallo stile retr\u00f2 combinano un fascino senza tempo con funzionalit\u00e0 moderne, perfette per yogurt, latte o succhi di frutta. Essendo il tuo produttore di fiducia di packaging in vetro, utilizziamo solo i migliori materiali per garantire che il tuo prodotto rimanga fresco pi\u00f9 a lungo.<\/p>\n<h2>Caratteristiche del prodotto<\/h2>\n<ol>\n<li><strong>Ciondolo rotondo vintage:<\/strong>Il tipo panciuto \u00e8 molto comodo da tenere in mano e far\u00e0 un&#039;ottima impressione sui clienti esposti sugli scaffali del negozio: i vostri clienti conserveranno questi vasetti di yogurt in vetro come ricordo.<\/li>\n<li><strong>Comodit\u00e0 della bocca larga:<\/strong>Facile da riempire e servire: niente pi\u00f9 schizzi di prodotto sui vasetti di yogurt. La soluzione migliore e pi\u00f9 comoda per l&#039;imbottigliamento di prodotti lattiero-caseari e l&#039;uso domestico.<\/li>\n<li><strong>Durevole e riutilizzabile:<\/strong>Il vetro spesso \u00e8 progettato per durare nel tempo e poter essere riutilizzato quotidianamente, riducendo cos\u00ec gli sprechi e aumentando al contempo la tua credibilit\u00e0 ecologica. Riutilizza questi barattoli di vetro per il latte per yogurt, succhi di frutta o anche come contenitori per bevande alla moda.<\/li>\n<\/ol>\n<h2>Specifiche chiave<\/h2>\n<table style=\"border-collapse: collapse; width: 80%; margin-left: auto; margin-right: auto;\" border=\"0\" width=\"288\" cellspacing=\"0\" cellpadding=\"0\">\n<tbody>\n<tr style=\"height: 13.50pt;\">\n<td style=\"height: 13.5pt; width: 54pt; text-align: center;\" width=\"72\" height=\"18\">Modello<\/td>\n<td style=\"width: 54pt; text-align: center;\" width=\"72\">Capacit\u00e0 (ml)<\/td>\n<td style=\"width: 54pt; text-align: center;\" width=\"72\">Dimensioni (cm)<\/td>\n<td style=\"width: 54pt; text-align: center;\" width=\"72\">Forma<\/td>\n<\/tr>\n<tr style=\"height: 13.50pt;\">\n<td style=\"height: 13.5pt; text-align: center;\" align=\"right\" height=\"18\">64010042<\/td>\n<td style=\"text-align: center;\" align=\"right\">100<\/td>\n<td style=\"text-align: center;\">6.4&#215;6.5<\/td>\n<td class=\"et2\" style=\"text-align: center;\" rowspan=\"3\">Girare<\/td>\n<\/tr>\n<tr style=\"height: 13.50pt;\">\n<td style=\"height: 13.5pt; text-align: center;\" align=\"right\" height=\"18\">64020043<\/td>\n<td style=\"text-align: center;\" align=\"right\">200<\/td>\n<td style=\"text-align: center;\">7.3&#215;7.2<\/td>\n<\/tr>\n<tr style=\"height: 13.50pt;\">\n<td style=\"height: 13.5pt; text-align: center;\" align=\"right\" height=\"18\">64030044<\/td>\n<td style=\"text-align: center;\" align=\"right\">300<\/td>\n<td style=\"text-align: center;\">8.3&#215;8.6<\/td>\n<\/tr>\n<\/tbody>\n<\/table>\n<h2>Caso di successo<\/h2>\n<p>Il nostro team ha collaborato con un marchio di dolciumi per creare un design personalizzato per una coppia di vasetti di yogurt in vetro arrotondati. Ogni vasetto da 200 ml ha una forma morbida che si sposa bene con il concetto di dessert del marchio. Il marchio ha optato per un coperchio in plastica beige caldo con silicone alimentare per mantenere il vasetto fresco e facilitarne l&#039;apertura.<\/p>\n<p>I barattoli sono stati rinnovati per attirare pi\u00f9 clienti sugli scaffali, con un logo minimalista in rilievo e un&#039;etichetta trasparente che rivela gli strati e la consistenza del dessert.<\/p>\n<p>Dopo il lancio del prodotto, il marchio ha registrato un aumento del 30% nel numero di acquisti ripetuti e un forte coinvolgimento online.<\/p>\n<h2>I tuoi suggerimenti per la personalizzazione<\/h2>\n<p>Perch\u00e9 non far s\u00ec che i tuoi vasetti di yogurt mettano in risalto il carattere del tuo marchio invece di limitarsi a un packaging standard? Condividi con noi la tua storia, che si tratti di &#034;Vaniglia Classica&#034; o &#034;Caramello Delizioso&#034;, e la renderemo visivamente accattivante. Puoi scegliere una finitura opaca o lucida, inserire un logo in rilievo o satinato e scegliere un coperchio in legno, metallo o in un colore pastello. Siamo qui per te. I tuoi vasetti di yogurt in vetro non sono solo un contenitore; sono il pezzo forte del tuo dessert. Lascia che li trasformiamo nel tuo stile distintivo.<\/p>","protected":false},"excerpt":{"rendered":"<p>Graziosi e sinuosi vasetti di yogurt in vetro con apertura larga per un facile riempimento e servizio. Perfetti per dessert cremosi o bevande a base di latte: personalizzali con il tuo stile.<\/p>","protected":false},"featured_media":2128,"template":"","meta":{"postBodyCss":"","postBodyMargin":[],"postBodyPadding":[],"postBodyBackground":{"backgroundType":"classic","gradient":""}},"product_brand":[],"product_cat":[15,16,46],"product_tag":[65,64,71],"class_list":{"0":"post-2127","1":"product","2":"type-product","3":"status-publish","4":"has-post-thumbnail","6":"product_cat-glass-containers","7":"product_cat-glass-bottles","8":"product_cat-glass-milk-bottles","9":"product_tag-glass-jam-jars","10":"product_tag-glass-yogurt-jars","11":"product_tag-honey-jars","13":"first","14":"instock","15":"shipping-taxable","16":"product-type-simple"},"jetpack_sharing_enabled":true,"_links":{"self":[{"href":"https:\/\/minghanggroup.com\/it\/wp-json\/wp\/v2\/product\/2127","targetHints":{"allow":["GET"]}}],"collection":[{"href":"https:\/\/minghanggroup.com\/it\/wp-json\/wp\/v2\/product"}],"about":[{"href":"https:\/\/minghanggroup.com\/it\/wp-json\/wp\/v2\/types\/product"}],"wp:featuredmedia":[{"embeddable":true,"href":"https:\/\/minghanggroup.com\/it\/wp-json\/wp\/v2\/media\/2128"}],"wp:attachment":[{"href":"https:\/\/minghanggroup.com\/it\/wp-json\/wp\/v2\/media?parent=2127"}],"wp:term":[{"taxonomy":"product_brand","embeddable":true,"href":"https:\/\/minghanggroup.com\/it\/wp-json\/wp\/v2\/product_brand?post=2127"},{"taxonomy":"product_cat","embeddable":true,"href":"https:\/\/minghanggroup.com\/it\/wp-json\/wp\/v2\/product_cat?post=2127"},{"taxonomy":"product_tag","embeddable":true,"href":"https:\/\/minghanggroup.com\/it\/wp-json\/wp\/v2\/product_tag?post=2127"}],"curies":[{"name":"wp","href":"https:\/\/api.w.org\/{rel}","templated":true}]}}