{"id":2119,"date":"2025-10-27T16:00:54","date_gmt":"2025-10-27T08:00:54","guid":{"rendered":"https:\/\/minghanggroup.com\/?post_type=product&#038;p=2119"},"modified":"2025-10-27T16:01:11","modified_gmt":"2025-10-27T08:01:11","slug":"custom-glass-milk-bottles-for-pudding","status":"publish","type":"product","link":"https:\/\/minghanggroup.com\/it\/prodotto\/custom-glass-milk-bottles-for-pudding\/","title":{"rendered":"Bottiglie di latte in vetro personalizzate quadrate per budino e bevande"},"content":{"rendered":"<p>Il tuo marchio di prodotti lattiero-caseari ha bisogno di un packaging che faccia davvero fermare i clienti a met\u00e0 lettura. Realizziamo bottiglie di latte in vetro personalizzate che trasformano ogni versata in un momento di puro piacere. Queste bottiglie di latte quadrate in vetro con coperchio uniscono un design moderno a un fascino senza tempo, perfette per latte, yogurt o succhi di frutta. Come produttore di fiducia di packaging in vetro, ci riforniamo dei materiali pi\u00f9 freschi per mantenere il sapore del tuo prodotto pi\u00f9 a lungo.<\/p>\n<h2>Caratteristiche del prodotto<\/h2>\n<ol>\n<li><strong>Design quadrato elegante:<\/strong>La forma squadrata e affilata del corpo conferisce un aspetto moderno e di alta qualit\u00e0, rendendo inoltre pi\u00f9 efficiente la disposizione degli scaffali e pi\u00f9 semplice l&#039;etichettatura.<\/li>\n<li><strong>Utilizzo versatile<\/strong>:Il prodotto viene utilizzato principalmente per confezionare latte, budini, yogurt, cold brew o succhi di frutta, ed \u00e8 perfetto anche per la vendita al dettaglio e la presentazione nei bar.<\/li>\n<li><strong>Opzioni personalizzabili:<\/strong>Il prodotto pu\u00f2 avere un coperchio in metallo, plastica o legno e pu\u00f2 anche supportare la stampa del logo personalizzato, la goffratura o la finitura satinata.<\/li>\n<\/ol>\n<h2>Specifiche chiave<\/h2>\n<table style=\"border-collapse: collapse; width: 80%; margin-left: auto; margin-right: auto;\" border=\"0\" width=\"288\" cellspacing=\"0\" cellpadding=\"0\">\n<tbody>\n<tr style=\"height: 13.50pt;\">\n<td style=\"height: 13.5pt; width: 54pt; text-align: center;\" width=\"72\" height=\"18\">Modello<\/td>\n<td style=\"width: 54pt; text-align: center;\" width=\"72\">Capacit\u00e0 (ml)<\/td>\n<td style=\"width: 54pt; text-align: center;\" width=\"72\">Dimensioni (cm)<\/td>\n<td style=\"width: 54pt; text-align: center;\" width=\"72\">Forma<\/td>\n<\/tr>\n<tr style=\"height: 13.50pt;\">\n<td style=\"height: 13.5pt; text-align: center;\" align=\"right\" height=\"18\">64010040<\/td>\n<td style=\"text-align: center;\" align=\"right\">100<\/td>\n<td style=\"text-align: center;\">5,0\u00d75,0x9,6<\/td>\n<td class=\"et2\" style=\"text-align: center;\" rowspan=\"2\">Piazza<\/td>\n<\/tr>\n<tr style=\"height: 13.50pt;\">\n<td style=\"height: 13.5pt; text-align: center;\" align=\"right\" height=\"18\">64035041<\/td>\n<td style=\"text-align: center;\" align=\"right\">350<\/td>\n<td style=\"text-align: center;\">6,0\u00d76,0x16,1<\/td>\n<\/tr>\n<\/tbody>\n<\/table>\n<h2>Caso di successo<\/h2>\n<p>Un marchio di latticini boutique ha collaborato con noi per progettare una bottiglia di vetro quadrata unica nel suo genere per la sua nuova linea di latte freddo biologico e dessert al cucchiaio. Ogni bottiglia da 100 ml \u00e8 accuratamente progettata con linee geometriche semplici e un fondo di vetro profondo. Un fragile tappo di legno garantisce una tenuta stagna e il logo del marchio \u00e8 decorato in rilievo sulla parte anteriore, riflettendo l&#039;arte e il carattere distintivo del marchio. Inoltre, la bottiglia presenta un&#039;elegante finitura opaca sfumata, che esalta l&#039;attrattiva del prodotto sullo scaffale e lo distingue dagli altri.<\/p>\n<p>Dopo il rilancio del prodotto, le vendite sono aumentate del 40% e i clienti stanno lasciando ottime recensioni sulla bottiglia in termini di resistenza e riutilizzabilit\u00e0.<\/p>\n<h2>I tuoi suggerimenti per la personalizzazione<\/h2>\n<p>Non confonderti con un packaging mediocre: una bottiglia di latte quadrata in vetro pu\u00f2 essere il volto del tuo marchio. Condividi con noi la tua storia, che sia &#034;Fresco dalla fattoria biologica&#034; o &#034;Elegante dal caff\u00e8 moderno&#034;, e la materializzeremo con una finitura satinata, un logo in rilievo o un rivestimento sfumato. Cerchi un volume personalizzato come 100 ml o 350 ml? Progetteremo uno stampo appositamente per la tua linea di prodotti. Scegli tappi sigillati in alluminio, sughero o bamb\u00f9 per la tua bottiglia; per tutte queste opzioni \u00e8 disponibile anche l&#039;incisione del logo. Lasciaci trasformare la tua bottiglia di vetro quadrata in un fantastico design riutilizzabile.<\/p>","protected":false},"excerpt":{"rendered":"<p>Eleganti bottiglie di vetro quadrate personalizzate per yogurt e succhi di frutta. Le bottiglie di vetro per il latte sono personalizzabili con coperchi, colori e stampa del logo per valorizzare l&#039;identit\u00e0 del tuo marchio.<\/p>","protected":false},"featured_media":2120,"template":"","meta":{"postBodyCss":"","postBodyMargin":[],"postBodyPadding":[],"postBodyBackground":{"backgroundType":"classic","gradient":""}},"product_brand":[],"product_cat":[15,16,46],"product_tag":[],"class_list":{"0":"post-2119","1":"product","2":"type-product","3":"status-publish","4":"has-post-thumbnail","6":"product_cat-glass-containers","7":"product_cat-glass-bottles","8":"product_cat-glass-milk-bottles","10":"first","11":"instock","12":"shipping-taxable","13":"product-type-simple"},"jetpack_sharing_enabled":true,"_links":{"self":[{"href":"https:\/\/minghanggroup.com\/it\/wp-json\/wp\/v2\/product\/2119","targetHints":{"allow":["GET"]}}],"collection":[{"href":"https:\/\/minghanggroup.com\/it\/wp-json\/wp\/v2\/product"}],"about":[{"href":"https:\/\/minghanggroup.com\/it\/wp-json\/wp\/v2\/types\/product"}],"wp:featuredmedia":[{"embeddable":true,"href":"https:\/\/minghanggroup.com\/it\/wp-json\/wp\/v2\/media\/2120"}],"wp:attachment":[{"href":"https:\/\/minghanggroup.com\/it\/wp-json\/wp\/v2\/media?parent=2119"}],"wp:term":[{"taxonomy":"product_brand","embeddable":true,"href":"https:\/\/minghanggroup.com\/it\/wp-json\/wp\/v2\/product_brand?post=2119"},{"taxonomy":"product_cat","embeddable":true,"href":"https:\/\/minghanggroup.com\/it\/wp-json\/wp\/v2\/product_cat?post=2119"},{"taxonomy":"product_tag","embeddable":true,"href":"https:\/\/minghanggroup.com\/it\/wp-json\/wp\/v2\/product_tag?post=2119"}],"curies":[{"name":"wp","href":"https:\/\/api.w.org\/{rel}","templated":true}]}}